{"id":234,"date":"2008-11-26T02:46:02","date_gmt":"2008-11-26T00:46:02","guid":{"rendered":"http:\/\/la-ex.net\/?page_id=234"},"modified":"2011-03-24T17:34:03","modified_gmt":"2011-03-24T16:34:03","slug":"8-cosas-que-hay-que-pedir","status":"publish","type":"page","link":"https:\/\/xnet-x.net\/ca\/la-avaricia\/8-cosas-que-hay-que-pedir\/","title":{"rendered":"8 cosas que hay que pedir"},"content":{"rendered":"<p>[Per falta de temps i recursos, la traducci\u00f3 al catal\u00e0 d&#8217;aquesta web no est\u00e0 acabada. Si trobes interessants alguns dels nostres documents i tens temps de traduir-los, ens ho pot enviar (si us plau, reproduint la maquetaci\u00f3). Moltes gr\u00e0cies!]<\/p>\n<p><strong><br \/>\n8 medidas necesarias y urgentes para proteger e impulsar la sociedad del conocimiento en beneficio de tod@s (tod@s de verdad ;))<\/strong> <a href=\"\/la-avaricia\" target=\"_blank\">[Texto completo aqu\u00ed]<\/a><\/p>\n<p>1.    Considerar cualquier recorte a las redes de intercambio de archivos (redes P2P) como un acto de oscurantismo y un atentado contra los derechos democr\u00e1ticos fundamentales garantizados por nuestra constituci\u00f3n y por innumerables tratados internacionales que el estado espa\u00f1ol ha ratificado. Nuestros derechos al conocimiento, al aprendizaje, al acceso a la cultura y a la libertad de expresi\u00f3n se ver\u00edan gravemente socavados si se limitaran las herramientas de las que dispone actualmente la sociedad.<\/p>\n<p>2.    Que las entidades de gesti\u00f3n pasen a ser lo que son: entidades privadas que gestionan S\u00d3LO Y EXCLUSIVAMENTE las \u201ccuentas\u201d de sus socios o sea los derechos de explotaci\u00f3n de una parte de los artistas. Que, como toda entidad privada, se permita la libre competencia y que bajo ning\u00fan concepto se consienta que entidades privadas hurguen en la privacidad y en los bolsillos de los ciudadanos y menos que se utilicen bienes y suelo p\u00fablico para sus beneficios privados (v\u00e9ase entre miles el ejemplo de la Torre de la M\u00fasica de Valencia). Que autores y editores no sean representados por la misma entidad como a los tiempos del sindicado vertical, que todos los socios pueden votar, claro est\u00e1, y sobre todo que las entidades de gesti\u00f3n gestionen \u00fanicamente las creaciones registradas, permitiendo as\u00ed el uso de licencias libres.<\/p>\n<p>3.    Siendo las royalties al fin y al cabo un asunto entre editores, productores y autores, que los creadores sean pagados de forma equitativa sean o no socios de entidades de gesti\u00f3n. Que los artistas cobren, si as\u00ed lo desean, principalmente por su creaci\u00f3n y no por la explotaci\u00f3n que genera.<\/p>\n<p>4.    Abolici\u00f3n inmediata del canon digital, extra\u00f1o diezmo que sanciona indiscriminadamente a la ciudadan\u00eda en nombre de la \u201ccompensaci\u00f3n a la creaci\u00f3n&#8221; intentando penalizar una conducta que no es en ning\u00fan caso delictiva. Los beneficios de est\u00e1 recaudaci\u00f3n adem\u00e1s pasan a manos de unas pocas personas privadas que raras veces son creadores y menos de algo relacionado con el mundo de la cultura. Insinuar \u201cdelitos\u201d donde no los hay y luego cobrar a los \u201csospechosos\u201d es propio de las dictaduras. Abolici\u00f3n del concepto de compensaci\u00f3n por copia privada, asumiendo en su plenitud el derecho la copia privada como intr\u00ednseco a la propia memoria humana desde la invenci\u00f3n de internet.<\/p>\n<p>5.    Que una obra pase a ser de Dominio P\u00fablico en unos plazos beneficiosos para la creaci\u00f3n y la sociedad. Permitir que m\u00e1s de una generaci\u00f3n viva del trabajo de alguien, es un forma de fomentar el parasitismo y el estancamiento creativo, desactivando la reinversi\u00f3n y m\u00e1s considerando que una medida pensada para favorecer a las personas en realidad beneficia principalmente grandes multinacionales que desvirt\u00faan la creaci\u00f3n primigenia. Pedimos el paso al dominio p\u00fablico en un periodo tiempo razonable, dependiendo del tipo de creaci\u00f3n, con un m\u00e1ximo de 30 a\u00f1os.<\/p>\n<p>6.    Defender el \u201cderecho a cita\u201d como veh\u00edculo de crecimiento democr\u00e1tico de la sociedad de la informaci\u00f3n.<\/p>\n<p>7.    Eliminar el concepto de \u201clucro cesante\u201d en todo lo que concierne a la producci\u00f3n cultural.<\/p>\n<p>8.    Eliminar la obligatoriedad del cobro de la compensaci\u00f3n por comunicaci\u00f3n p\u00fablica.<\/p>\n<p>http:\/\/xnet-x.net<\/p>\n<p>julio-octubre 2008<\/p>","protected":false},"excerpt":{"rendered":"<p>[Per falta de temps i recursos, la traducci\u00f3 al catal\u00e0 d&#8217;aquesta web no est\u00e0 acabada. Si trobes interessants alguns dels nostres documents i tens temps de traduir-los, ens ho pot enviar (si us plau, reproduint la maquetaci\u00f3). Moltes gr\u00e0cies!] 8 medidas necesarias y urgentes para proteger e impulsar la sociedad del conocimiento en beneficio de [&hellip;]<\/p>\n","protected":false},"author":5,"featured_media":0,"parent":125,"menu_order":0,"comment_status":"open","ping_status":"closed","template":"","meta":{"footnotes":""},"class_list":["post-234","page","type-page","status-publish","hentry"],"yoast_head":"<!-- This site is optimized with the Yoast SEO plugin v26.7 - https:\/\/yoast.com\/wordpress\/plugins\/seo\/ -->\n<title>8 cosas que hay que pedir -<\/title>\n<meta name=\"robots\" content=\"index, follow, max-snippet:-1, max-image-preview:large, max-video-preview:-1\" \/>\n<link rel=\"canonical\" href=\"https:\/\/xnet-x.net\/ca\/la-avaricia\/8-cosas-que-hay-que-pedir\/\" \/>\n<meta name=\"twitter:label1\" content=\"Est. reading time\" \/>\n\t<meta name=\"twitter:data1\" content=\"6 minutes\" \/>\n<script type=\"application\/ld+json\" class=\"yoast-schema-graph\">{\"@context\":\"https:\/\/schema.org\",\"@graph\":[{\"@type\":\"WebPage\",\"@id\":\"https:\/\/xnet-x.net\/ca\/la-avaricia\/8-cosas-que-hay-que-pedir\/\",\"url\":\"https:\/\/xnet-x.net\/ca\/la-avaricia\/8-cosas-que-hay-que-pedir\/\",\"name\":\"8 cosas que hay que pedir -\",\"isPartOf\":{\"@id\":\"https:\/\/xnet-x.net\/ca\/#website\"},\"datePublished\":\"2008-11-26T00:46:02+00:00\",\"dateModified\":\"2011-03-24T16:34:03+00:00\",\"breadcrumb\":{\"@id\":\"https:\/\/xnet-x.net\/ca\/la-avaricia\/8-cosas-que-hay-que-pedir\/#breadcrumb\"},\"inLanguage\":\"ca-ES\",\"potentialAction\":[{\"@type\":\"ReadAction\",\"target\":[[\"https:\/\/xnet-x.net\/ca\/la-avaricia\/8-cosas-que-hay-que-pedir\/\"]]}]},{\"@type\":\"BreadcrumbList\",\"@id\":\"https:\/\/xnet-x.net\/ca\/la-avaricia\/8-cosas-que-hay-que-pedir\/#breadcrumb\",\"itemListElement\":[{\"@type\":\"ListItem\",\"position\":1,\"name\":\"Portada\",\"item\":\"https:\/\/xnet-x.net\/ca\/\"},{\"@type\":\"ListItem\",\"position\":2,\"name\":\"La Avaricia\",\"item\":\"https:\/\/xnet-x.net\/ca\/la-avaricia\/\"},{\"@type\":\"ListItem\",\"position\":3,\"name\":\"8 cosas que hay que pedir\"}]},{\"@type\":\"WebSite\",\"@id\":\"https:\/\/xnet-x.net\/ca\/#website\",\"url\":\"https:\/\/xnet-x.net\/ca\/\",\"name\":\"[:es]Xnet - Internet, derechos y democracia en la era digital[:ca]Xnet - Internet, drets i democr\u00e0cia en l'era digital[:en]Xnet - Internet freedoms & digital rights[:]\",\"description\":\"Xnet: Internet, informaci\u00f3 i cultura lliures. Tecnopol\u00edtica. Dades, algoritmes i drets digitals. Llibertat d&#039;expressi\u00f3. Democr\u00e0cia i anticorrupci\u00f3\",\"publisher\":{\"@id\":\"https:\/\/xnet-x.net\/ca\/#organization\"},\"potentialAction\":[{\"@type\":\"SearchAction\",\"target\":{\"@type\":\"EntryPoint\",\"urlTemplate\":\"https:\/\/xnet-x.net\/ca\/?s={search_term_string}\"},\"query-input\":{\"@type\":\"PropertyValueSpecification\",\"valueRequired\":true,\"valueName\":\"search_term_string\"}}],\"inLanguage\":\"ca-ES\"},{\"@type\":\"Organization\",\"@id\":\"https:\/\/xnet-x.net\/ca\/#organization\",\"name\":\"Xnet - Internet, drets i democr\u00e0cia en l'era digital\",\"url\":\"https:\/\/xnet-x.net\/ca\/\",\"logo\":{\"@type\":\"ImageObject\",\"inLanguage\":\"ca-ES\",\"@id\":\"https:\/\/xnet-x.net\/ca\/#\/schema\/logo\/image\/\",\"url\":\"https:\/\/xnet-x.net\/img\/xnet-logo.png\",\"contentUrl\":\"https:\/\/xnet-x.net\/img\/xnet-logo.png\",\"width\":512,\"height\":512,\"caption\":\"Xnet - Internet, drets i democr\u00e0cia en l'era digital\"},\"image\":{\"@id\":\"https:\/\/xnet-x.net\/ca\/#\/schema\/logo\/image\/\"},\"sameAs\":[\"http:\/\/facebook.com\/RedX.Net\/\",\"https:\/\/x.com\/x_net_\",\"https:\/\/es.wikipedia.org\/wiki\/Xnet\"]}]}<\/script>\n<!-- \/ Yoast SEO plugin. -->","yoast_head_json":{"title":"8 cosas que hay que pedir -","robots":{"index":"index","follow":"follow","max-snippet":"max-snippet:-1","max-image-preview":"max-image-preview:large","max-video-preview":"max-video-preview:-1"},"canonical":"https:\/\/xnet-x.net\/ca\/la-avaricia\/8-cosas-que-hay-que-pedir\/","twitter_misc":{"Est. reading time":"6 minutes"},"schema":{"@context":"https:\/\/schema.org","@graph":[{"@type":"WebPage","@id":"https:\/\/xnet-x.net\/ca\/la-avaricia\/8-cosas-que-hay-que-pedir\/","url":"https:\/\/xnet-x.net\/ca\/la-avaricia\/8-cosas-que-hay-que-pedir\/","name":"8 cosas que hay que pedir -","isPartOf":{"@id":"https:\/\/xnet-x.net\/ca\/#website"},"datePublished":"2008-11-26T00:46:02+00:00","dateModified":"2011-03-24T16:34:03+00:00","breadcrumb":{"@id":"https:\/\/xnet-x.net\/ca\/la-avaricia\/8-cosas-que-hay-que-pedir\/#breadcrumb"},"inLanguage":"ca-ES","potentialAction":[{"@type":"ReadAction","target":[["https:\/\/xnet-x.net\/ca\/la-avaricia\/8-cosas-que-hay-que-pedir\/"]]}]},{"@type":"BreadcrumbList","@id":"https:\/\/xnet-x.net\/ca\/la-avaricia\/8-cosas-que-hay-que-pedir\/#breadcrumb","itemListElement":[{"@type":"ListItem","position":1,"name":"Portada","item":"https:\/\/xnet-x.net\/ca\/"},{"@type":"ListItem","position":2,"name":"La Avaricia","item":"https:\/\/xnet-x.net\/ca\/la-avaricia\/"},{"@type":"ListItem","position":3,"name":"8 cosas que hay que pedir"}]},{"@type":"WebSite","@id":"https:\/\/xnet-x.net\/ca\/#website","url":"https:\/\/xnet-x.net\/ca\/","name":"[:es]Xnet - Internet, derechos y democracia en la era digital[:ca]Xnet - Internet, drets i democr\u00e0cia en l'era digital[:en]Xnet - Internet freedoms & digital rights[:]","description":"Xnet: Internet, informaci\u00f3 i cultura lliures. Tecnopol\u00edtica. Dades, algoritmes i drets digitals. Llibertat d&#039;expressi\u00f3. Democr\u00e0cia i anticorrupci\u00f3","publisher":{"@id":"https:\/\/xnet-x.net\/ca\/#organization"},"potentialAction":[{"@type":"SearchAction","target":{"@type":"EntryPoint","urlTemplate":"https:\/\/xnet-x.net\/ca\/?s={search_term_string}"},"query-input":{"@type":"PropertyValueSpecification","valueRequired":true,"valueName":"search_term_string"}}],"inLanguage":"ca-ES"},{"@type":"Organization","@id":"https:\/\/xnet-x.net\/ca\/#organization","name":"Xnet - Internet, drets i democr\u00e0cia en l'era digital","url":"https:\/\/xnet-x.net\/ca\/","logo":{"@type":"ImageObject","inLanguage":"ca-ES","@id":"https:\/\/xnet-x.net\/ca\/#\/schema\/logo\/image\/","url":"https:\/\/xnet-x.net\/img\/xnet-logo.png","contentUrl":"https:\/\/xnet-x.net\/img\/xnet-logo.png","width":512,"height":512,"caption":"Xnet - Internet, drets i democr\u00e0cia en l'era digital"},"image":{"@id":"https:\/\/xnet-x.net\/ca\/#\/schema\/logo\/image\/"},"sameAs":["http:\/\/facebook.com\/RedX.Net\/","https:\/\/x.com\/x_net_","https:\/\/es.wikipedia.org\/wiki\/Xnet"]}]}},"_links":{"self":[{"href":"https:\/\/xnet-x.net\/ca\/wp-json\/wp\/v2\/pages\/234","targetHints":{"allow":["GET"]}}],"collection":[{"href":"https:\/\/xnet-x.net\/ca\/wp-json\/wp\/v2\/pages"}],"about":[{"href":"https:\/\/xnet-x.net\/ca\/wp-json\/wp\/v2\/types\/page"}],"author":[{"embeddable":true,"href":"https:\/\/xnet-x.net\/ca\/wp-json\/wp\/v2\/users\/5"}],"replies":[{"embeddable":true,"href":"https:\/\/xnet-x.net\/ca\/wp-json\/wp\/v2\/comments?post=234"}],"version-history":[{"count":1,"href":"https:\/\/xnet-x.net\/ca\/wp-json\/wp\/v2\/pages\/234\/revisions"}],"predecessor-version":[{"id":3613,"href":"https:\/\/xnet-x.net\/ca\/wp-json\/wp\/v2\/pages\/234\/revisions\/3613"}],"up":[{"embeddable":true,"href":"https:\/\/xnet-x.net\/ca\/wp-json\/wp\/v2\/pages\/125"}],"wp:attachment":[{"href":"https:\/\/xnet-x.net\/ca\/wp-json\/wp\/v2\/media?parent=234"}],"curies":[{"name":"wp","href":"https:\/\/api.w.org\/{rel}","templated":true}]}}