{"id":230,"date":"2008-11-26T00:02:02","date_gmt":"2008-11-25T22:02:02","guid":{"rendered":"http:\/\/la-ex.net\/?page_id=230"},"modified":"2017-09-03T20:47:39","modified_gmt":"2017-09-03T19:47:39","slug":"las-categorias-y-los-exponsors","status":"publish","type":"page","link":"https:\/\/xnet-x.net\/ca\/los-oxcars\/las-categorias-y-los-exponsors\/","title":{"rendered":"Las categor\u00edas y los eXponsors"},"content":{"rendered":"<p>[Per falta de temps i recursos, la traducci\u00f3 al catal\u00e0 d&#8217;aquesta web no est\u00e0 acabada. Si trobes interessants alguns dels nostres documents i tens temps de traduir-los, ens ho pot enviar (si us plau, reproduint la maquetaci\u00f3). Moltes gr\u00e0cies!]<\/p>\n<p>Nominadas  las siguientes categor\u00edas:<br \/>\n<object classid=\"clsid:d27cdb6e-ae6d-11cf-96b8-444553540000\" width=\"500\" height=\"350\" codebase=\"http:\/\/download.macromedia.com\/pub\/shockwave\/cabs\/flash\/swflash.cab#version=6,0,40,0\"><param name=\"allowFullScreen\" value=\"true\" \/><param name=\"allowscriptaccess\" value=\"always\" \/><param name=\"src\" value=\"https:\/\/www.youtube.com\/v\/HbzDf4IAWps&amp;hl=es&amp;fs=1\" \/><embed type=\"application\/x-shockwave-flash\" width=\"500\" height=\"350\" src=\"https:\/\/www.youtube.com\/v\/HbzDf4IAWps&amp;hl=es&amp;fs=1\" allowscriptaccess=\"always\" allowfullscreen=\"true\"><\/embed><\/object><\/p>\n<p><em><strong>&#8211; M\u00fasica y espect\u00e1culo Audiovisual (GRAN CONCIERTO FINAL):<\/strong><\/em> Matt Black (Cold Cut), Griffi, La M\u00e0quina de Turing, K-sero + offtv; Filastine\u2026<\/p>\n<p><em><strong>&#8211; Premio Demanda seguro:<\/strong><\/em> Leo Bassi<\/p>\n<p><em><strong>&#8211; Categor\u00eda Literatura:<\/strong><\/em> WuMing<\/p>\n<p><em><strong>&#8211; Premio Galileo Galilei:<\/strong><\/em> Pablo Soto<\/p>\n<p><em><strong>&#8211; Categor\u00eda Mercados de futuro:<\/strong><\/em> 127 y Enrique Sierra<\/p>\n<p><em><strong>&#8211; Millones de audiencia en tu habitaci\u00f3n:<\/strong><\/em> Brent Simon<\/p>\n<p><em><strong>&#8211; Categor\u00eda Animaci\u00f3n:<\/strong><\/em> Blender Foundation<\/p>\n<p><em><strong>&#8211; Categor\u00eda Cine:<\/strong><\/em> Guillermo Zapata<\/p>\n<p><strong>Adem\u00e1s de la presentaci\u00f3n del libro colectivo de los oXcars <em>\u201cLos piratas son los padres\u201d (<\/em><\/strong><a href=\"\/los-oxcars\/programa\/pirataslospadres\">desc\u00e1rgatelo aqu\u00ed)<\/a> <strong>y del juego<\/strong> <strong><em>&#8220;Free Culture&#8221; <\/em><\/strong><a href=\"\/los-oxcars\/programa\/molleindustria\" target=\"_blank\"><strong><em>(<\/em><\/strong>desc\u00e1rgatelo aqu\u00ed)<\/a><\/p>\n<p>Los eXponsors de los oXcars:<br \/>\n<object classid=\"clsid:d27cdb6e-ae6d-11cf-96b8-444553540000\" width=\"500\" height=\"350\" codebase=\"http:\/\/download.macromedia.com\/pub\/shockwave\/cabs\/flash\/swflash.cab#version=6,0,40,0\"><param name=\"allowFullScreen\" value=\"true\" \/><param name=\"allowscriptaccess\" value=\"always\" \/><param name=\"src\" value=\"https:\/\/www.youtube.com\/v\/hkotLqLJUkI&amp;hl=es&amp;fs=1\" \/><embed type=\"application\/x-shockwave-flash\" width=\"500\" height=\"350\" src=\"https:\/\/www.youtube.com\/v\/hkotLqLJUkI&amp;hl=es&amp;fs=1\" allowscriptaccess=\"always\" allowfullscreen=\"true\"><\/embed><\/object><\/p>","protected":false},"excerpt":{"rendered":"<p>[Per falta de temps i recursos, la traducci\u00f3 al catal\u00e0 d&#8217;aquesta web no est\u00e0 acabada. Si trobes interessants alguns dels nostres documents i tens temps de traduir-los, ens ho pot enviar (si us plau, reproduint la maquetaci\u00f3). Moltes gr\u00e0cies!] Nominadas las siguientes categor\u00edas: &#8211; M\u00fasica y espect\u00e1culo Audiovisual (GRAN CONCIERTO FINAL): Matt Black (Cold Cut), [&hellip;]<\/p>\n","protected":false},"author":5,"featured_media":0,"parent":12769,"menu_order":0,"comment_status":"open","ping_status":"closed","template":"","meta":{"footnotes":""},"class_list":["post-230","page","type-page","status-publish","hentry"],"yoast_head":"<!-- This site is optimized with the Yoast SEO plugin v26.7 - https:\/\/yoast.com\/wordpress\/plugins\/seo\/ -->\n<title>Las categor\u00edas y los eXponsors -<\/title>\n<meta name=\"robots\" content=\"index, follow, max-snippet:-1, max-image-preview:large, max-video-preview:-1\" \/>\n<link rel=\"canonical\" href=\"https:\/\/xnet-x.net\/ca\/los-oxcars\/las-categorias-y-los-exponsors\/\" \/>\n<meta name=\"twitter:label1\" content=\"Est. reading time\" \/>\n\t<meta name=\"twitter:data1\" content=\"1 minute\" \/>\n<script type=\"application\/ld+json\" class=\"yoast-schema-graph\">{\"@context\":\"https:\/\/schema.org\",\"@graph\":[{\"@type\":\"WebPage\",\"@id\":\"https:\/\/xnet-x.net\/ca\/los-oxcars\/las-categorias-y-los-exponsors\/\",\"url\":\"https:\/\/xnet-x.net\/ca\/los-oxcars\/las-categorias-y-los-exponsors\/\",\"name\":\"Las categor\u00edas y los eXponsors -\",\"isPartOf\":{\"@id\":\"https:\/\/xnet-x.net\/ca\/#website\"},\"datePublished\":\"2008-11-25T22:02:02+00:00\",\"dateModified\":\"2017-09-03T19:47:39+00:00\",\"breadcrumb\":{\"@id\":\"https:\/\/xnet-x.net\/ca\/los-oxcars\/las-categorias-y-los-exponsors\/#breadcrumb\"},\"inLanguage\":\"ca-ES\",\"potentialAction\":[{\"@type\":\"ReadAction\",\"target\":[[\"https:\/\/xnet-x.net\/ca\/los-oxcars\/las-categorias-y-los-exponsors\/\"]]}]},{\"@type\":\"BreadcrumbList\",\"@id\":\"https:\/\/xnet-x.net\/ca\/los-oxcars\/las-categorias-y-los-exponsors\/#breadcrumb\",\"itemListElement\":[{\"@type\":\"ListItem\",\"position\":1,\"name\":\"Portada\",\"item\":\"https:\/\/xnet-x.net\/ca\/\"},{\"@type\":\"ListItem\",\"position\":2,\"name\":\"Los OXcars\",\"item\":\"https:\/\/xnet-x.net\/ca\/los-oxcars\/\"},{\"@type\":\"ListItem\",\"position\":3,\"name\":\"Las categor\u00edas y los eXponsors\"}]},{\"@type\":\"WebSite\",\"@id\":\"https:\/\/xnet-x.net\/ca\/#website\",\"url\":\"https:\/\/xnet-x.net\/ca\/\",\"name\":\"[:es]Xnet - Internet, derechos y democracia en la era digital[:ca]Xnet - Internet, drets i democr\u00e0cia en l'era digital[:en]Xnet - Internet freedoms & digital rights[:]\",\"description\":\"Xnet: Internet, informaci\u00f3 i cultura lliures. Tecnopol\u00edtica. Dades, algoritmes i drets digitals. Llibertat d&#039;expressi\u00f3. Democr\u00e0cia i anticorrupci\u00f3\",\"publisher\":{\"@id\":\"https:\/\/xnet-x.net\/ca\/#organization\"},\"potentialAction\":[{\"@type\":\"SearchAction\",\"target\":{\"@type\":\"EntryPoint\",\"urlTemplate\":\"https:\/\/xnet-x.net\/ca\/?s={search_term_string}\"},\"query-input\":{\"@type\":\"PropertyValueSpecification\",\"valueRequired\":true,\"valueName\":\"search_term_string\"}}],\"inLanguage\":\"ca-ES\"},{\"@type\":\"Organization\",\"@id\":\"https:\/\/xnet-x.net\/ca\/#organization\",\"name\":\"Xnet - Internet, drets i democr\u00e0cia en l'era digital\",\"url\":\"https:\/\/xnet-x.net\/ca\/\",\"logo\":{\"@type\":\"ImageObject\",\"inLanguage\":\"ca-ES\",\"@id\":\"https:\/\/xnet-x.net\/ca\/#\/schema\/logo\/image\/\",\"url\":\"https:\/\/xnet-x.net\/img\/xnet-logo.png\",\"contentUrl\":\"https:\/\/xnet-x.net\/img\/xnet-logo.png\",\"width\":512,\"height\":512,\"caption\":\"Xnet - Internet, drets i democr\u00e0cia en l'era digital\"},\"image\":{\"@id\":\"https:\/\/xnet-x.net\/ca\/#\/schema\/logo\/image\/\"},\"sameAs\":[\"http:\/\/facebook.com\/RedX.Net\/\",\"https:\/\/x.com\/x_net_\",\"https:\/\/es.wikipedia.org\/wiki\/Xnet\"]}]}<\/script>\n<!-- \/ Yoast SEO plugin. -->","yoast_head_json":{"title":"Las categor\u00edas y los eXponsors -","robots":{"index":"index","follow":"follow","max-snippet":"max-snippet:-1","max-image-preview":"max-image-preview:large","max-video-preview":"max-video-preview:-1"},"canonical":"https:\/\/xnet-x.net\/ca\/los-oxcars\/las-categorias-y-los-exponsors\/","twitter_misc":{"Est. reading time":"1 minute"},"schema":{"@context":"https:\/\/schema.org","@graph":[{"@type":"WebPage","@id":"https:\/\/xnet-x.net\/ca\/los-oxcars\/las-categorias-y-los-exponsors\/","url":"https:\/\/xnet-x.net\/ca\/los-oxcars\/las-categorias-y-los-exponsors\/","name":"Las categor\u00edas y los eXponsors -","isPartOf":{"@id":"https:\/\/xnet-x.net\/ca\/#website"},"datePublished":"2008-11-25T22:02:02+00:00","dateModified":"2017-09-03T19:47:39+00:00","breadcrumb":{"@id":"https:\/\/xnet-x.net\/ca\/los-oxcars\/las-categorias-y-los-exponsors\/#breadcrumb"},"inLanguage":"ca-ES","potentialAction":[{"@type":"ReadAction","target":[["https:\/\/xnet-x.net\/ca\/los-oxcars\/las-categorias-y-los-exponsors\/"]]}]},{"@type":"BreadcrumbList","@id":"https:\/\/xnet-x.net\/ca\/los-oxcars\/las-categorias-y-los-exponsors\/#breadcrumb","itemListElement":[{"@type":"ListItem","position":1,"name":"Portada","item":"https:\/\/xnet-x.net\/ca\/"},{"@type":"ListItem","position":2,"name":"Los OXcars","item":"https:\/\/xnet-x.net\/ca\/los-oxcars\/"},{"@type":"ListItem","position":3,"name":"Las categor\u00edas y los eXponsors"}]},{"@type":"WebSite","@id":"https:\/\/xnet-x.net\/ca\/#website","url":"https:\/\/xnet-x.net\/ca\/","name":"[:es]Xnet - Internet, derechos y democracia en la era digital[:ca]Xnet - Internet, drets i democr\u00e0cia en l'era digital[:en]Xnet - Internet freedoms & digital rights[:]","description":"Xnet: Internet, informaci\u00f3 i cultura lliures. Tecnopol\u00edtica. Dades, algoritmes i drets digitals. Llibertat d&#039;expressi\u00f3. Democr\u00e0cia i anticorrupci\u00f3","publisher":{"@id":"https:\/\/xnet-x.net\/ca\/#organization"},"potentialAction":[{"@type":"SearchAction","target":{"@type":"EntryPoint","urlTemplate":"https:\/\/xnet-x.net\/ca\/?s={search_term_string}"},"query-input":{"@type":"PropertyValueSpecification","valueRequired":true,"valueName":"search_term_string"}}],"inLanguage":"ca-ES"},{"@type":"Organization","@id":"https:\/\/xnet-x.net\/ca\/#organization","name":"Xnet - Internet, drets i democr\u00e0cia en l'era digital","url":"https:\/\/xnet-x.net\/ca\/","logo":{"@type":"ImageObject","inLanguage":"ca-ES","@id":"https:\/\/xnet-x.net\/ca\/#\/schema\/logo\/image\/","url":"https:\/\/xnet-x.net\/img\/xnet-logo.png","contentUrl":"https:\/\/xnet-x.net\/img\/xnet-logo.png","width":512,"height":512,"caption":"Xnet - Internet, drets i democr\u00e0cia en l'era digital"},"image":{"@id":"https:\/\/xnet-x.net\/ca\/#\/schema\/logo\/image\/"},"sameAs":["http:\/\/facebook.com\/RedX.Net\/","https:\/\/x.com\/x_net_","https:\/\/es.wikipedia.org\/wiki\/Xnet"]}]}},"_links":{"self":[{"href":"https:\/\/xnet-x.net\/ca\/wp-json\/wp\/v2\/pages\/230","targetHints":{"allow":["GET"]}}],"collection":[{"href":"https:\/\/xnet-x.net\/ca\/wp-json\/wp\/v2\/pages"}],"about":[{"href":"https:\/\/xnet-x.net\/ca\/wp-json\/wp\/v2\/types\/page"}],"author":[{"embeddable":true,"href":"https:\/\/xnet-x.net\/ca\/wp-json\/wp\/v2\/users\/5"}],"replies":[{"embeddable":true,"href":"https:\/\/xnet-x.net\/ca\/wp-json\/wp\/v2\/comments?post=230"}],"version-history":[{"count":3,"href":"https:\/\/xnet-x.net\/ca\/wp-json\/wp\/v2\/pages\/230\/revisions"}],"predecessor-version":[{"id":12773,"href":"https:\/\/xnet-x.net\/ca\/wp-json\/wp\/v2\/pages\/230\/revisions\/12773"}],"up":[{"embeddable":true,"href":"https:\/\/xnet-x.net\/ca\/wp-json\/wp\/v2\/pages\/12769"}],"wp:attachment":[{"href":"https:\/\/xnet-x.net\/ca\/wp-json\/wp\/v2\/media?parent=230"}],"curies":[{"name":"wp","href":"https:\/\/api.w.org\/{rel}","templated":true}]}}