{"id":220,"date":"2008-09-15T19:51:03","date_gmt":"2008-09-15T17:51:03","guid":{"rendered":"http:\/\/la-ex.net\/?page_id=220"},"modified":"2008-09-15T19:58:01","modified_gmt":"2008-09-15T17:58:01","slug":"piratenglish","status":"publish","type":"page","link":"https:\/\/xnet-x.net\/ca\/piratenglish\/","title":{"rendered":"Pirate Bay (Sweden): Legal threats (reading-performance)"},"content":{"rendered":"<p><img loading=\"lazy\" decoding=\"async\" class=\"alignleft\" style=\"margin: 2px 6px; float: left;\" src=\"http:\/\/farm4.static.flickr.com\/3095\/2825742036_1873ba97dd_m.jpg\" alt=\"\" width=\"210\" height=\"240\" \/><br \/>\nThe Pirate Bay is \u201cthe world\u2019s largest BitTorrent tracker\u201d (with over 2 million users). BitTorrent is a peer-to-peer file sharing protocol that allows large amounts of data to be shared quickly and reliable.The Pirate Bay an open tracker, where anybody can download .torrent files, and registered members can upload torrents and add comments or personal messages. Registration is, of course, free.The Pirate Bay only removes files if the name doesn\u2019t match the content. People should be able to know whatthey are dowloading<\/p>\n<p>On May 31, 2006,\u00a0 approximately 50 members of the Swedish National Criminal Police Force raided the data centre that housed The Pirate Bay\u2019s servers. All its servers were confiscated under allegation that they stored illegal content. Three people, aged 22, 24 and 28, were arrested. The reasons for the raid are still not clear. However, a Swedish television channel suggested that it may have been due to pressure from the US government. In any case, one of the effects of the operation was to increase membership of the Pirate Party, which was openly critical of the raid.<br \/>\nThe web was back up and operational on June 2nd.<br \/>\nOnly the .torrent files are stored on servers, which means that they don\u2019t store copyright-protected and\/or illegal material. Therefore, the people behind The Pirate Bay could not be held responsible for material distributed using the tracker. Complaints about copyright and\/or by industry lobbies are ridiculed and published on the site.<br \/>\nSome of these comments and threats will be publicly presented at the OXCARS.<br \/>\n<a href=\"http:\/\/thepiratebay.org\/\" target=\"_blank\">http:\/\/thepiratebay.org\/<\/a><\/p>\n","protected":false},"excerpt":{"rendered":"<p>The Pirate Bay is \u201cthe world\u2019s largest BitTorrent tracker\u201d (with over 2 million users). BitTorrent is a peer-to-peer file sharing protocol that allows large amounts of data to be shared quickly and reliable.The Pirate Bay an open tracker, where anybody can download .torrent files, and registered members can upload torrents and add comments or personal [&hellip;]<\/p>\n","protected":false},"author":5,"featured_media":0,"parent":0,"menu_order":0,"comment_status":"open","ping_status":"closed","template":"","meta":{"footnotes":""},"class_list":["post-220","page","type-page","status-publish","hentry"],"yoast_head":"<!-- This site is optimized with the Yoast SEO plugin v26.7 - https:\/\/yoast.com\/wordpress\/plugins\/seo\/ -->\n<title>Pirate Bay (Sweden): Legal threats (reading-performance)  -<\/title>\n<meta name=\"robots\" content=\"index, follow, max-snippet:-1, max-image-preview:large, max-video-preview:-1\" \/>\n<link rel=\"canonical\" href=\"https:\/\/xnet-x.net\/ca\/piratenglish\/\" \/>\n<meta name=\"twitter:label1\" content=\"Est. reading time\" \/>\n\t<meta name=\"twitter:data1\" content=\"1 minute\" \/>\n<script type=\"application\/ld+json\" class=\"yoast-schema-graph\">{\"@context\":\"https:\/\/schema.org\",\"@graph\":[{\"@type\":\"WebPage\",\"@id\":\"https:\/\/xnet-x.net\/ca\/piratenglish\/\",\"url\":\"https:\/\/xnet-x.net\/ca\/piratenglish\/\",\"name\":\"Pirate Bay (Sweden): Legal threats (reading-performance) -\",\"isPartOf\":{\"@id\":\"https:\/\/xnet-x.net\/ca\/#website\"},\"primaryImageOfPage\":{\"@id\":\"https:\/\/xnet-x.net\/ca\/piratenglish\/#primaryimage\"},\"image\":{\"@id\":\"https:\/\/xnet-x.net\/es\/piratenglish\/#primaryimage\"},\"thumbnailUrl\":\"http:\/\/farm4.static.flickr.com\/3095\/2825742036_1873ba97dd_m.jpg\",\"datePublished\":\"2008-09-15T17:51:03+00:00\",\"dateModified\":\"2008-09-15T17:58:01+00:00\",\"breadcrumb\":{\"@id\":\"https:\/\/xnet-x.net\/ca\/piratenglish\/#breadcrumb\"},\"inLanguage\":\"ca-ES\",\"potentialAction\":[{\"@type\":\"ReadAction\",\"target\":[[\"https:\/\/xnet-x.net\/ca\/piratenglish\/\"]]}]},{\"@type\":\"ImageObject\",\"inLanguage\":\"ca-ES\",\"@id\":\"https:\/\/xnet-x.net\/ca\/piratenglish\/#primaryimage\",\"url\":\"http:\/\/farm4.static.flickr.com\/3095\/2825742036_1873ba97dd_m.jpg\",\"contentUrl\":\"http:\/\/farm4.static.flickr.com\/3095\/2825742036_1873ba97dd_m.jpg\"},{\"@type\":\"BreadcrumbList\",\"@id\":\"https:\/\/xnet-x.net\/ca\/piratenglish\/#breadcrumb\",\"itemListElement\":[{\"@type\":\"ListItem\",\"position\":1,\"name\":\"Portada\",\"item\":\"https:\/\/xnet-x.net\/ca\/\"},{\"@type\":\"ListItem\",\"position\":2,\"name\":\"Pirate Bay (Sweden): Legal threats (reading-performance)\"}]},{\"@type\":\"WebSite\",\"@id\":\"https:\/\/xnet-x.net\/ca\/#website\",\"url\":\"https:\/\/xnet-x.net\/ca\/\",\"name\":\"[:es]Xnet - Internet, derechos y democracia en la era digital[:ca]Xnet - Internet, drets i democr\u00e0cia en l'era digital[:en]Xnet - Internet freedoms & digital rights[:]\",\"description\":\"Xnet: Internet, informaci\u00f3 i cultura lliures. Tecnopol\u00edtica. Dades, algoritmes i drets digitals. Llibertat d&#039;expressi\u00f3. Democr\u00e0cia i anticorrupci\u00f3\",\"publisher\":{\"@id\":\"https:\/\/xnet-x.net\/ca\/#organization\"},\"potentialAction\":[{\"@type\":\"SearchAction\",\"target\":{\"@type\":\"EntryPoint\",\"urlTemplate\":\"https:\/\/xnet-x.net\/ca\/?s={search_term_string}\"},\"query-input\":{\"@type\":\"PropertyValueSpecification\",\"valueRequired\":true,\"valueName\":\"search_term_string\"}}],\"inLanguage\":\"ca-ES\"},{\"@type\":\"Organization\",\"@id\":\"https:\/\/xnet-x.net\/ca\/#organization\",\"name\":\"Xnet - Internet, drets i democr\u00e0cia en l'era digital\",\"url\":\"https:\/\/xnet-x.net\/ca\/\",\"logo\":{\"@type\":\"ImageObject\",\"inLanguage\":\"ca-ES\",\"@id\":\"https:\/\/xnet-x.net\/ca\/#\/schema\/logo\/image\/\",\"url\":\"https:\/\/xnet-x.net\/img\/xnet-logo.png\",\"contentUrl\":\"https:\/\/xnet-x.net\/img\/xnet-logo.png\",\"width\":512,\"height\":512,\"caption\":\"Xnet - Internet, drets i democr\u00e0cia en l'era digital\"},\"image\":{\"@id\":\"https:\/\/xnet-x.net\/ca\/#\/schema\/logo\/image\/\"},\"sameAs\":[\"http:\/\/facebook.com\/RedX.Net\/\",\"https:\/\/x.com\/x_net_\",\"https:\/\/es.wikipedia.org\/wiki\/Xnet\"]}]}<\/script>\n<!-- \/ Yoast SEO plugin. -->","yoast_head_json":{"title":"Pirate Bay (Sweden): Legal threats (reading-performance)  -","robots":{"index":"index","follow":"follow","max-snippet":"max-snippet:-1","max-image-preview":"max-image-preview:large","max-video-preview":"max-video-preview:-1"},"canonical":"https:\/\/xnet-x.net\/ca\/piratenglish\/","twitter_misc":{"Est. reading time":"1 minute"},"schema":{"@context":"https:\/\/schema.org","@graph":[{"@type":"WebPage","@id":"https:\/\/xnet-x.net\/ca\/piratenglish\/","url":"https:\/\/xnet-x.net\/ca\/piratenglish\/","name":"Pirate Bay (Sweden): Legal threats (reading-performance) -","isPartOf":{"@id":"https:\/\/xnet-x.net\/ca\/#website"},"primaryImageOfPage":{"@id":"https:\/\/xnet-x.net\/ca\/piratenglish\/#primaryimage"},"image":{"@id":"https:\/\/xnet-x.net\/es\/piratenglish\/#primaryimage"},"thumbnailUrl":"http:\/\/farm4.static.flickr.com\/3095\/2825742036_1873ba97dd_m.jpg","datePublished":"2008-09-15T17:51:03+00:00","dateModified":"2008-09-15T17:58:01+00:00","breadcrumb":{"@id":"https:\/\/xnet-x.net\/ca\/piratenglish\/#breadcrumb"},"inLanguage":"ca-ES","potentialAction":[{"@type":"ReadAction","target":[["https:\/\/xnet-x.net\/ca\/piratenglish\/"]]}]},{"@type":"ImageObject","inLanguage":"ca-ES","@id":"https:\/\/xnet-x.net\/ca\/piratenglish\/#primaryimage","url":"http:\/\/farm4.static.flickr.com\/3095\/2825742036_1873ba97dd_m.jpg","contentUrl":"http:\/\/farm4.static.flickr.com\/3095\/2825742036_1873ba97dd_m.jpg"},{"@type":"BreadcrumbList","@id":"https:\/\/xnet-x.net\/ca\/piratenglish\/#breadcrumb","itemListElement":[{"@type":"ListItem","position":1,"name":"Portada","item":"https:\/\/xnet-x.net\/ca\/"},{"@type":"ListItem","position":2,"name":"Pirate Bay (Sweden): Legal threats (reading-performance)"}]},{"@type":"WebSite","@id":"https:\/\/xnet-x.net\/ca\/#website","url":"https:\/\/xnet-x.net\/ca\/","name":"[:es]Xnet - Internet, derechos y democracia en la era digital[:ca]Xnet - Internet, drets i democr\u00e0cia en l'era digital[:en]Xnet - Internet freedoms & digital rights[:]","description":"Xnet: Internet, informaci\u00f3 i cultura lliures. Tecnopol\u00edtica. Dades, algoritmes i drets digitals. Llibertat d&#039;expressi\u00f3. Democr\u00e0cia i anticorrupci\u00f3","publisher":{"@id":"https:\/\/xnet-x.net\/ca\/#organization"},"potentialAction":[{"@type":"SearchAction","target":{"@type":"EntryPoint","urlTemplate":"https:\/\/xnet-x.net\/ca\/?s={search_term_string}"},"query-input":{"@type":"PropertyValueSpecification","valueRequired":true,"valueName":"search_term_string"}}],"inLanguage":"ca-ES"},{"@type":"Organization","@id":"https:\/\/xnet-x.net\/ca\/#organization","name":"Xnet - Internet, drets i democr\u00e0cia en l'era digital","url":"https:\/\/xnet-x.net\/ca\/","logo":{"@type":"ImageObject","inLanguage":"ca-ES","@id":"https:\/\/xnet-x.net\/ca\/#\/schema\/logo\/image\/","url":"https:\/\/xnet-x.net\/img\/xnet-logo.png","contentUrl":"https:\/\/xnet-x.net\/img\/xnet-logo.png","width":512,"height":512,"caption":"Xnet - Internet, drets i democr\u00e0cia en l'era digital"},"image":{"@id":"https:\/\/xnet-x.net\/ca\/#\/schema\/logo\/image\/"},"sameAs":["http:\/\/facebook.com\/RedX.Net\/","https:\/\/x.com\/x_net_","https:\/\/es.wikipedia.org\/wiki\/Xnet"]}]}},"_links":{"self":[{"href":"https:\/\/xnet-x.net\/ca\/wp-json\/wp\/v2\/pages\/220","targetHints":{"allow":["GET"]}}],"collection":[{"href":"https:\/\/xnet-x.net\/ca\/wp-json\/wp\/v2\/pages"}],"about":[{"href":"https:\/\/xnet-x.net\/ca\/wp-json\/wp\/v2\/types\/page"}],"author":[{"embeddable":true,"href":"https:\/\/xnet-x.net\/ca\/wp-json\/wp\/v2\/users\/5"}],"replies":[{"embeddable":true,"href":"https:\/\/xnet-x.net\/ca\/wp-json\/wp\/v2\/comments?post=220"}],"version-history":[{"count":1,"href":"https:\/\/xnet-x.net\/ca\/wp-json\/wp\/v2\/pages\/220\/revisions"}],"predecessor-version":[{"id":23147,"href":"https:\/\/xnet-x.net\/ca\/wp-json\/wp\/v2\/pages\/220\/revisions\/23147"}],"wp:attachment":[{"href":"https:\/\/xnet-x.net\/ca\/wp-json\/wp\/v2\/media?parent=220"}],"curies":[{"name":"wp","href":"https:\/\/api.w.org\/{rel}","templated":true}]}}