{"id":2035,"date":"2010-11-29T12:44:28","date_gmt":"2010-11-29T11:44:28","guid":{"rendered":"http:\/\/la-ex.net\/?page_id=2035"},"modified":"2015-04-07T15:24:34","modified_gmt":"2015-04-07T14:24:34","slug":"abogado-del-diablo","status":"publish","type":"page","link":"https:\/\/xnet-x.net\/ca\/advocat-del-diable\/","title":{"rendered":"Preguntas del abogado del diablo a los miembros de Xnet (ex \u2013EXGAE)"},"content":{"rendered":"<p><\/p>\n<p>[Per falta de temps i recursos, la traducci\u00f3 al catal\u00e0 d&#8217;aquesta web no est\u00e0 acabada. Si trobes interessants alguns dels nostres documents i tens temps de traduir-los, ens ho pot enviar (si us plau, reproduint la maquetaci\u00f3). Moltes gr\u00e0cies!]<\/p>\n<p><strong>\u00bfNO\u00a0 ES ESTO UNA DERROTA?<\/strong><\/p>\n<p>Ten\u00edamos buenas probabilidades de ganar estos juicios. Pero el tiempo y recursos que hubi\u00e9semos gastado en ello, la alienaci\u00f3n y distracci\u00f3n de las batallas clave, eso s\u00ed hubiese sido una derrota.<\/p>\n<p>El sentido del humor, la astucia y el ser inapresable son nuestro deber ;-).<\/p>\n<p>El martirio no est\u00e1 en nuestras formas de acci\u00f3n. Guerra de guerrilla, no de trinchera.<\/p>\n<p>EXGAE es un nombre que ha hecho historia y ha cumplido con su funci\u00f3n con creces.<\/p>\n<p>Ahora viene otro que tambi\u00e9n da mucho juego: <strong>Xnet<\/strong>.<\/p>\n<p>Seguimos haciendo exactamente lo mismo y con m\u00e1s libertad. La Web es exactamente la misma, las mismas actividades y las mismas posiciones. Pero m\u00e1s gente, mucha m\u00e1s gente. Y sin cinco pleitos surrealistas.<\/p>\n<p>Seguiremos trabajando para &#8220;librar a los ciudadanos de los abusos de las entidades de gesti\u00f3n y de la industria cultural\u201d con la misma contundencia de antes.<\/p>\n<p>El &#8220;acuerdo&#8221; alcanzado con la SGAE es una prueba de ello.<\/p>\n<p>La SGAE firma que hay algo que no va en su manera de relacionarse (?) con las licencias libres. Hist\u00f3rico.<\/p>\n<p>Nuestros ideales y objetivos no han variado ni un \u00e1pice. Derrota hubiera sido sacrificar esta oportunidad por un nombre.<\/p>\n<p><strong>\u00bfNO ES ESTO UNA FORMA DE AYUDARLA A PERDURAR? \u00bfNO QUER\u00cdAMOS QUE MURIERA? &#8220;LA SGAE NO SE REFORMA, SE DESTRUYE&#8221;<\/strong><\/p>\n<p>Si realmente queremos cambiar las cosas, no podemos negar la realidad. La SGAE y las entidades de gesti\u00f3n son actores activos en temas de legislaci\u00f3n sobre derechos en la era digital. No podemos negar su existencia, pero s\u00ed hacer que el cambio sea inevitable y ventajoso para la sociedad. Y no nos referimos a que cambien ellos, nos referimos a que si toda estas trabas al desarrollo justo de la era digital tienen que saltar, todo cambio har\u00e1 que el engranaje vaya desencaj\u00e1ndose y reconfigur\u00e1ndose. Hay que intervenir a todos los niveles: creando espacios nuevos y operando en las viejas estructuras; con la pr\u00e1ctica, con el discurso; en lo local y en los parlamentos e instituciones; aqu\u00ed y a nivel internacional; desde dentro y desde fuera. Y todo esto es lo que la sociedad civil ya est\u00e1 haciendo.<\/p>\n<p>Nosotros s\u00f3lo aportamos una posibilidad m\u00e1s entre las muchas que trabajamos.<\/p>\n<p>Lo que ayuda a perdurar a las entidades de gesti\u00f3n y les da tanto poder es el dinero que retienen por conceptos que no les corresponden, y todo ello bajo el amparo gubernamental. Desactivar esto es, cuanto menos, de justicia.<\/p>\n<p><strong>\u00bfNO EST\u00c1IS AYUDANDO LA SGAE A HACERSE UN LAVADO DE CARA?<\/strong><\/p>\n<p>\u00bfMejorar la imagen d la SGAE? Francamente dif\u00edcil; deber\u00edan hacer algo de veras sorprendente.<\/p>\n<p>S\u00ed lo hacen estaremos ah\u00ed para contarlo y tambi\u00e9n para contar si no lo hacen, lo cual empeorar\u00eda todav\u00eda m\u00e1s su imagen.<\/p>\n<p>Y cuando decimos que \u201cestaremos ah\u00ed\u201d nos referimos a la sociedad civil, no a nosotros, <strong>La EX<\/strong>.<\/p>\n<p>Porque es la sociedad civil que va a decidir c\u00f3mo hay que \u201cdialogar\u201d sobre este tema.<\/p>\n<p>Es evidente que Sgae est\u00e1 hambrienta de buena prensa y de apretones de mano.<\/p>\n<p>Lo primero que pensamos fue que la SGAE quer\u00eda hacerse el lavado de cara&#8230; un juicio con EXGAE no les hubiese dejado nada lindos. Le hemos dado millones de vueltas y finalmente pensamos que si hab\u00edan hecho este paso, ten\u00edamos que aprovecharlo. Evidentemente no es la primera vez que alguien se plantea frente a las entidades de gesti\u00f3n en estos t\u00e9rminos. Las cosas de palacio van despacio. No podemos excluir, ni tampoco asegurar, que esta ocasi\u00f3n aporte los resultados pretendidos: contamos con los datos que tenemos (que no son pocos) y con el interlocutor que nos han puesto, abogado Ricardo G\u00f3mez Cabaleiro, que est\u00e1 demostrando un esfuerzo de mediaci\u00f3n que no hab\u00edamos observado nunca.<\/p>\n<p>Adem\u00e1s, \u00bfme defino por el enemigo o por los objetivos que persigo?<\/p>\n<p>Si el contrincante, si el enemigo dice que quiere cambiar, por muy raro que nos parezca, si estoy seguro de mi identidad y objetivos, esto s\u00f3lo puede ser una buena noticia.<\/p>\n<p>Si es un farol, mi lugar no se ha movido un \u00e1pice, pero el del contrincante ha quedado al descubierto.<\/p>\n<p>\u00bfNo era esto por lo que luch\u00e1bamos? Para que las cosas cambien \u00bfEn serio pensamos que un d\u00eda nos despertaremos y las entidades de gesti\u00f3n simplemente habr\u00e1n desaparecido?<\/p>\n<p>Dar al enemigo la posibilidad de cambiar es la \u00fanica manera de ganar.<\/p>\n<p>No hay que acorralarlo, ni siquiera si tu objetivo es que desaparezca.<\/p>\n<p>El anuncio de la voluntad de un cambio es una excelente noticia.<\/p>\n<p>Qu\u00e9 se consiga y con qu\u00e9 alcance, lo veremos m\u00e1s adelante.<\/p>\n<p><strong>\u00bfNO ESTO PACTAR CON EL DIABLO?<\/strong><\/p>\n<p>Un pacto con el diablo es a cambio de tu sangre&#8230;aqu\u00ed pretendemos ganar y conseguir cosas concretas a cambio de un nombre, y no de nuestra sangre.<\/p>\n<p>El Diablo en este caso est\u00e1 legitimado por el Gobierno para hacer lo que hace y hacerlo tal y como lo hace. Esta mesa puede ser una gran oportunidad para acortar distancias, y las distancias no deben ser entendidas como acercamiento sino como &#8220;desplazamiento&#8221; (del diablo evidentemente).<\/p>\n<p><strong>VUESTRO PRIMER COMUNICADO HABLABA DE &#8220;QUEDARSE&#8221; Y DE &#8220;IR A LUXEMBURGO&#8221;. \u00bfY AHORA?<\/strong><\/p>\n<p>Ellos nos dieron la idea, al ponerse en contacto con nosotros.<\/p>\n<p>&#8220;Quedarse&#8221;? nos quedamos, \u00a1\u00a1\u00a1y tanto!!!\u201d<\/p>\n<p>Nos quedamos, no hay duda. Ante una amenaza el est\u00f3mago siempre cierra pu\u00f1os, pero con la cabeza fr\u00eda se ve con m\u00e1s claridad cu\u00e1l es la opci\u00f3n m\u00e1s valiosa. En eXgae tenemos ejemplos de miembros que han llegado a Luxemburgo porque Sgae no se quiso sentar y cambiar. Creo que todos conoc\u00e9is el resultado y Sgae tambi\u00e9n. Sgae sabe que tiene que sentarse y cambiar, no est\u00e1 en posici\u00f3n de aguantar muchas embestidas m\u00e1s como esa.<\/p>\n<p><strong>\u00bfNO ES TRAICIONAR A LOS QUE OS HAN APOYADO?<\/strong><\/p>\n<p>La mayor\u00eda de la gente que nos escribi\u00f3 cuando recibimos el burofax, a parte de ofrecer su ayuda y sus conocimientos, nos dijo que cambi\u00e1semos de nombre. \u201cpa qu\u00e9 sufrir!\u201d.<\/p>\n<p>Entendemos que algunos interpretar\u00e1n el haber hecho un trato como un ablandamiento de nuestra postura, pero creemos haber demostrado en estos tres a\u00f1os nuestra sinceridad y esperamos que la mayor\u00eda de la gente conf\u00ede en c\u00f3mo vamos a operar respecto a esta \u201cmesa de Di\u00e1logo\u201d. Nuestra \u00fanica funci\u00f3n ser\u00e1 la de amplificar lo que la sociedad civil proponga y esperamos que se conf\u00ede en nosotros para que  de ahora hasta abril podamos ir construyendo los recursos y las herramientas.<\/p>\n<p><strong>LA MESA DE DI\u00c1LOGO SER\u00c1 UN FAROL.<\/strong><\/p>\n<p>Muy posiblemente, pero un farol sirve a quien lo hace si no es descubierto; cuando es descubierto, le cuesta caro.<br \/>\nDe esto s\u00f3lo Sgae puede salir debilitada y empobrecida.<\/p>\n<p>Todos nosotros, la Red, hemos conseguido que esto ocurriera.<\/p>\n<p>Nosotros, al cambiar de nombre ya no tenemos nada que perder.<\/p>\n<p><strong>\u00bfQUI\u00c9N ESTAR\u00c1 EN ESTAS EN ESTA MESA DE DI\u00c1LOGO? \u00bfQUI\u00c9NES SOIS VOSOTROS PARA REPRESENTAR A NADIE?<\/strong><\/p>\n<p>La Mesa es de ellos; SGAE la organiza. Lo \u00fanico que hemos hecho de momento es hacer que lo que ah\u00ed se cuente sea p\u00fablico.<br \/>\nLa Red decidir\u00e1 si y c\u00f3mo ir.<\/p>\n<p>Nosotros tenemos algunas ideas de c\u00f3mo hacerlo y las compartiremos para que se decida colectivamente.<\/p>\n<p>Esta lucha no es nuestra. Empez\u00f3 cuando ni hab\u00edamos nacido. S\u00f3lo aportamos a la transformaci\u00f3n nuestras habilidades.<\/p>\n<p><strong>\u00bfCU\u00c1L ES EL PLAN PARA CONSEGUIR ALGO QUE MUCHOS HAN INTENTADO ANTES?<\/strong><\/p>\n<p>Lo que ocurra entorno a esta Mesa reci\u00e9n se comienza a discutir. Hay ideas y se van a crear varios espacios para discutirlas.<\/p>\n<p>Podemos decir que hay ideas excelentes que involucran socios, no socios, usuarios, de aqu\u00ed, de all\u00e1 de m\u00e1s all\u00e1. Hay muchas energ\u00edas y esto ya es imparable gracias a todos los esfuerzos invertidos por tant\u00edsima gente durante muchos a\u00f1os. Ahora es el momento.<\/p>\n<p><strong>\u00bfENTONCES LAS SGAE AHORA SE FORRAR\u00c1 CON LAS LICIENCIAS LIBRES?<\/strong><\/p>\n<p>En realidad ya se est\u00e1 forrando con ellas y con el CC (<a href=\"http:\/\/d-evolution.fcforum.net\/areas-de-accion\/el-cobrador-del-track\/\">v\u00e9ase cobrador del track<\/a>). Cobra por ello y no lo devuelve.<\/p>\n<p>La cuesti\u00f3n es justamente que las cosas cambien bajo la mirada de la sociedad civil y con las licencias libres en libre competencia.<\/p>\n<p>Sino, ya sabemos, el sistema acaba comprendiendo y fagocitando todo. Y la SGAE conseguir\u00e1 hacer negocio con la licencias libres.<\/p>\n<p>De todo este asunto, esta es la real apuesta y para ello nos estamos preparando ;-).<\/p>\n<p><strong>\u00bfOS HAN DADO PASTA ? <\/strong><\/p>\n<p>Se nos ha olvidado pedirla ;-).<br \/>\n<strong><br \/>\nPara acabar queremos recordar los puntos sobre entidades de gesti\u00f3n que EXGAE ha impulsado en La Carta Para La Innovaci\u00f3n, La Creatividad y El Acceso Al Conocimiento<\/strong>.<\/p>\n<p>Lo que hay que cambiar es la Ley de Propiedad Intelectual porque hay muchas m\u00e1s cosas en las que las Entidades de Gesti\u00f3n tiene que ser reformadas y esto no es m\u00e1s que una forma de presionar para ello.<\/p>\n<p><strong>Sociedades de gesti\u00f3n<\/strong><\/p>\n<p>1.\tLos\/las autores\/as siempre deber\u00edan poder revocar el mandato de las entidades de gesti\u00f3n.<br \/>\n2.\tLas sociedades de gesti\u00f3n son entidades privadas que deber\u00edan administrar \u00fanica y exclusivamente las \u201ccuentas\u201d de sus miembros, que nunca suponen la totalidad de la comunidad creativa.<br \/>\n3.\tLa libre competencia entre entidades de gesti\u00f3n deber\u00eda estar garantizada, al igual que ocurre con cualquier entidad privada. Se deber\u00eda abolir los monopolios legales de sociedades de gesti\u00f3n.<br \/>\n4.\tLos autores y los artistas deber\u00edan poder registrar libremente las obras que decidan en cualquier sociedad de gesti\u00f3n, pudiendo dejar al mismo tiempo otros trabajos sin registrar, o registr\u00e1ndolos en otra entidad.<br \/>\n5.\tAutores\/as y editoriales no deber\u00edan ser representados por la misma instituci\u00f3n, como ocurr\u00eda en tiempos de los sindicatos verticales.<br \/>\n6.\tPor encima de todo, las sociedades de gesti\u00f3n deber\u00edan administrar \u00fanicamente las obras que est\u00e9n registradas en su base de datos.<br \/>\n7.\tNo deber\u00eda permitirse que ninguna sociedad de gesti\u00f3n impida a los\/las artistas o autores\/as usar licencias libres.<br \/>\n8.\tLas sociedades de gesti\u00f3n no deber\u00edan poder gestionar impuestos no atribuibles, ni deber\u00eda existir ning\u00fan cobro obligatorio de derechos. Las cantidades no atribuibles deber\u00edan ser gestionadas por el estado como incentivos a la creaci\u00f3n.<\/p>\n<p><\/p>","protected":false},"excerpt":{"rendered":"<p>[Per falta de temps i recursos, la traducci\u00f3 al catal\u00e0 d&#8217;aquesta web no est\u00e0 acabada. Si trobes interessants alguns dels nostres documents i tens temps de traduir-los, ens ho pot enviar (si us plau, reproduint la maquetaci\u00f3). Moltes gr\u00e0cies!] \u00bfNO\u00a0 ES ESTO UNA DERROTA? Ten\u00edamos buenas probabilidades de ganar estos juicios. Pero el tiempo y [&hellip;]<\/p>\n","protected":false},"author":5,"featured_media":0,"parent":0,"menu_order":0,"comment_status":"closed","ping_status":"closed","template":"","meta":{"footnotes":""},"class_list":["post-2035","page","type-page","status-publish","hentry"],"yoast_head":"<!-- This site is optimized with the Yoast SEO plugin v26.7 - https:\/\/yoast.com\/wordpress\/plugins\/seo\/ -->\n<title>Preguntas del abogado del diablo a los miembros de Xnet (ex \u2013EXGAE) -<\/title>\n<meta name=\"robots\" content=\"index, follow, max-snippet:-1, max-image-preview:large, max-video-preview:-1\" \/>\n<link rel=\"canonical\" href=\"https:\/\/xnet-x.net\/ca\/abogado-del-diablo\/\" \/>\n<meta name=\"twitter:label1\" content=\"Est. reading time\" \/>\n\t<meta name=\"twitter:data1\" content=\"26 minutes\" \/>\n<script type=\"application\/ld+json\" class=\"yoast-schema-graph\">{\"@context\":\"https:\/\/schema.org\",\"@graph\":[{\"@type\":\"WebPage\",\"@id\":\"https:\/\/xnet-x.net\/ca\/abogado-del-diablo\/\",\"url\":\"https:\/\/xnet-x.net\/ca\/abogado-del-diablo\/\",\"name\":\"Preguntas del abogado del diablo a los miembros de Xnet (ex \u2013EXGAE) -\",\"isPartOf\":{\"@id\":\"https:\/\/xnet-x.net\/ca\/#website\"},\"datePublished\":\"2010-11-29T11:44:28+00:00\",\"dateModified\":\"2015-04-07T14:24:34+00:00\",\"breadcrumb\":{\"@id\":\"https:\/\/xnet-x.net\/ca\/abogado-del-diablo\/#breadcrumb\"},\"inLanguage\":\"ca-ES\",\"potentialAction\":[{\"@type\":\"ReadAction\",\"target\":[[\"https:\/\/xnet-x.net\/ca\/abogado-del-diablo\/\"]]}]},{\"@type\":\"BreadcrumbList\",\"@id\":\"https:\/\/xnet-x.net\/ca\/abogado-del-diablo\/#breadcrumb\",\"itemListElement\":[{\"@type\":\"ListItem\",\"position\":1,\"name\":\"Portada\",\"item\":\"https:\/\/xnet-x.net\/ca\/\"},{\"@type\":\"ListItem\",\"position\":2,\"name\":\"Preguntas del abogado del diablo a los miembros de Xnet (ex \u2013EXGAE)\"}]},{\"@type\":\"WebSite\",\"@id\":\"https:\/\/xnet-x.net\/ca\/#website\",\"url\":\"https:\/\/xnet-x.net\/ca\/\",\"name\":\"[:es]Xnet - Internet, derechos y democracia en la era digital[:ca]Xnet - Internet, drets i democr\u00e0cia en l'era digital[:en]Xnet - Internet freedoms & digital rights[:]\",\"description\":\"Xnet: Internet, informaci\u00f3 i cultura lliures. Tecnopol\u00edtica. Dades, algoritmes i drets digitals. Llibertat d&#039;expressi\u00f3. Democr\u00e0cia i anticorrupci\u00f3\",\"publisher\":{\"@id\":\"https:\/\/xnet-x.net\/ca\/#organization\"},\"potentialAction\":[{\"@type\":\"SearchAction\",\"target\":{\"@type\":\"EntryPoint\",\"urlTemplate\":\"https:\/\/xnet-x.net\/ca\/?s={search_term_string}\"},\"query-input\":{\"@type\":\"PropertyValueSpecification\",\"valueRequired\":true,\"valueName\":\"search_term_string\"}}],\"inLanguage\":\"ca-ES\"},{\"@type\":\"Organization\",\"@id\":\"https:\/\/xnet-x.net\/ca\/#organization\",\"name\":\"Xnet - Internet, drets i democr\u00e0cia en l'era digital\",\"url\":\"https:\/\/xnet-x.net\/ca\/\",\"logo\":{\"@type\":\"ImageObject\",\"inLanguage\":\"ca-ES\",\"@id\":\"https:\/\/xnet-x.net\/ca\/#\/schema\/logo\/image\/\",\"url\":\"https:\/\/xnet-x.net\/img\/xnet-logo.png\",\"contentUrl\":\"https:\/\/xnet-x.net\/img\/xnet-logo.png\",\"width\":512,\"height\":512,\"caption\":\"Xnet - Internet, drets i democr\u00e0cia en l'era digital\"},\"image\":{\"@id\":\"https:\/\/xnet-x.net\/ca\/#\/schema\/logo\/image\/\"},\"sameAs\":[\"http:\/\/facebook.com\/RedX.Net\/\",\"https:\/\/x.com\/x_net_\",\"https:\/\/es.wikipedia.org\/wiki\/Xnet\"]}]}<\/script>\n<!-- \/ Yoast SEO plugin. -->","yoast_head_json":{"title":"Preguntas del abogado del diablo a los miembros de Xnet (ex \u2013EXGAE) -","robots":{"index":"index","follow":"follow","max-snippet":"max-snippet:-1","max-image-preview":"max-image-preview:large","max-video-preview":"max-video-preview:-1"},"canonical":"https:\/\/xnet-x.net\/ca\/abogado-del-diablo\/","twitter_misc":{"Est. reading time":"26 minutes"},"schema":{"@context":"https:\/\/schema.org","@graph":[{"@type":"WebPage","@id":"https:\/\/xnet-x.net\/ca\/abogado-del-diablo\/","url":"https:\/\/xnet-x.net\/ca\/abogado-del-diablo\/","name":"Preguntas del abogado del diablo a los miembros de Xnet (ex \u2013EXGAE) -","isPartOf":{"@id":"https:\/\/xnet-x.net\/ca\/#website"},"datePublished":"2010-11-29T11:44:28+00:00","dateModified":"2015-04-07T14:24:34+00:00","breadcrumb":{"@id":"https:\/\/xnet-x.net\/ca\/abogado-del-diablo\/#breadcrumb"},"inLanguage":"ca-ES","potentialAction":[{"@type":"ReadAction","target":[["https:\/\/xnet-x.net\/ca\/abogado-del-diablo\/"]]}]},{"@type":"BreadcrumbList","@id":"https:\/\/xnet-x.net\/ca\/abogado-del-diablo\/#breadcrumb","itemListElement":[{"@type":"ListItem","position":1,"name":"Portada","item":"https:\/\/xnet-x.net\/ca\/"},{"@type":"ListItem","position":2,"name":"Preguntas del abogado del diablo a los miembros de Xnet (ex \u2013EXGAE)"}]},{"@type":"WebSite","@id":"https:\/\/xnet-x.net\/ca\/#website","url":"https:\/\/xnet-x.net\/ca\/","name":"[:es]Xnet - Internet, derechos y democracia en la era digital[:ca]Xnet - Internet, drets i democr\u00e0cia en l'era digital[:en]Xnet - Internet freedoms & digital rights[:]","description":"Xnet: Internet, informaci\u00f3 i cultura lliures. Tecnopol\u00edtica. Dades, algoritmes i drets digitals. Llibertat d&#039;expressi\u00f3. Democr\u00e0cia i anticorrupci\u00f3","publisher":{"@id":"https:\/\/xnet-x.net\/ca\/#organization"},"potentialAction":[{"@type":"SearchAction","target":{"@type":"EntryPoint","urlTemplate":"https:\/\/xnet-x.net\/ca\/?s={search_term_string}"},"query-input":{"@type":"PropertyValueSpecification","valueRequired":true,"valueName":"search_term_string"}}],"inLanguage":"ca-ES"},{"@type":"Organization","@id":"https:\/\/xnet-x.net\/ca\/#organization","name":"Xnet - Internet, drets i democr\u00e0cia en l'era digital","url":"https:\/\/xnet-x.net\/ca\/","logo":{"@type":"ImageObject","inLanguage":"ca-ES","@id":"https:\/\/xnet-x.net\/ca\/#\/schema\/logo\/image\/","url":"https:\/\/xnet-x.net\/img\/xnet-logo.png","contentUrl":"https:\/\/xnet-x.net\/img\/xnet-logo.png","width":512,"height":512,"caption":"Xnet - Internet, drets i democr\u00e0cia en l'era digital"},"image":{"@id":"https:\/\/xnet-x.net\/ca\/#\/schema\/logo\/image\/"},"sameAs":["http:\/\/facebook.com\/RedX.Net\/","https:\/\/x.com\/x_net_","https:\/\/es.wikipedia.org\/wiki\/Xnet"]}]}},"_links":{"self":[{"href":"https:\/\/xnet-x.net\/ca\/wp-json\/wp\/v2\/pages\/2035","targetHints":{"allow":["GET"]}}],"collection":[{"href":"https:\/\/xnet-x.net\/ca\/wp-json\/wp\/v2\/pages"}],"about":[{"href":"https:\/\/xnet-x.net\/ca\/wp-json\/wp\/v2\/types\/page"}],"author":[{"embeddable":true,"href":"https:\/\/xnet-x.net\/ca\/wp-json\/wp\/v2\/users\/5"}],"replies":[{"embeddable":true,"href":"https:\/\/xnet-x.net\/ca\/wp-json\/wp\/v2\/comments?post=2035"}],"version-history":[{"count":5,"href":"https:\/\/xnet-x.net\/ca\/wp-json\/wp\/v2\/pages\/2035\/revisions"}],"predecessor-version":[{"id":7276,"href":"https:\/\/xnet-x.net\/ca\/wp-json\/wp\/v2\/pages\/2035\/revisions\/7276"}],"wp:attachment":[{"href":"https:\/\/xnet-x.net\/ca\/wp-json\/wp\/v2\/media?parent=2035"}],"curies":[{"name":"wp","href":"https:\/\/api.w.org\/{rel}","templated":true}]}}