{"id":197,"date":"2008-09-11T17:44:26","date_gmt":"2008-09-11T15:44:26","guid":{"rendered":"http:\/\/la-ex.net\/?page_id=197"},"modified":"2008-09-13T19:32:22","modified_gmt":"2008-09-13T17:32:22","slug":"jamend","status":"publish","type":"page","link":"https:\/\/xnet-x.net\/ca\/jamend\/","title":{"rendered":"Jamendo &#038; Orxata Sound System"},"content":{"rendered":"<p><img loading=\"lazy\" decoding=\"async\" style=\"vertical-align: top;\" src=\"http:\/\/farm3.static.flickr.com\/2191\/2824904411_6a8afef96a.jpg\" alt=\"\" width=\"500\" height=\"159\" \/><\/p>\n<p>Jamendo is the biggest online free music community licensed under Creative Commons. You can legally download music and entire albums by up and coming bands, for free.<br \/>\nAt Jamendo, artists allow anyone to listen to their music, download it, and share it.<br \/>\nIt\u2019s free, legal and unlimited! Do you want to join in?<br \/>\n<a href=\"http:\/\/www.jamendo.com\/es\/\" target=\"_blank\">www.jamendo.com<\/a><\/p>\n<p>Jamendo presents:<br \/>\nOrxata Sound System is a musical collective born in 2003 in the city of Valencia with the aim of merging electronic dance music with traditional Valencian singing.<br \/>\nIn their repertoire we can find from electro, techno and drum&amp;bass rythms to ragga, dub and hip hop.<br \/>\nThe current collective consists of four singers, a trumpeter, a bassist and a programmer\/sampler.<br \/>\nIn 2006 the band won the Revelation Band award from the Premis Ovidi Montllor with their demo &#8220;orxata&#8221; and in 2008 with their debut album &#8220;1.0&#8221; -the lyrics of which were edited by users of its Web through a wiki- have won the Ovidi Montllor as Best Rock-Pop Album.<br \/>\nSince 2003 they are making available all their work on the Internet under Creative Commons licenses, allowing them to performance from Perpignan to Morocco, through much of the Catalan-speaking area.<br \/>\n<a href=\"http:\/\/www.orxatasoundsystem.net\/\" target=\"_blank\">www.orxatasoundsystem.net<\/a><\/p>\n","protected":false},"excerpt":{"rendered":"<p>Jamendo is the biggest online free music community licensed under Creative Commons. You can legally download music and entire albums by up and coming bands, for free. At Jamendo, artists allow anyone to listen to their music, download it, and share it. It\u2019s free, legal and unlimited! Do you want to join in? www.jamendo.com Jamendo [&hellip;]<\/p>\n","protected":false},"author":5,"featured_media":0,"parent":0,"menu_order":0,"comment_status":"open","ping_status":"closed","template":"","meta":{"footnotes":""},"class_list":["post-197","page","type-page","status-publish","hentry"],"yoast_head":"<!-- This site is optimized with the Yoast SEO plugin v26.7 - https:\/\/yoast.com\/wordpress\/plugins\/seo\/ -->\n<title>Jamendo &amp; Orxata Sound System -<\/title>\n<meta name=\"robots\" content=\"index, follow, max-snippet:-1, max-image-preview:large, max-video-preview:-1\" \/>\n<link rel=\"canonical\" href=\"https:\/\/xnet-x.net\/ca\/jamend\/\" \/>\n<meta name=\"twitter:label1\" content=\"Est. reading time\" \/>\n\t<meta name=\"twitter:data1\" content=\"1 minute\" \/>\n<script type=\"application\/ld+json\" class=\"yoast-schema-graph\">{\"@context\":\"https:\/\/schema.org\",\"@graph\":[{\"@type\":\"WebPage\",\"@id\":\"https:\/\/xnet-x.net\/ca\/jamend\/\",\"url\":\"https:\/\/xnet-x.net\/ca\/jamend\/\",\"name\":\"Jamendo & Orxata Sound System -\",\"isPartOf\":{\"@id\":\"https:\/\/xnet-x.net\/ca\/#website\"},\"primaryImageOfPage\":{\"@id\":\"https:\/\/xnet-x.net\/ca\/jamend\/#primaryimage\"},\"image\":{\"@id\":\"https:\/\/xnet-x.net\/es\/jamend\/#primaryimage\"},\"thumbnailUrl\":\"http:\/\/farm3.static.flickr.com\/2191\/2824904411_6a8afef96a.jpg\",\"datePublished\":\"2008-09-11T15:44:26+00:00\",\"dateModified\":\"2008-09-13T17:32:22+00:00\",\"breadcrumb\":{\"@id\":\"https:\/\/xnet-x.net\/ca\/jamend\/#breadcrumb\"},\"inLanguage\":\"ca-ES\",\"potentialAction\":[{\"@type\":\"ReadAction\",\"target\":[[\"https:\/\/xnet-x.net\/ca\/jamend\/\"]]}]},{\"@type\":\"ImageObject\",\"inLanguage\":\"ca-ES\",\"@id\":\"https:\/\/xnet-x.net\/ca\/jamend\/#primaryimage\",\"url\":\"http:\/\/farm3.static.flickr.com\/2191\/2824904411_6a8afef96a.jpg\",\"contentUrl\":\"http:\/\/farm3.static.flickr.com\/2191\/2824904411_6a8afef96a.jpg\"},{\"@type\":\"BreadcrumbList\",\"@id\":\"https:\/\/xnet-x.net\/ca\/jamend\/#breadcrumb\",\"itemListElement\":[{\"@type\":\"ListItem\",\"position\":1,\"name\":\"Portada\",\"item\":\"https:\/\/xnet-x.net\/ca\/\"},{\"@type\":\"ListItem\",\"position\":2,\"name\":\"Jamendo &#038; Orxata Sound System\"}]},{\"@type\":\"WebSite\",\"@id\":\"https:\/\/xnet-x.net\/ca\/#website\",\"url\":\"https:\/\/xnet-x.net\/ca\/\",\"name\":\"[:es]Xnet - Internet, derechos y democracia en la era digital[:ca]Xnet - Internet, drets i democr\u00e0cia en l'era digital[:en]Xnet - Internet freedoms & digital rights[:]\",\"description\":\"Xnet: Internet, informaci\u00f3 i cultura lliures. Tecnopol\u00edtica. Dades, algoritmes i drets digitals. Llibertat d&#039;expressi\u00f3. Democr\u00e0cia i anticorrupci\u00f3\",\"publisher\":{\"@id\":\"https:\/\/xnet-x.net\/ca\/#organization\"},\"potentialAction\":[{\"@type\":\"SearchAction\",\"target\":{\"@type\":\"EntryPoint\",\"urlTemplate\":\"https:\/\/xnet-x.net\/ca\/?s={search_term_string}\"},\"query-input\":{\"@type\":\"PropertyValueSpecification\",\"valueRequired\":true,\"valueName\":\"search_term_string\"}}],\"inLanguage\":\"ca-ES\"},{\"@type\":\"Organization\",\"@id\":\"https:\/\/xnet-x.net\/ca\/#organization\",\"name\":\"Xnet - Internet, drets i democr\u00e0cia en l'era digital\",\"url\":\"https:\/\/xnet-x.net\/ca\/\",\"logo\":{\"@type\":\"ImageObject\",\"inLanguage\":\"ca-ES\",\"@id\":\"https:\/\/xnet-x.net\/ca\/#\/schema\/logo\/image\/\",\"url\":\"https:\/\/xnet-x.net\/img\/xnet-logo.png\",\"contentUrl\":\"https:\/\/xnet-x.net\/img\/xnet-logo.png\",\"width\":512,\"height\":512,\"caption\":\"Xnet - Internet, drets i democr\u00e0cia en l'era digital\"},\"image\":{\"@id\":\"https:\/\/xnet-x.net\/ca\/#\/schema\/logo\/image\/\"},\"sameAs\":[\"http:\/\/facebook.com\/RedX.Net\/\",\"https:\/\/x.com\/x_net_\",\"https:\/\/es.wikipedia.org\/wiki\/Xnet\"]}]}<\/script>\n<!-- \/ Yoast SEO plugin. -->","yoast_head_json":{"title":"Jamendo & Orxata Sound System -","robots":{"index":"index","follow":"follow","max-snippet":"max-snippet:-1","max-image-preview":"max-image-preview:large","max-video-preview":"max-video-preview:-1"},"canonical":"https:\/\/xnet-x.net\/ca\/jamend\/","twitter_misc":{"Est. reading time":"1 minute"},"schema":{"@context":"https:\/\/schema.org","@graph":[{"@type":"WebPage","@id":"https:\/\/xnet-x.net\/ca\/jamend\/","url":"https:\/\/xnet-x.net\/ca\/jamend\/","name":"Jamendo & Orxata Sound System -","isPartOf":{"@id":"https:\/\/xnet-x.net\/ca\/#website"},"primaryImageOfPage":{"@id":"https:\/\/xnet-x.net\/ca\/jamend\/#primaryimage"},"image":{"@id":"https:\/\/xnet-x.net\/es\/jamend\/#primaryimage"},"thumbnailUrl":"http:\/\/farm3.static.flickr.com\/2191\/2824904411_6a8afef96a.jpg","datePublished":"2008-09-11T15:44:26+00:00","dateModified":"2008-09-13T17:32:22+00:00","breadcrumb":{"@id":"https:\/\/xnet-x.net\/ca\/jamend\/#breadcrumb"},"inLanguage":"ca-ES","potentialAction":[{"@type":"ReadAction","target":[["https:\/\/xnet-x.net\/ca\/jamend\/"]]}]},{"@type":"ImageObject","inLanguage":"ca-ES","@id":"https:\/\/xnet-x.net\/ca\/jamend\/#primaryimage","url":"http:\/\/farm3.static.flickr.com\/2191\/2824904411_6a8afef96a.jpg","contentUrl":"http:\/\/farm3.static.flickr.com\/2191\/2824904411_6a8afef96a.jpg"},{"@type":"BreadcrumbList","@id":"https:\/\/xnet-x.net\/ca\/jamend\/#breadcrumb","itemListElement":[{"@type":"ListItem","position":1,"name":"Portada","item":"https:\/\/xnet-x.net\/ca\/"},{"@type":"ListItem","position":2,"name":"Jamendo &#038; Orxata Sound System"}]},{"@type":"WebSite","@id":"https:\/\/xnet-x.net\/ca\/#website","url":"https:\/\/xnet-x.net\/ca\/","name":"[:es]Xnet - Internet, derechos y democracia en la era digital[:ca]Xnet - Internet, drets i democr\u00e0cia en l'era digital[:en]Xnet - Internet freedoms & digital rights[:]","description":"Xnet: Internet, informaci\u00f3 i cultura lliures. Tecnopol\u00edtica. Dades, algoritmes i drets digitals. Llibertat d&#039;expressi\u00f3. Democr\u00e0cia i anticorrupci\u00f3","publisher":{"@id":"https:\/\/xnet-x.net\/ca\/#organization"},"potentialAction":[{"@type":"SearchAction","target":{"@type":"EntryPoint","urlTemplate":"https:\/\/xnet-x.net\/ca\/?s={search_term_string}"},"query-input":{"@type":"PropertyValueSpecification","valueRequired":true,"valueName":"search_term_string"}}],"inLanguage":"ca-ES"},{"@type":"Organization","@id":"https:\/\/xnet-x.net\/ca\/#organization","name":"Xnet - Internet, drets i democr\u00e0cia en l'era digital","url":"https:\/\/xnet-x.net\/ca\/","logo":{"@type":"ImageObject","inLanguage":"ca-ES","@id":"https:\/\/xnet-x.net\/ca\/#\/schema\/logo\/image\/","url":"https:\/\/xnet-x.net\/img\/xnet-logo.png","contentUrl":"https:\/\/xnet-x.net\/img\/xnet-logo.png","width":512,"height":512,"caption":"Xnet - Internet, drets i democr\u00e0cia en l'era digital"},"image":{"@id":"https:\/\/xnet-x.net\/ca\/#\/schema\/logo\/image\/"},"sameAs":["http:\/\/facebook.com\/RedX.Net\/","https:\/\/x.com\/x_net_","https:\/\/es.wikipedia.org\/wiki\/Xnet"]}]}},"_links":{"self":[{"href":"https:\/\/xnet-x.net\/ca\/wp-json\/wp\/v2\/pages\/197","targetHints":{"allow":["GET"]}}],"collection":[{"href":"https:\/\/xnet-x.net\/ca\/wp-json\/wp\/v2\/pages"}],"about":[{"href":"https:\/\/xnet-x.net\/ca\/wp-json\/wp\/v2\/types\/page"}],"author":[{"embeddable":true,"href":"https:\/\/xnet-x.net\/ca\/wp-json\/wp\/v2\/users\/5"}],"replies":[{"embeddable":true,"href":"https:\/\/xnet-x.net\/ca\/wp-json\/wp\/v2\/comments?post=197"}],"version-history":[{"count":0,"href":"https:\/\/xnet-x.net\/ca\/wp-json\/wp\/v2\/pages\/197\/revisions"}],"wp:attachment":[{"href":"https:\/\/xnet-x.net\/ca\/wp-json\/wp\/v2\/media?parent=197"}],"curies":[{"name":"wp","href":"https:\/\/api.w.org\/{rel}","templated":true}]}}