{"id":196,"date":"2008-09-11T19:18:31","date_gmt":"2008-09-11T17:18:31","guid":{"rendered":"http:\/\/la-ex.net\/?page_id=196"},"modified":"2015-04-26T14:01:22","modified_gmt":"2015-04-26T13:01:22","slug":"telekommunisteniscalling","status":"publish","type":"page","link":"https:\/\/xnet-x.net\/ca\/telekommunisten\/","title":{"rendered":"Telekommunisten"},"content":{"rendered":"<p><img loading=\"lazy\" decoding=\"async\" style=\"vertical-align: top;\" src=\"http:\/\/farm4.static.flickr.com\/3068\/2830028003_162ddc4a94.jpg\" alt=\"\" width=\"500\" height=\"153\" \/><\/p>\n<p>Telekommunisten is a German\/Canadian Worker\u2019s collective based in Berlin. The collective is involved in the art, hacker\/free-software and activist communities, and their work focuses on promoting the ideal of workers\u2019 self-organisation of production as a form of class struggle.<br \/>\nTelekommunisten is controlled by its workers and committed to staying that way. They believe that they can serve their customers best and at the lowest cost by remaining focused on meeting the needs of their workers and customers, not on profits for outside shareholders.<br \/>\nThey believe that capitalism and the resulting global dominance of undemocratic corporations are the source of poverty, inequality, war and environmental catastrophe. They also believe a solution can be found in workers autonomously organizing their own production. Without the theft of the product of labour, the oligarchs would not have the wealth to control corrupt politicians and fund immoral wars.<br \/>\n<a href=\"http:\/\/www.telekommunisten.net\/\" target=\"_blank\">www.telekommunisten.net<\/a><\/p>","protected":false},"excerpt":{"rendered":"<p>Telekommunisten is a German\/Canadian Worker\u2019s collective based in Berlin. The collective is involved in the art, hacker\/free-software and activist communities, and their work focuses on promoting the ideal of workers\u2019 self-organisation of production as a form of class struggle. Telekommunisten is controlled by its workers and committed to staying that way. They believe that they [&hellip;]<\/p>\n","protected":false},"author":5,"featured_media":7819,"parent":0,"menu_order":0,"comment_status":"closed","ping_status":"closed","template":"","meta":{"footnotes":""},"class_list":["post-196","page","type-page","status-publish","has-post-thumbnail","hentry"],"yoast_head":"<!-- This site is optimized with the Yoast SEO plugin v26.7 - https:\/\/yoast.com\/wordpress\/plugins\/seo\/ -->\n<title>Telekommunisten -<\/title>\n<meta name=\"robots\" content=\"index, follow, max-snippet:-1, max-image-preview:large, max-video-preview:-1\" \/>\n<link rel=\"canonical\" href=\"https:\/\/xnet-x.net\/ca\/telekommunisten\/\" \/>\n<meta name=\"twitter:label1\" content=\"Est. reading time\" \/>\n\t<meta name=\"twitter:data1\" content=\"2 minutes\" \/>\n<script type=\"application\/ld+json\" class=\"yoast-schema-graph\">{\"@context\":\"https:\/\/schema.org\",\"@graph\":[{\"@type\":\"WebPage\",\"@id\":\"https:\/\/xnet-x.net\/ca\/telekommunisten\/\",\"url\":\"https:\/\/xnet-x.net\/ca\/telekommunisten\/\",\"name\":\"Telekommunisten -\",\"isPartOf\":{\"@id\":\"https:\/\/xnet-x.net\/ca\/#website\"},\"primaryImageOfPage\":{\"@id\":\"https:\/\/xnet-x.net\/ca\/telekommunisten\/#primaryimage\"},\"image\":{\"@id\":\"https:\/\/xnet-x.net\/es\/telekommunisten\/#primaryimage\"},\"thumbnailUrl\":\"https:\/\/xnet-x.net\/img\/telekommunisten-img.jpg\",\"datePublished\":\"2008-09-11T17:18:31+00:00\",\"dateModified\":\"2015-04-26T13:01:22+00:00\",\"breadcrumb\":{\"@id\":\"https:\/\/xnet-x.net\/ca\/telekommunisten\/#breadcrumb\"},\"inLanguage\":\"ca-ES\",\"potentialAction\":[{\"@type\":\"ReadAction\",\"target\":[[\"https:\/\/xnet-x.net\/ca\/telekommunisten\/\"]]}]},{\"@type\":\"ImageObject\",\"inLanguage\":\"ca-ES\",\"@id\":\"https:\/\/xnet-x.net\/ca\/telekommunisten\/#primaryimage\",\"url\":\"https:\/\/xnet-x.net\/img\/telekommunisten-img.jpg\",\"contentUrl\":\"https:\/\/xnet-x.net\/img\/telekommunisten-img.jpg\",\"width\":480,\"height\":480,\"caption\":\"telekommunisten\"},{\"@type\":\"BreadcrumbList\",\"@id\":\"https:\/\/xnet-x.net\/ca\/telekommunisten\/#breadcrumb\",\"itemListElement\":[{\"@type\":\"ListItem\",\"position\":1,\"name\":\"Portada\",\"item\":\"https:\/\/xnet-x.net\/ca\/\"},{\"@type\":\"ListItem\",\"position\":2,\"name\":\"Telekommunisten\"}]},{\"@type\":\"WebSite\",\"@id\":\"https:\/\/xnet-x.net\/ca\/#website\",\"url\":\"https:\/\/xnet-x.net\/ca\/\",\"name\":\"[:es]Xnet - Internet, derechos y democracia en la era digital[:ca]Xnet - Internet, drets i democr\u00e0cia en l'era digital[:en]Xnet - Internet freedoms & digital rights[:]\",\"description\":\"Xnet: Internet, informaci\u00f3 i cultura lliures. Tecnopol\u00edtica. Dades, algoritmes i drets digitals. Llibertat d&#039;expressi\u00f3. Democr\u00e0cia i anticorrupci\u00f3\",\"publisher\":{\"@id\":\"https:\/\/xnet-x.net\/ca\/#organization\"},\"potentialAction\":[{\"@type\":\"SearchAction\",\"target\":{\"@type\":\"EntryPoint\",\"urlTemplate\":\"https:\/\/xnet-x.net\/ca\/?s={search_term_string}\"},\"query-input\":{\"@type\":\"PropertyValueSpecification\",\"valueRequired\":true,\"valueName\":\"search_term_string\"}}],\"inLanguage\":\"ca-ES\"},{\"@type\":\"Organization\",\"@id\":\"https:\/\/xnet-x.net\/ca\/#organization\",\"name\":\"Xnet - Internet, drets i democr\u00e0cia en l'era digital\",\"url\":\"https:\/\/xnet-x.net\/ca\/\",\"logo\":{\"@type\":\"ImageObject\",\"inLanguage\":\"ca-ES\",\"@id\":\"https:\/\/xnet-x.net\/ca\/#\/schema\/logo\/image\/\",\"url\":\"https:\/\/xnet-x.net\/img\/xnet-logo.png\",\"contentUrl\":\"https:\/\/xnet-x.net\/img\/xnet-logo.png\",\"width\":512,\"height\":512,\"caption\":\"Xnet - Internet, drets i democr\u00e0cia en l'era digital\"},\"image\":{\"@id\":\"https:\/\/xnet-x.net\/ca\/#\/schema\/logo\/image\/\"},\"sameAs\":[\"http:\/\/facebook.com\/RedX.Net\/\",\"https:\/\/x.com\/x_net_\",\"https:\/\/es.wikipedia.org\/wiki\/Xnet\"]}]}<\/script>\n<!-- \/ Yoast SEO plugin. -->","yoast_head_json":{"title":"Telekommunisten -","robots":{"index":"index","follow":"follow","max-snippet":"max-snippet:-1","max-image-preview":"max-image-preview:large","max-video-preview":"max-video-preview:-1"},"canonical":"https:\/\/xnet-x.net\/ca\/telekommunisten\/","twitter_misc":{"Est. reading time":"2 minutes"},"schema":{"@context":"https:\/\/schema.org","@graph":[{"@type":"WebPage","@id":"https:\/\/xnet-x.net\/ca\/telekommunisten\/","url":"https:\/\/xnet-x.net\/ca\/telekommunisten\/","name":"Telekommunisten -","isPartOf":{"@id":"https:\/\/xnet-x.net\/ca\/#website"},"primaryImageOfPage":{"@id":"https:\/\/xnet-x.net\/ca\/telekommunisten\/#primaryimage"},"image":{"@id":"https:\/\/xnet-x.net\/es\/telekommunisten\/#primaryimage"},"thumbnailUrl":"https:\/\/xnet-x.net\/img\/telekommunisten-img.jpg","datePublished":"2008-09-11T17:18:31+00:00","dateModified":"2015-04-26T13:01:22+00:00","breadcrumb":{"@id":"https:\/\/xnet-x.net\/ca\/telekommunisten\/#breadcrumb"},"inLanguage":"ca-ES","potentialAction":[{"@type":"ReadAction","target":[["https:\/\/xnet-x.net\/ca\/telekommunisten\/"]]}]},{"@type":"ImageObject","inLanguage":"ca-ES","@id":"https:\/\/xnet-x.net\/ca\/telekommunisten\/#primaryimage","url":"https:\/\/xnet-x.net\/img\/telekommunisten-img.jpg","contentUrl":"https:\/\/xnet-x.net\/img\/telekommunisten-img.jpg","width":480,"height":480,"caption":"telekommunisten"},{"@type":"BreadcrumbList","@id":"https:\/\/xnet-x.net\/ca\/telekommunisten\/#breadcrumb","itemListElement":[{"@type":"ListItem","position":1,"name":"Portada","item":"https:\/\/xnet-x.net\/ca\/"},{"@type":"ListItem","position":2,"name":"Telekommunisten"}]},{"@type":"WebSite","@id":"https:\/\/xnet-x.net\/ca\/#website","url":"https:\/\/xnet-x.net\/ca\/","name":"[:es]Xnet - Internet, derechos y democracia en la era digital[:ca]Xnet - Internet, drets i democr\u00e0cia en l'era digital[:en]Xnet - Internet freedoms & digital rights[:]","description":"Xnet: Internet, informaci\u00f3 i cultura lliures. Tecnopol\u00edtica. Dades, algoritmes i drets digitals. Llibertat d&#039;expressi\u00f3. Democr\u00e0cia i anticorrupci\u00f3","publisher":{"@id":"https:\/\/xnet-x.net\/ca\/#organization"},"potentialAction":[{"@type":"SearchAction","target":{"@type":"EntryPoint","urlTemplate":"https:\/\/xnet-x.net\/ca\/?s={search_term_string}"},"query-input":{"@type":"PropertyValueSpecification","valueRequired":true,"valueName":"search_term_string"}}],"inLanguage":"ca-ES"},{"@type":"Organization","@id":"https:\/\/xnet-x.net\/ca\/#organization","name":"Xnet - Internet, drets i democr\u00e0cia en l'era digital","url":"https:\/\/xnet-x.net\/ca\/","logo":{"@type":"ImageObject","inLanguage":"ca-ES","@id":"https:\/\/xnet-x.net\/ca\/#\/schema\/logo\/image\/","url":"https:\/\/xnet-x.net\/img\/xnet-logo.png","contentUrl":"https:\/\/xnet-x.net\/img\/xnet-logo.png","width":512,"height":512,"caption":"Xnet - Internet, drets i democr\u00e0cia en l'era digital"},"image":{"@id":"https:\/\/xnet-x.net\/ca\/#\/schema\/logo\/image\/"},"sameAs":["http:\/\/facebook.com\/RedX.Net\/","https:\/\/x.com\/x_net_","https:\/\/es.wikipedia.org\/wiki\/Xnet"]}]}},"_links":{"self":[{"href":"https:\/\/xnet-x.net\/ca\/wp-json\/wp\/v2\/pages\/196","targetHints":{"allow":["GET"]}}],"collection":[{"href":"https:\/\/xnet-x.net\/ca\/wp-json\/wp\/v2\/pages"}],"about":[{"href":"https:\/\/xnet-x.net\/ca\/wp-json\/wp\/v2\/types\/page"}],"author":[{"embeddable":true,"href":"https:\/\/xnet-x.net\/ca\/wp-json\/wp\/v2\/users\/5"}],"replies":[{"embeddable":true,"href":"https:\/\/xnet-x.net\/ca\/wp-json\/wp\/v2\/comments?post=196"}],"version-history":[{"count":2,"href":"https:\/\/xnet-x.net\/ca\/wp-json\/wp\/v2\/pages\/196\/revisions"}],"predecessor-version":[{"id":7820,"href":"https:\/\/xnet-x.net\/ca\/wp-json\/wp\/v2\/pages\/196\/revisions\/7820"}],"wp:featuredmedia":[{"embeddable":true,"href":"https:\/\/xnet-x.net\/ca\/wp-json\/wp\/v2\/media\/7819"}],"wp:attachment":[{"href":"https:\/\/xnet-x.net\/ca\/wp-json\/wp\/v2\/media?parent=196"}],"curies":[{"name":"wp","href":"https:\/\/api.w.org\/{rel}","templated":true}]}}