{"id":1951,"date":"2010-11-28T12:37:28","date_gmt":"2010-11-28T11:37:28","guid":{"rendered":"http:\/\/la-ex.net\/?page_id=1951"},"modified":"2015-01-27T16:16:07","modified_gmt":"2015-01-27T15:16:07","slug":"por-que-cambio-de-nombre-exgae","status":"publish","type":"page","link":"https:\/\/xnet-x.net\/ca\/por-que-cambia-de-nombre-exgae\/","title":{"rendered":"\u00bfPor qu\u00e9 cambia de nombre EXGAE?"},"content":{"rendered":"<p>[Per falta de temps i recursos, la traducci\u00f3 al catal\u00e0 d&#8217;aquesta web no est\u00e0 acabada. Si trobes interessants alguns dels nostres documents i tens temps de traduir-los, ens ho pot enviar (si us plau, reproduint la maquetaci\u00f3). Moltes gr\u00e0cies!]<\/p>\n<table>\n<tbody>\n<tr>\n<td style=\"width: 200px;\"><img loading=\"lazy\" decoding=\"async\" class=\"alignnone\" title=\"Visitas EXGAE\" src=\"http:\/\/xnet-x.net\/wp-content\/uploads\/2010\/09\/grafico-exgae.png\" alt=\"\" width=\"236\" height=\"254\" \/><\/td>\n<p><strong>Nuestra plataforma se constituye en 2008 y se hace publica el 14 de abril bajo el nombre de EXGAE.<\/strong><\/p>\n<p><strong>EXGAE empieza respaldada por m\u00e1s de 8000 personas.<\/strong><\/p>\n<p><strong>Hoy en d\u00eda contamos con una extens\u00edsima red de afinidad a nivel nacional e internacional.<\/strong><\/p>\n<p><strong>A continuaci\u00f3n puedes leer el por qu\u00e9 el 29 de noviembre de 2010 nos cambiamos de nombre y pasamos a llamarnos La EX.<\/strong><\/tr>\n<tr>\n<td>\n<h5>9 de septiembre de 2010: las numerosas muestras de apoyo a EXGAE tras la amenaza de demanda por parte de SGAE provocan la caida del servidor por la avalancha de visitas. (110.000 en unas horas) :-)<\/h5>\n<\/td>\n<\/tr>\n<\/tbody>\n<\/table>\n<h2>Si tienes un FaXtidio, si son algo seSGAdos, deXm\u00e1rcate<\/h2>\n<p><strong>EXGAE CAMBIA DE NOMBRE<\/strong><\/p>\n<p>Ellos (la SGAE) estaban eXasperados con EXGAE y enviaron el pasado 2 de agosto de 2010 un burofaX  en el que eXig\u00edan nuestra eXtinci\u00f3n en un plazo m\u00e1Ximo de siete d\u00edas o interpondr\u00edan una demanda por violaci\u00f3n de la ley de marcas y patentes, competencia desleal, da\u00f1os a la imagen y al honor y unas cuantas cosas m\u00e1s que ten\u00edan en el tintero.<br \/>\nLa reacci\u00f3n\u00a0eXplosiva que inund\u00f3\u00a0la\u00a0red en nuestro apoyo, llev\u00f3 a que, al cabo de un tiempo, los servicios jur\u00eddicos de SGAE se pusieran en contacto con EXGAE\u00a0eXtrajudicialmente (o sea, por tel\u00e9fono) mostr\u00e1ndose eXcitados ante la posibilidad de un di\u00e1logo. En ese eXacto momento nos percatamos del eXtraordinario valor colectivo de\u00a0 la oclusiva velar sorda &#8220;K&#8221; ;-).<\/p>\n<p>La eXtravagante situaci\u00f3n nos permiti\u00f3 eXtrapolar novedosos pros y contras de la estrategia a seguir:<\/p>\n<p>A) Afrontar varios litigios con SGAE por marcas, patentes y todo-lo-dem\u00e1s, puede eXtenderse por a\u00f1os y resultar eXtraordinariamente costoso en tiempo, dinero y energ\u00edas. Obteniendo al final nulo beneficio para la comunidad, tan s\u00f3lo lo mismo que tenemos ahora y la eXhibici\u00f3n de un nombre\u2026EXtenuarnos favorece la SGAE y nuestra alienaci\u00f3n resultar\u00eda ineXcusable.<\/p>\n<p>B) Aprovechar el cambio de actitud para dar un empuj\u00f3n eXpectacular\u00a0a algunas de\u00a0las batallas en las que tanta gente lucha desde hace mucho y en las que EXGAE intenta aportar su granito de arena.<br \/>\nEst\u00e1 claro que el beneficio que puede obtenerse de la apertura del nuevo paisaje supera con eXceso a los discutibles beneficios de figurar en titulares de prensa por un pleito tan eXc\u00e9ntrico como eXtempor\u00e1neo. La respuesta cay\u00f3 por su propio peso.<\/p>\n<p>As\u00ed que: EXGAE cambiar\u00e1 de nombre y la SGAE eXcluye todas sus intenciones de demandas, comprometi\u00e9ndose\u00a0a eXplayarse ;-) en una Mesa de Di\u00e1logo durante la primavera de 2011 sobre una hist\u00f3rica eXigencia de la sociedad civil: las licencias libres para socios, no socios y usuarios.<\/p>\n<p>La apuesta de EXGAE es poner una vez m\u00e1s el foco sobre lo que la sociedad civil lleva a\u00f1os pidiendo y contribuir a que la comunidad intervenga  acelerando el cambio que es inevitable y que ser\u00e1 viral a nivel internacional.<\/p>\n<p>Nosotros cambiamos y aqu\u00ed seguimos. Ellos\u2026 \u00bfpueden cambiar? Ya no hay eXcusas, entre todos haremos que sea de verdad.<\/p>\n<p>Damos las gracias a todos los que ofrecieron sacrificar su dinero y esfuerzo en los pleitos .  Como la misma Red nos ha sugerido, mejor guardemos todo estos recursos para lograr un verdadero cambio para la defensa de los derechos de autores y ciudadanos, la defensa de Internet y darle duro a la Ley Sinde.<\/p>\n<p>Ahora nos ponemos en eXtandby 2 meses para organizarlo todo.<\/p>\n<p>\u00bfD\u00f3nde nos puede encontrar?<\/p>\n<p><strong>eX igual<br \/>\neX lo mismo<\/strong><\/p>\n<p><strong>eX de siempre<\/strong><\/p>\n<p><strong>De la EXGAE\u00a0 X.net se queda la mejor parte.<\/strong><\/p>\n<p><strong>La eX de\u00a0 Multiplica<br \/>\nLa X\u00a0de para todos los p\u00fablicos<br \/>\nLa X\u00a0de Arte y Reparte<\/strong><\/p>\n<p><strong>Para todo lo dem\u00e1s,\u00a0 ll\u00e1manos<\/strong><\/p>\n<p><strong><a href=\"http:\/\/xnet-x.net\/\">X.net<\/a><\/strong><\/p>","protected":false},"excerpt":{"rendered":"<p>[Per falta de temps i recursos, la traducci\u00f3 al catal\u00e0 d&#8217;aquesta web no est\u00e0 acabada. Si trobes interessants alguns dels nostres documents i tens temps de traduir-los, ens ho pot enviar (si us plau, reproduint la maquetaci\u00f3). Moltes gr\u00e0cies!] Nuestra plataforma se constituye en 2008 y se hace publica el 14 de abril bajo el [&hellip;]<\/p>\n","protected":false},"author":5,"featured_media":0,"parent":0,"menu_order":0,"comment_status":"closed","ping_status":"closed","template":"","meta":{"footnotes":""},"class_list":["post-1951","page","type-page","status-publish","hentry"],"yoast_head":"<!-- This site is optimized with the Yoast SEO plugin v26.7 - https:\/\/yoast.com\/wordpress\/plugins\/seo\/ -->\n<title>\u00bfPor qu\u00e9 cambia de nombre EXGAE? -<\/title>\n<meta name=\"robots\" content=\"index, follow, max-snippet:-1, max-image-preview:large, max-video-preview:-1\" \/>\n<link rel=\"canonical\" href=\"https:\/\/xnet-x.net\/ca\/por-que-cambia-de-nombre-exgae\/\" \/>\n<meta name=\"twitter:label1\" content=\"Est. reading time\" \/>\n\t<meta name=\"twitter:data1\" content=\"6 minutes\" \/>\n<script type=\"application\/ld+json\" class=\"yoast-schema-graph\">{\"@context\":\"https:\/\/schema.org\",\"@graph\":[{\"@type\":\"WebPage\",\"@id\":\"https:\/\/xnet-x.net\/ca\/por-que-cambia-de-nombre-exgae\/\",\"url\":\"https:\/\/xnet-x.net\/ca\/por-que-cambia-de-nombre-exgae\/\",\"name\":\"\u00bfPor qu\u00e9 cambia de nombre EXGAE? -\",\"isPartOf\":{\"@id\":\"https:\/\/xnet-x.net\/ca\/#website\"},\"primaryImageOfPage\":{\"@id\":\"https:\/\/xnet-x.net\/ca\/por-que-cambia-de-nombre-exgae\/#primaryimage\"},\"image\":{\"@id\":\"https:\/\/xnet-x.net\/es\/por-que-cambia-de-nombre-exgae\/#primaryimage\"},\"thumbnailUrl\":\"http:\/\/xnet-x.net\/wp-content\/uploads\/2010\/09\/grafico-exgae.png\",\"datePublished\":\"2010-11-28T11:37:28+00:00\",\"dateModified\":\"2015-01-27T15:16:07+00:00\",\"breadcrumb\":{\"@id\":\"https:\/\/xnet-x.net\/ca\/por-que-cambia-de-nombre-exgae\/#breadcrumb\"},\"inLanguage\":\"ca-ES\",\"potentialAction\":[{\"@type\":\"ReadAction\",\"target\":[[\"https:\/\/xnet-x.net\/ca\/por-que-cambia-de-nombre-exgae\/\"]]}]},{\"@type\":\"ImageObject\",\"inLanguage\":\"ca-ES\",\"@id\":\"https:\/\/xnet-x.net\/ca\/por-que-cambia-de-nombre-exgae\/#primaryimage\",\"url\":\"http:\/\/xnet-x.net\/wp-content\/uploads\/2010\/09\/grafico-exgae.png\",\"contentUrl\":\"http:\/\/xnet-x.net\/wp-content\/uploads\/2010\/09\/grafico-exgae.png\"},{\"@type\":\"BreadcrumbList\",\"@id\":\"https:\/\/xnet-x.net\/ca\/por-que-cambia-de-nombre-exgae\/#breadcrumb\",\"itemListElement\":[{\"@type\":\"ListItem\",\"position\":1,\"name\":\"Portada\",\"item\":\"https:\/\/xnet-x.net\/ca\/\"},{\"@type\":\"ListItem\",\"position\":2,\"name\":\"\u00bfPor qu\u00e9 cambia de nombre EXGAE?\"}]},{\"@type\":\"WebSite\",\"@id\":\"https:\/\/xnet-x.net\/ca\/#website\",\"url\":\"https:\/\/xnet-x.net\/ca\/\",\"name\":\"[:es]Xnet - Internet, derechos y democracia en la era digital[:ca]Xnet - Internet, drets i democr\u00e0cia en l'era digital[:en]Xnet - Internet freedoms & digital rights[:]\",\"description\":\"Xnet: Internet, informaci\u00f3 i cultura lliures. Tecnopol\u00edtica. Dades, algoritmes i drets digitals. Llibertat d&#039;expressi\u00f3. Democr\u00e0cia i anticorrupci\u00f3\",\"publisher\":{\"@id\":\"https:\/\/xnet-x.net\/ca\/#organization\"},\"potentialAction\":[{\"@type\":\"SearchAction\",\"target\":{\"@type\":\"EntryPoint\",\"urlTemplate\":\"https:\/\/xnet-x.net\/ca\/?s={search_term_string}\"},\"query-input\":{\"@type\":\"PropertyValueSpecification\",\"valueRequired\":true,\"valueName\":\"search_term_string\"}}],\"inLanguage\":\"ca-ES\"},{\"@type\":\"Organization\",\"@id\":\"https:\/\/xnet-x.net\/ca\/#organization\",\"name\":\"Xnet - Internet, drets i democr\u00e0cia en l'era digital\",\"url\":\"https:\/\/xnet-x.net\/ca\/\",\"logo\":{\"@type\":\"ImageObject\",\"inLanguage\":\"ca-ES\",\"@id\":\"https:\/\/xnet-x.net\/ca\/#\/schema\/logo\/image\/\",\"url\":\"https:\/\/xnet-x.net\/img\/xnet-logo.png\",\"contentUrl\":\"https:\/\/xnet-x.net\/img\/xnet-logo.png\",\"width\":512,\"height\":512,\"caption\":\"Xnet - Internet, drets i democr\u00e0cia en l'era digital\"},\"image\":{\"@id\":\"https:\/\/xnet-x.net\/ca\/#\/schema\/logo\/image\/\"},\"sameAs\":[\"http:\/\/facebook.com\/RedX.Net\/\",\"https:\/\/x.com\/x_net_\",\"https:\/\/es.wikipedia.org\/wiki\/Xnet\"]}]}<\/script>\n<!-- \/ Yoast SEO plugin. -->","yoast_head_json":{"title":"\u00bfPor qu\u00e9 cambia de nombre EXGAE? -","robots":{"index":"index","follow":"follow","max-snippet":"max-snippet:-1","max-image-preview":"max-image-preview:large","max-video-preview":"max-video-preview:-1"},"canonical":"https:\/\/xnet-x.net\/ca\/por-que-cambia-de-nombre-exgae\/","twitter_misc":{"Est. reading time":"6 minutes"},"schema":{"@context":"https:\/\/schema.org","@graph":[{"@type":"WebPage","@id":"https:\/\/xnet-x.net\/ca\/por-que-cambia-de-nombre-exgae\/","url":"https:\/\/xnet-x.net\/ca\/por-que-cambia-de-nombre-exgae\/","name":"\u00bfPor qu\u00e9 cambia de nombre EXGAE? -","isPartOf":{"@id":"https:\/\/xnet-x.net\/ca\/#website"},"primaryImageOfPage":{"@id":"https:\/\/xnet-x.net\/ca\/por-que-cambia-de-nombre-exgae\/#primaryimage"},"image":{"@id":"https:\/\/xnet-x.net\/es\/por-que-cambia-de-nombre-exgae\/#primaryimage"},"thumbnailUrl":"http:\/\/xnet-x.net\/wp-content\/uploads\/2010\/09\/grafico-exgae.png","datePublished":"2010-11-28T11:37:28+00:00","dateModified":"2015-01-27T15:16:07+00:00","breadcrumb":{"@id":"https:\/\/xnet-x.net\/ca\/por-que-cambia-de-nombre-exgae\/#breadcrumb"},"inLanguage":"ca-ES","potentialAction":[{"@type":"ReadAction","target":[["https:\/\/xnet-x.net\/ca\/por-que-cambia-de-nombre-exgae\/"]]}]},{"@type":"ImageObject","inLanguage":"ca-ES","@id":"https:\/\/xnet-x.net\/ca\/por-que-cambia-de-nombre-exgae\/#primaryimage","url":"http:\/\/xnet-x.net\/wp-content\/uploads\/2010\/09\/grafico-exgae.png","contentUrl":"http:\/\/xnet-x.net\/wp-content\/uploads\/2010\/09\/grafico-exgae.png"},{"@type":"BreadcrumbList","@id":"https:\/\/xnet-x.net\/ca\/por-que-cambia-de-nombre-exgae\/#breadcrumb","itemListElement":[{"@type":"ListItem","position":1,"name":"Portada","item":"https:\/\/xnet-x.net\/ca\/"},{"@type":"ListItem","position":2,"name":"\u00bfPor qu\u00e9 cambia de nombre EXGAE?"}]},{"@type":"WebSite","@id":"https:\/\/xnet-x.net\/ca\/#website","url":"https:\/\/xnet-x.net\/ca\/","name":"[:es]Xnet - Internet, derechos y democracia en la era digital[:ca]Xnet - Internet, drets i democr\u00e0cia en l'era digital[:en]Xnet - Internet freedoms & digital rights[:]","description":"Xnet: Internet, informaci\u00f3 i cultura lliures. Tecnopol\u00edtica. Dades, algoritmes i drets digitals. Llibertat d&#039;expressi\u00f3. Democr\u00e0cia i anticorrupci\u00f3","publisher":{"@id":"https:\/\/xnet-x.net\/ca\/#organization"},"potentialAction":[{"@type":"SearchAction","target":{"@type":"EntryPoint","urlTemplate":"https:\/\/xnet-x.net\/ca\/?s={search_term_string}"},"query-input":{"@type":"PropertyValueSpecification","valueRequired":true,"valueName":"search_term_string"}}],"inLanguage":"ca-ES"},{"@type":"Organization","@id":"https:\/\/xnet-x.net\/ca\/#organization","name":"Xnet - Internet, drets i democr\u00e0cia en l'era digital","url":"https:\/\/xnet-x.net\/ca\/","logo":{"@type":"ImageObject","inLanguage":"ca-ES","@id":"https:\/\/xnet-x.net\/ca\/#\/schema\/logo\/image\/","url":"https:\/\/xnet-x.net\/img\/xnet-logo.png","contentUrl":"https:\/\/xnet-x.net\/img\/xnet-logo.png","width":512,"height":512,"caption":"Xnet - Internet, drets i democr\u00e0cia en l'era digital"},"image":{"@id":"https:\/\/xnet-x.net\/ca\/#\/schema\/logo\/image\/"},"sameAs":["http:\/\/facebook.com\/RedX.Net\/","https:\/\/x.com\/x_net_","https:\/\/es.wikipedia.org\/wiki\/Xnet"]}]}},"_links":{"self":[{"href":"https:\/\/xnet-x.net\/ca\/wp-json\/wp\/v2\/pages\/1951","targetHints":{"allow":["GET"]}}],"collection":[{"href":"https:\/\/xnet-x.net\/ca\/wp-json\/wp\/v2\/pages"}],"about":[{"href":"https:\/\/xnet-x.net\/ca\/wp-json\/wp\/v2\/types\/page"}],"author":[{"embeddable":true,"href":"https:\/\/xnet-x.net\/ca\/wp-json\/wp\/v2\/users\/5"}],"replies":[{"embeddable":true,"href":"https:\/\/xnet-x.net\/ca\/wp-json\/wp\/v2\/comments?post=1951"}],"version-history":[{"count":5,"href":"https:\/\/xnet-x.net\/ca\/wp-json\/wp\/v2\/pages\/1951\/revisions"}],"predecessor-version":[{"id":7280,"href":"https:\/\/xnet-x.net\/ca\/wp-json\/wp\/v2\/pages\/1951\/revisions\/7280"}],"wp:attachment":[{"href":"https:\/\/xnet-x.net\/ca\/wp-json\/wp\/v2\/media?parent=1951"}],"curies":[{"name":"wp","href":"https:\/\/api.w.org\/{rel}","templated":true}]}}