{"id":168,"date":"2008-09-03T19:18:06","date_gmt":"2008-09-03T17:18:06","guid":{"rendered":"http:\/\/la-ex.net\/?page_id=168"},"modified":"2011-03-24T17:30:23","modified_gmt":"2011-03-24T16:30:23","slug":"jueves","status":"publish","type":"page","link":"https:\/\/xnet-x.net\/ca\/los-oxcars\/programa\/jueves\/","title":{"rendered":"JUEVES 30 de octubre: CINE\/CHARLA"},"content":{"rendered":"<p>[Per falta de temps i recursos, la traducci\u00f3 al catal\u00e0 d&#8217;aquesta web no est\u00e0 acabada. Si trobes interessants alguns dels nostres documents i tens temps de traduir-los, ens ho pot enviar (si us plau, reproduint la maquetaci\u00f3). Moltes gr\u00e0cies!]<\/p>\n<p>CINE<br \/>\n19h &#8211; PRESENTACI\u00d3N DEL DOCUMENTAL <strong>&#8220;STEAL THIS FILM II&#8221; EN PRESENCIA DE LOS AUTORES<\/strong><br \/>\nCHARLA<br \/>\n20h &#8211; <strong>DEL CONSUMIDOR AL PRODUCTOR: \u00bfQUI\u00c9N MATAR\u00c1 A QUI\u00c9N?<\/strong><br \/>\n(Sala Conservas, C\/ Sant Pau 58 Bajos, 08001 Barcelona, metro: Liceu)<\/p>\n<p>(v\u00e9ase tambi\u00e9n <a href=\"\/los-oxcars\/programa\/toner\" target=\"_blank\">Alan Toner<\/a> en la Gala)<\/p>\n<p><img loading=\"lazy\" decoding=\"async\" class=\"alignleft\" style=\"float: left;\" src=\"http:\/\/farm4.static.flickr.com\/3194\/2824905603_69ff83d5ab_m.jpg\" alt=\"\" width=\"171\" height=\"240\" \/>Proyecci\u00f3n del documental:<br \/>\n<strong>Steal this film II<\/strong> (documental): (Roba esta pel\u00edcula 2). Por league of noble peers (alan toner, jamie king, jan gerber, luca lucarini, sebastien lutgert). La primera parte de este documental registr\u00f3 m\u00e1s de 3 millones de descargas en Internet. En esta segunda parte no se habla de compartir pel\u00edculas y m\u00fasica. Se habla del libre acceso a la cultura, la disminuci\u00f3n de los costes de distribuci\u00f3n y el derecho a copia y modificaci\u00f3n. Tambi\u00e9n del contacto directo entre creadores y p\u00fablico. Factores imprescindibles para crear una cultura libre.<br \/>\nSteal this film II es una reflexi\u00f3n sobre la propiedad intelectual, una manera creativa de pensar en el futuro de la copia, modificaci\u00f3n de la distribuci\u00f3n de cultura. Esta vez no se puede decir que nunca las segundas partes fueron buenas.<br \/>\nSteal this Film se distribuye solo en las redes para compartir archivos (P2P)<br \/>\n<a href=\"http:\/\/www.stealthisfilm.com\/Part2\/\" target=\"_blank\">http:\/\/www.stealthisfilm.com\/Part2\/<\/a><\/p>\n<p><strong>Charla \u201c\u00bfDe consumidores a productores, o qui\u00e9n matar\u00e1 a qui\u00e9n?\u201d<\/strong><br \/>\nY abriendo la ventana de la celda, se\u00f1al\u00f3 con el dedo la inmensa iglesia de Nuestra Se\u00f1ora, que perfilando contra el cielo estrellado la negra silueta de sus dos torres, de sus costillas de piedra y de su monstruosa grupa, parec\u00eda una enorme esfinge de dos cabezas sentada en medio de la ciudad. El archidi\u00e1cono contempl\u00f3 silencioso durante unos momentos el gigantesco edificio, y extendiendo con un suspiro su mano derecha en direcci\u00f3n del libro impreso, abierto encima de la mesa, y su mano izquierda hacia Nuestra Se\u00f1ora, y paseando con pena la mirada del libro a la iglesia, dijo:<br \/>\n-\u00a1Ay! Esto matar\u00e1 a aquello. &#8211; V\u00edctor  Hugo, El jorobado de Notre- Dame<\/p>\n<p>Hist\u00f3ricamente la industria del cine ha ejercido el dominio absoluto de los tres niveles b\u00e1sicos de su circuito comercial: producci\u00f3n, exposici\u00f3n y distribuci\u00f3n. Este control ha dado forma al actual panorama audiovisual. El cambio tecnol\u00f3gico ha erosionado este control en sus tres niveles. La pel\u00edcula y el equipo de edici\u00f3n ahora son un bien de mercado cuyo precio baja constantemente. Los proyectores digitales son baratos y de uso com\u00fan. Las redes de datos de alta velocidad proporcionan a un precio m\u00ednimo todos los elementos necesarios para la difusi\u00f3n.<br \/>\nAhora el poder de la industria del cine reside en su capacidad para cambiar los h\u00e1bitos de los espectadores mediante la publicidad, y en la propiedad del copyright de las pel\u00edculas, como productos en s\u00ed mismos y como materia prima para sus pr\u00f3ximos trabajos. Este es el marco de la guerra hist\u00e9rica contra la pirater\u00eda. Equipados con las herramientas descritas anteriormente, los consumidores dejan de ser clientes y se convierten en competidores y, por tanto, en enemigos. En este taller veremos cu\u00e1les son las herramientas de que dispone el consumidor para convertirse en productor en el campo de la producci\u00f3n, distribuci\u00f3n y exhibici\u00f3n. Adem\u00e1s propone un debate en torno a si el pron\u00f3stico de Hugo con respecto a la muerte de la supremac\u00eda arquitect\u00f3nica en manos de la imprenta es aplicable al desarrollo del sistema de estudios.<\/p>\n<p>*\/Piratecinema.org:\/* Es cine do-it-yourself. Piratecinema.org se ha asociado recientemente con grupos de Berl\u00edn, Copenhague y Helsinki, en donde los colectivos locales de cine est\u00e1n vinculados al movimiento<br \/>\nanti-copyright y a la okupaci\u00f3n.<br \/>\nLas proyecciones de Piratecinema son gratuitas. Algunos grupos de cine pirata enmarcan sus acciones en un<br \/>\ncontexto pol\u00edtico y emiten deliberadamente pel\u00edculas con copyright o que documentan la discusi\u00f3n actual sobre el copyright. Varios grupos de Helsinki y Copenhague han tenido problemas con la polic\u00eda local por<br \/>\nmostrar pel\u00edculas con copyright. Tambi\u00e9n hay grupos en activo en Amsterdam, Estocolmo, Par\u00eds y Londres<strong><br \/>\n<\/strong><\/p>\n<p>Participantes:<br \/>\n<a href=\"http:\/\/www.piratecinema.org\/\" target=\"_blank\">www.piratecinema.org<\/a><br \/>\n<a href=\"http:\/\/knowfuture.wordpress.com\/\" target=\"_blank\">http:\/\/knowfuture.wordpress.com<\/a><br \/>\n<a href=\"http:\/\/www.stealthisfilm.com\/Part2\/\" target=\"_blank\">http:\/\/www.stealthisfilm.com\/Part2\/<\/a><\/p>\n<p>____________________________________________________________________<\/p>\n<p>SIEMPRE JUEVES 30 octubre, 20h<br \/>\n<strong>CREATIVE COMMONS Y CULTURA LIBRE EN LA SOCIEDAD RED<\/strong><br \/>\nPresentaci\u00f3n del libro New Thing  y debate con su autor Wu Ming 1 y a continuaci\u00f3n jam session.<br \/>\nen el  Ateneu Candela <a href=\"http:\/\/ateneucandela.org\" target=\"_blank\">[ateneucandela.org]<\/a><br \/>\nCalle Sant Gaiet\u00e0 73, Terrassa, \u00c1rea Metropolitana BCN<\/p>","protected":false},"excerpt":{"rendered":"<p>[Per falta de temps i recursos, la traducci\u00f3 al catal\u00e0 d&#8217;aquesta web no est\u00e0 acabada. Si trobes interessants alguns dels nostres documents i tens temps de traduir-los, ens ho pot enviar (si us plau, reproduint la maquetaci\u00f3). Moltes gr\u00e0cies!] CINE 19h &#8211; PRESENTACI\u00d3N DEL DOCUMENTAL &#8220;STEAL THIS FILM II&#8221; EN PRESENCIA DE LOS AUTORES CHARLA [&hellip;]<\/p>\n","protected":false},"author":5,"featured_media":0,"parent":136,"menu_order":0,"comment_status":"open","ping_status":"closed","template":"","meta":{"footnotes":""},"class_list":["post-168","page","type-page","status-publish","hentry"],"yoast_head":"<!-- This site is optimized with the Yoast SEO plugin v26.7 - https:\/\/yoast.com\/wordpress\/plugins\/seo\/ -->\n<title>JUEVES 30 de octubre: CINE\/CHARLA -<\/title>\n<meta name=\"robots\" content=\"index, follow, max-snippet:-1, max-image-preview:large, max-video-preview:-1\" \/>\n<link rel=\"canonical\" href=\"https:\/\/xnet-x.net\/ca\/los-oxcars\/programa\/jueves\/\" \/>\n<meta name=\"twitter:label1\" content=\"Est. reading time\" \/>\n\t<meta name=\"twitter:data1\" content=\"8 minutes\" \/>\n<script type=\"application\/ld+json\" class=\"yoast-schema-graph\">{\"@context\":\"https:\/\/schema.org\",\"@graph\":[{\"@type\":\"WebPage\",\"@id\":\"https:\/\/xnet-x.net\/ca\/los-oxcars\/programa\/jueves\/\",\"url\":\"https:\/\/xnet-x.net\/ca\/los-oxcars\/programa\/jueves\/\",\"name\":\"JUEVES 30 de octubre: CINE\/CHARLA -\",\"isPartOf\":{\"@id\":\"https:\/\/xnet-x.net\/ca\/#website\"},\"primaryImageOfPage\":{\"@id\":\"https:\/\/xnet-x.net\/ca\/los-oxcars\/programa\/jueves\/#primaryimage\"},\"image\":{\"@id\":\"https:\/\/xnet-x.net\/es\/los-oxcars\/programa\/jueves\/#primaryimage\"},\"thumbnailUrl\":\"http:\/\/farm4.static.flickr.com\/3194\/2824905603_69ff83d5ab_m.jpg\",\"datePublished\":\"2008-09-03T17:18:06+00:00\",\"dateModified\":\"2011-03-24T16:30:23+00:00\",\"breadcrumb\":{\"@id\":\"https:\/\/xnet-x.net\/ca\/los-oxcars\/programa\/jueves\/#breadcrumb\"},\"inLanguage\":\"ca-ES\",\"potentialAction\":[{\"@type\":\"ReadAction\",\"target\":[[\"https:\/\/xnet-x.net\/ca\/los-oxcars\/programa\/jueves\/\"]]}]},{\"@type\":\"ImageObject\",\"inLanguage\":\"ca-ES\",\"@id\":\"https:\/\/xnet-x.net\/ca\/los-oxcars\/programa\/jueves\/#primaryimage\",\"url\":\"http:\/\/farm4.static.flickr.com\/3194\/2824905603_69ff83d5ab_m.jpg\",\"contentUrl\":\"http:\/\/farm4.static.flickr.com\/3194\/2824905603_69ff83d5ab_m.jpg\"},{\"@type\":\"BreadcrumbList\",\"@id\":\"https:\/\/xnet-x.net\/ca\/los-oxcars\/programa\/jueves\/#breadcrumb\",\"itemListElement\":[{\"@type\":\"ListItem\",\"position\":1,\"name\":\"Portada\",\"item\":\"https:\/\/xnet-x.net\/ca\/\"},{\"@type\":\"ListItem\",\"position\":2,\"name\":\"Los OXcars\",\"item\":\"https:\/\/xnet-x.net\/ca\/los-oxcars\/\"},{\"@type\":\"ListItem\",\"position\":3,\"name\":\"Programa\",\"item\":\"https:\/\/xnet-x.net\/ca\/los-oxcars\/programa\/\"},{\"@type\":\"ListItem\",\"position\":4,\"name\":\"JUEVES 30 de octubre: CINE\/CHARLA\"}]},{\"@type\":\"WebSite\",\"@id\":\"https:\/\/xnet-x.net\/ca\/#website\",\"url\":\"https:\/\/xnet-x.net\/ca\/\",\"name\":\"[:es]Xnet - Internet, derechos y democracia en la era digital[:ca]Xnet - Internet, drets i democr\u00e0cia en l'era digital[:en]Xnet - Internet freedoms & digital rights[:]\",\"description\":\"Xnet: Internet, informaci\u00f3 i cultura lliures. Tecnopol\u00edtica. Dades, algoritmes i drets digitals. Llibertat d&#039;expressi\u00f3. Democr\u00e0cia i anticorrupci\u00f3\",\"publisher\":{\"@id\":\"https:\/\/xnet-x.net\/ca\/#organization\"},\"potentialAction\":[{\"@type\":\"SearchAction\",\"target\":{\"@type\":\"EntryPoint\",\"urlTemplate\":\"https:\/\/xnet-x.net\/ca\/?s={search_term_string}\"},\"query-input\":{\"@type\":\"PropertyValueSpecification\",\"valueRequired\":true,\"valueName\":\"search_term_string\"}}],\"inLanguage\":\"ca-ES\"},{\"@type\":\"Organization\",\"@id\":\"https:\/\/xnet-x.net\/ca\/#organization\",\"name\":\"Xnet - Internet, drets i democr\u00e0cia en l'era digital\",\"url\":\"https:\/\/xnet-x.net\/ca\/\",\"logo\":{\"@type\":\"ImageObject\",\"inLanguage\":\"ca-ES\",\"@id\":\"https:\/\/xnet-x.net\/ca\/#\/schema\/logo\/image\/\",\"url\":\"https:\/\/xnet-x.net\/img\/xnet-logo.png\",\"contentUrl\":\"https:\/\/xnet-x.net\/img\/xnet-logo.png\",\"width\":512,\"height\":512,\"caption\":\"Xnet - Internet, drets i democr\u00e0cia en l'era digital\"},\"image\":{\"@id\":\"https:\/\/xnet-x.net\/ca\/#\/schema\/logo\/image\/\"},\"sameAs\":[\"http:\/\/facebook.com\/RedX.Net\/\",\"https:\/\/x.com\/x_net_\",\"https:\/\/es.wikipedia.org\/wiki\/Xnet\"]}]}<\/script>\n<!-- \/ Yoast SEO plugin. -->","yoast_head_json":{"title":"JUEVES 30 de octubre: CINE\/CHARLA -","robots":{"index":"index","follow":"follow","max-snippet":"max-snippet:-1","max-image-preview":"max-image-preview:large","max-video-preview":"max-video-preview:-1"},"canonical":"https:\/\/xnet-x.net\/ca\/los-oxcars\/programa\/jueves\/","twitter_misc":{"Est. reading time":"8 minutes"},"schema":{"@context":"https:\/\/schema.org","@graph":[{"@type":"WebPage","@id":"https:\/\/xnet-x.net\/ca\/los-oxcars\/programa\/jueves\/","url":"https:\/\/xnet-x.net\/ca\/los-oxcars\/programa\/jueves\/","name":"JUEVES 30 de octubre: CINE\/CHARLA -","isPartOf":{"@id":"https:\/\/xnet-x.net\/ca\/#website"},"primaryImageOfPage":{"@id":"https:\/\/xnet-x.net\/ca\/los-oxcars\/programa\/jueves\/#primaryimage"},"image":{"@id":"https:\/\/xnet-x.net\/es\/los-oxcars\/programa\/jueves\/#primaryimage"},"thumbnailUrl":"http:\/\/farm4.static.flickr.com\/3194\/2824905603_69ff83d5ab_m.jpg","datePublished":"2008-09-03T17:18:06+00:00","dateModified":"2011-03-24T16:30:23+00:00","breadcrumb":{"@id":"https:\/\/xnet-x.net\/ca\/los-oxcars\/programa\/jueves\/#breadcrumb"},"inLanguage":"ca-ES","potentialAction":[{"@type":"ReadAction","target":[["https:\/\/xnet-x.net\/ca\/los-oxcars\/programa\/jueves\/"]]}]},{"@type":"ImageObject","inLanguage":"ca-ES","@id":"https:\/\/xnet-x.net\/ca\/los-oxcars\/programa\/jueves\/#primaryimage","url":"http:\/\/farm4.static.flickr.com\/3194\/2824905603_69ff83d5ab_m.jpg","contentUrl":"http:\/\/farm4.static.flickr.com\/3194\/2824905603_69ff83d5ab_m.jpg"},{"@type":"BreadcrumbList","@id":"https:\/\/xnet-x.net\/ca\/los-oxcars\/programa\/jueves\/#breadcrumb","itemListElement":[{"@type":"ListItem","position":1,"name":"Portada","item":"https:\/\/xnet-x.net\/ca\/"},{"@type":"ListItem","position":2,"name":"Los OXcars","item":"https:\/\/xnet-x.net\/ca\/los-oxcars\/"},{"@type":"ListItem","position":3,"name":"Programa","item":"https:\/\/xnet-x.net\/ca\/los-oxcars\/programa\/"},{"@type":"ListItem","position":4,"name":"JUEVES 30 de octubre: CINE\/CHARLA"}]},{"@type":"WebSite","@id":"https:\/\/xnet-x.net\/ca\/#website","url":"https:\/\/xnet-x.net\/ca\/","name":"[:es]Xnet - Internet, derechos y democracia en la era digital[:ca]Xnet - Internet, drets i democr\u00e0cia en l'era digital[:en]Xnet - Internet freedoms & digital rights[:]","description":"Xnet: Internet, informaci\u00f3 i cultura lliures. Tecnopol\u00edtica. Dades, algoritmes i drets digitals. Llibertat d&#039;expressi\u00f3. Democr\u00e0cia i anticorrupci\u00f3","publisher":{"@id":"https:\/\/xnet-x.net\/ca\/#organization"},"potentialAction":[{"@type":"SearchAction","target":{"@type":"EntryPoint","urlTemplate":"https:\/\/xnet-x.net\/ca\/?s={search_term_string}"},"query-input":{"@type":"PropertyValueSpecification","valueRequired":true,"valueName":"search_term_string"}}],"inLanguage":"ca-ES"},{"@type":"Organization","@id":"https:\/\/xnet-x.net\/ca\/#organization","name":"Xnet - Internet, drets i democr\u00e0cia en l'era digital","url":"https:\/\/xnet-x.net\/ca\/","logo":{"@type":"ImageObject","inLanguage":"ca-ES","@id":"https:\/\/xnet-x.net\/ca\/#\/schema\/logo\/image\/","url":"https:\/\/xnet-x.net\/img\/xnet-logo.png","contentUrl":"https:\/\/xnet-x.net\/img\/xnet-logo.png","width":512,"height":512,"caption":"Xnet - Internet, drets i democr\u00e0cia en l'era digital"},"image":{"@id":"https:\/\/xnet-x.net\/ca\/#\/schema\/logo\/image\/"},"sameAs":["http:\/\/facebook.com\/RedX.Net\/","https:\/\/x.com\/x_net_","https:\/\/es.wikipedia.org\/wiki\/Xnet"]}]}},"_links":{"self":[{"href":"https:\/\/xnet-x.net\/ca\/wp-json\/wp\/v2\/pages\/168","targetHints":{"allow":["GET"]}}],"collection":[{"href":"https:\/\/xnet-x.net\/ca\/wp-json\/wp\/v2\/pages"}],"about":[{"href":"https:\/\/xnet-x.net\/ca\/wp-json\/wp\/v2\/types\/page"}],"author":[{"embeddable":true,"href":"https:\/\/xnet-x.net\/ca\/wp-json\/wp\/v2\/users\/5"}],"replies":[{"embeddable":true,"href":"https:\/\/xnet-x.net\/ca\/wp-json\/wp\/v2\/comments?post=168"}],"version-history":[{"count":2,"href":"https:\/\/xnet-x.net\/ca\/wp-json\/wp\/v2\/pages\/168\/revisions"}],"predecessor-version":[{"id":3606,"href":"https:\/\/xnet-x.net\/ca\/wp-json\/wp\/v2\/pages\/168\/revisions\/3606"}],"up":[{"embeddable":true,"href":"https:\/\/xnet-x.net\/ca\/wp-json\/wp\/v2\/pages\/136"}],"wp:attachment":[{"href":"https:\/\/xnet-x.net\/ca\/wp-json\/wp\/v2\/media?parent=168"}],"curies":[{"name":"wp","href":"https:\/\/api.w.org\/{rel}","templated":true}]}}