{"id":1660,"date":"2025-12-18T12:06:31","date_gmt":"2025-12-18T10:06:31","guid":{"rendered":"https:\/\/xnet.cromamedia.com\/politica-de-cookies\/"},"modified":"2026-02-02T10:13:21","modified_gmt":"2026-02-02T08:13:21","slug":"politica-de-cookies","status":"publish","type":"page","link":"https:\/\/xnet-x.net\/ca\/politica-de-cookies\/","title":{"rendered":"Pol\u00edtica de cookies"},"content":{"rendered":"<div class=\"fusion-fullwidth fullwidth-box fusion-builder-row-1 fusion-flex-container has-pattern-background has-mask-background nonhundred-percent-fullwidth non-hundred-percent-height-scrolling\" style=\"--awb-border-radius-top-left:0px;--awb-border-radius-top-right:0px;--awb-border-radius-bottom-right:0px;--awb-border-radius-bottom-left:0px;--awb-flex-wrap:wrap;\" ><div class=\"fusion-builder-row fusion-row fusion-flex-align-items-flex-start fusion-flex-content-wrap\" style=\"max-width:1248px;margin-left: calc(-4% \/ 2 );margin-right: calc(-4% \/ 2 );\"><div class=\"fusion-layout-column fusion_builder_column fusion-builder-column-0 fusion_builder_column_1_1 1_1 fusion-flex-column\" style=\"--awb-bg-size:cover;--awb-width-large:100%;--awb-margin-top-large:0px;--awb-spacing-right-large:1.92%;--awb-margin-bottom-large:20px;--awb-spacing-left-large:1.92%;--awb-width-medium:100%;--awb-order-medium:0;--awb-spacing-right-medium:1.92%;--awb-spacing-left-medium:1.92%;--awb-width-small:100%;--awb-order-small:0;--awb-spacing-right-small:1.92%;--awb-spacing-left-small:1.92%;\" data-scroll-devices=\"small-visibility,medium-visibility,large-visibility\"><div class=\"fusion-column-wrapper fusion-column-has-shadow fusion-flex-justify-content-flex-start fusion-content-layout-column\"><div class=\"fusion-text fusion-text-1\"><h5>Qu\u00e8 s\u00f3n les cookies?<\/h5>\n<p>Aquesta Pol\u00edtica de Cookies explica qu\u00e8 s\u00f3n les cookies i com les utilitzem, els tipus de cookies que fem servir (\u00e9s a dir, la informaci\u00f3 que recopilem mitjan\u00e7ant cookies i com utilitzem aquesta informaci\u00f3) i com gestionar la configuraci\u00f3 de les cookies.<\/p>\n<p>Les cookies s\u00f3n petits fitxers de text que s\u2019utilitzen per emmagatzemar petites quantitats d\u2019informaci\u00f3. Es guarden al vostre dispositiu quan el lloc web es carrega al vostre navegador. Aquestes cookies ens ajuden a fer que el lloc web funcioni correctament, sigui m\u00e9s segur, ofereixi una millor experi\u00e8ncia d\u2019usuari i ens permetin entendre com funciona el lloc web, aix\u00ed com analitzar qu\u00e8 funciona i qu\u00e8 necessita millora.<\/p>\n<h5>Com utilitzem les cookies?<\/h5>\n<p>Com la majoria dels serveis en l\u00ednia, el nostre lloc web utilitza cookies pr\u00f2pies i de tercers per a diversos fins. Les cookies pr\u00f2pies s\u00f3n essencials perqu\u00e8 el lloc web funcioni correctament i no recopilen cap informaci\u00f3 personal identificable sobre vosaltres.<\/p>\n<p>Les cookies de tercers que utilitzem al nostre lloc web s\u2019empren principalment per comprendre com funciona el lloc web, com interactueu amb el nostre lloc, mantenir els nostres serveis segurs, oferir-vos anuncis rellevants i, en general, proporcionar-vos una experi\u00e8ncia d\u2019usuari millorada i accelerar les vostres futures interaccions amb el nostre lloc web.<\/p>\n<\/div><\/div><\/div><div class=\"fusion-layout-column fusion_builder_column fusion-builder-column-1 fusion_builder_column_1_1 1_1 fusion-flex-column\" style=\"--awb-bg-size:cover;--awb-width-large:100%;--awb-margin-top-large:0px;--awb-spacing-right-large:1.92%;--awb-margin-bottom-large:20px;--awb-spacing-left-large:1.92%;--awb-width-medium:100%;--awb-order-medium:0;--awb-spacing-right-medium:1.92%;--awb-spacing-left-medium:1.92%;--awb-width-small:100%;--awb-order-small:0;--awb-spacing-right-small:1.92%;--awb-spacing-left-small:1.92%;\"><div class=\"fusion-column-wrapper fusion-column-has-shadow fusion-flex-justify-content-flex-start fusion-content-layout-column\"><div class=\"cky-audit-table-element\"><\/div><\/div><\/div><div class=\"fusion-layout-column fusion_builder_column fusion-builder-column-2 fusion_builder_column_1_1 1_1 fusion-flex-column\" style=\"--awb-bg-size:cover;--awb-width-large:100%;--awb-margin-top-large:0px;--awb-spacing-right-large:1.92%;--awb-margin-bottom-large:20px;--awb-spacing-left-large:1.92%;--awb-width-medium:100%;--awb-order-medium:0;--awb-spacing-right-medium:1.92%;--awb-spacing-left-medium:1.92%;--awb-width-small:100%;--awb-order-small:0;--awb-spacing-right-small:1.92%;--awb-spacing-left-small:1.92%;\"><div class=\"fusion-column-wrapper fusion-column-has-shadow fusion-flex-justify-content-flex-start fusion-content-layout-column\"><div class=\"fusion-text fusion-text-2\"><h5>Configuraci\u00f3 de les cookies<\/h5>\n<p>Podeu canviar les vostres prefer\u00e8ncies de cookies mitjan\u00e7ant el <a class=\"cky-banner-element\" href=\"#\"><u>Gestor de Prefer\u00e8ncies de Cookies<\/u><\/a>. Aix\u00f2 us permetr\u00e0 tornar a veure el b\u00e0ner de consentiment de cookies i modificar les vostres prefer\u00e8ncies o retirar el vostre consentiment immediatament.<\/p>\n<p>A m\u00e9s, els diferents navegadors ofereixen m\u00e8todes diversos per bloquejar i eliminar les cookies que utilitzen els llocs web. Podeu canviar la configuraci\u00f3 del vostre navegador per bloquejar o eliminar les cookies. A continuaci\u00f3, es mostren els enlla\u00e7os a la documentaci\u00f3 de suport sobre com gestionar i eliminar les cookies als principals navegadors web:<\/p>\n<ul>\n<li>Chrome: <a href=\"https:\/\/support.google.com\/accounts\/answer\/32050\" target=\"_blank\" rel=\"noopener\">https:\/\/support.google.com\/accounts\/answer\/32050<\/a><\/li>\n<li>Safari: <a href=\"https:\/\/support.apple.com\/en-in\/guide\/safari\/sfri11471\/mac\" target=\"_blank\" rel=\"noopener\">https:\/\/support.apple.com\/en-in\/guide\/safari\/sfri11471\/mac<\/a><\/li>\n<li>Firefox: <a href=\"https:\/\/support.mozilla.org\/en-US\/kb\/clear-cookies-and-site-data-firefox\" target=\"_blank\" rel=\"noopener\">https:\/\/support.mozilla.org\/en-US\/kb\/clear-cookies-and-site-data-firefox<\/a><\/li>\n<li>Internet Explorer: <a href=\"https:\/\/support.microsoft.com\/en-us\/topic\/how-to-delete-cookie-files-in-internet-explorer\" target=\"_blank\" rel=\"noopener\">https:\/\/support.microsoft.com\/en-us\/topic\/how-to-delete-cookie-files-in-internet-explorer<\/a><\/li>\n<\/ul>\n<p>Si utilitzeu qualsevol altre navegador web, visiteu la documentaci\u00f3 oficial de suport del vostre navegador.<\/p>\n<\/div><\/div><\/div><\/div><\/div>\n","protected":false},"excerpt":{"rendered":"","protected":false},"author":2,"featured_media":0,"parent":0,"menu_order":0,"comment_status":"closed","ping_status":"closed","template":"100-width.php","meta":{"_acf_changed":false,"footnotes":""},"class_list":["post-1660","page","type-page","status-publish","hentry"],"acf":[],"_links":{"self":[{"href":"https:\/\/xnet-x.net\/ca\/wp-json\/wp\/v2\/pages\/1660","targetHints":{"allow":["GET"]}}],"collection":[{"href":"https:\/\/xnet-x.net\/ca\/wp-json\/wp\/v2\/pages"}],"about":[{"href":"https:\/\/xnet-x.net\/ca\/wp-json\/wp\/v2\/types\/page"}],"author":[{"embeddable":true,"href":"https:\/\/xnet-x.net\/ca\/wp-json\/wp\/v2\/users\/2"}],"replies":[{"embeddable":true,"href":"https:\/\/xnet-x.net\/ca\/wp-json\/wp\/v2\/comments?post=1660"}],"version-history":[{"count":1,"href":"https:\/\/xnet-x.net\/ca\/wp-json\/wp\/v2\/pages\/1660\/revisions"}],"predecessor-version":[{"id":1662,"href":"https:\/\/xnet-x.net\/ca\/wp-json\/wp\/v2\/pages\/1660\/revisions\/1662"}],"wp:attachment":[{"href":"https:\/\/xnet-x.net\/ca\/wp-json\/wp\/v2\/media?parent=1660"}],"curies":[{"name":"wp","href":"https:\/\/api.w.org\/{rel}","templated":true}]}}