{"id":1656,"date":"2025-09-23T10:47:56","date_gmt":"2025-09-23T08:47:56","guid":{"rendered":"https:\/\/xnet.cromamedia.com\/ejes-tematicos\/"},"modified":"2026-02-02T10:10:09","modified_gmt":"2026-02-02T08:10:09","slug":"ejes-tematicos","status":"publish","type":"page","link":"https:\/\/xnet-x.net\/ca\/ejes-tematicos\/","title":{"rendered":"Eixos tem\u00e0tics"},"content":{"rendered":"<div class=\"fusion-fullwidth fullwidth-box fusion-builder-row-1 fusion-flex-container has-pattern-background has-mask-background nonhundred-percent-fullwidth non-hundred-percent-height-scrolling\" style=\"--awb-border-radius-top-left:0px;--awb-border-radius-top-right:0px;--awb-border-radius-bottom-right:0px;--awb-border-radius-bottom-left:0px;--awb-flex-wrap:wrap;\" ><div class=\"fusion-builder-row fusion-row fusion-flex-align-items-flex-start fusion-flex-content-wrap\" style=\"max-width:1248px;margin-left: calc(-4% \/ 2 );margin-right: calc(-4% \/ 2 );\"><div class=\"fusion-layout-column fusion_builder_column fusion-builder-column-0 fusion_builder_column_1_1 1_1 fusion-flex-column\" style=\"--awb-bg-size:cover;--awb-width-large:100%;--awb-margin-top-large:0px;--awb-spacing-right-large:1.92%;--awb-margin-bottom-large:20px;--awb-spacing-left-large:1.92%;--awb-width-medium:100%;--awb-order-medium:0;--awb-spacing-right-medium:1.92%;--awb-spacing-left-medium:1.92%;--awb-width-small:100%;--awb-order-small:0;--awb-spacing-right-small:1.92%;--awb-spacing-left-small:1.92%;\"><div class=\"fusion-column-wrapper fusion-column-has-shadow fusion-flex-justify-content-flex-start fusion-content-layout-column\"><div class=\"fusion-post-cards fusion-post-cards-1 fusion-grid-columns-3\" style=\"--awb-column-spacing:25px;--awb-dots-align:center;--awb-columns:3;--awb-active-filter-border-size:3px;--awb-filters-height:36px;--awb-row-spacing:20px;\" data-post-type-label=\"entrades\"><ul class=\"fusion-grid fusion-grid-3 fusion-flex-align-items-flex-start fusion-grid-posts-cards\"><li class=\"fusion-layout-column fusion_builder_column fusion-builder-column-1 fusion-flex-column post-card fusion-grid-column fusion-post-cards-grid-column\" style=\"--awb-bg-blend:overlay;--awb-bg-size:cover;--awb-flex-grow:0;--awb-flex-shrink:0;--awb-flex-grow-medium:0;--awb-flex-shrink-medium:0;--awb-flex-grow-small:0;--awb-flex-shrink-small:0;\" data-scroll-devices=\"small-visibility,medium-visibility,large-visibility\"><div class=\"fusion-column-wrapper fusion-column-has-shadow fusion-flex-justify-content-flex-start fusion-content-layout-column\"><div class=\"fusion-image-element \" style=\"--awb-aspect-ratio:2 \/ 1;--awb-object-position:49% 53%;--awb-caption-title-color:var(--awb-color1);--awb-caption-text-color:var(--awb-color1);--awb-caption-overlay-color:var(--awb-color8);--awb-caption-background-color:var(--awb-color5);--awb-caption-title-font-family:var(--h2_typography-font-family);--awb-caption-title-font-weight:var(--h2_typography-font-weight);--awb-caption-title-font-style:var(--h2_typography-font-style);--awb-caption-title-size:var(--h2_typography-font-size);--awb-caption-title-transform:var(--h2_typography-text-transform);--awb-caption-title-line-height:var(--h2_typography-line-height);--awb-caption-title-letter-spacing:var(--h2_typography-letter-spacing);\"><span class=\" fusion-imageframe imageframe-none imageframe-1 hover-type-none has-aspect-ratio\"><a class=\"fusion-no-lightbox\" href=\"https:\/\/xnet-x.net\/ca\/ejes\/tecnopolitica-hacktivisme-artivisme\/\" target=\"_self\" aria-label=\"Internet-Freedom-Becomes-A-Mere-Illusion\"><img decoding=\"async\" width=\"700\" height=\"400\" src=\"https:\/\/xnet-x.net\/wp-content\/uploads\/2025\/11\/Internet-Freedom-Becomes-A-Mere-Illusion.jpg\" class=\"img-responsive wp-image-1402 img-with-aspect-ratio\" data-parent-fit=\"cover\" data-parent-container=\".fusion-image-element\" alt srcset=\"https:\/\/xnet-x.net\/wp-content\/uploads\/2025\/11\/Internet-Freedom-Becomes-A-Mere-Illusion-200x114.jpg 200w, https:\/\/xnet-x.net\/wp-content\/uploads\/2025\/11\/Internet-Freedom-Becomes-A-Mere-Illusion-400x229.jpg 400w, https:\/\/xnet-x.net\/wp-content\/uploads\/2025\/11\/Internet-Freedom-Becomes-A-Mere-Illusion-600x343.jpg 600w, https:\/\/xnet-x.net\/wp-content\/uploads\/2025\/11\/Internet-Freedom-Becomes-A-Mere-Illusion.jpg 700w\" sizes=\"(max-width: 640px) 100vw, 700px\" \/><\/a><\/span><\/div><div class=\"fusion-separator fusion-full-width-sep\" style=\"align-self: center;margin-left: auto;margin-right: auto;flex-grow:2;margin-top:15px;margin-bottom:5px;width:100%;\"><div class=\"fusion-separator-border sep-single sep-solid\" style=\"--awb-height:20px;--awb-amount:20px;--awb-sep-color:var(--awb-color8);border-color:var(--awb-color8);border-top-width:1px;\"><\/div><\/div><div class=\"fusion-title title fusion-title-1 fusion-sep-none fusion-title-text fusion-title-size-five\" style=\"--awb-text-color:var(--awb-color8);--awb-margin-bottom:10px;--awb-margin-top-small:10px;--awb-margin-right-small:0px;--awb-margin-bottom-small:10px;--awb-margin-left-small:0px;--awb-link-color:var(--awb-color8);\"><h5 class=\"fusion-title-heading title-heading-left\" style=\"font-family:&quot;Inter&quot;;font-style:normal;font-weight:600;margin:0;\"><a href=\"https:\/\/xnet-x.net\/ca\/ejes\/tecnopolitica-hacktivisme-artivisme\/\" class=\"awb-custom-text-color awb-custom-text-hover-color\" target=\"_self\">Tecnopol\u00edtica i incid\u00e8ncia ciutadana | Actualitzaci\u00f3 de la democr\u00e0cia | M\u00e8tode R+d pol\u00edtic | Transpar\u00e8ncia | Participaci\u00f3<\/a><\/h5><\/div><\/div><\/li>\n<li class=\"fusion-layout-column fusion_builder_column fusion-builder-column-2 fusion-flex-column post-card fusion-grid-column fusion-post-cards-grid-column\" style=\"--awb-bg-blend:overlay;--awb-bg-size:cover;--awb-flex-grow:0;--awb-flex-shrink:0;--awb-flex-grow-medium:0;--awb-flex-shrink-medium:0;--awb-flex-grow-small:0;--awb-flex-shrink-small:0;\" data-scroll-devices=\"small-visibility,medium-visibility,large-visibility\"><div class=\"fusion-column-wrapper fusion-column-has-shadow fusion-flex-justify-content-flex-start fusion-content-layout-column\"><div class=\"fusion-separator fusion-full-width-sep\" style=\"align-self: center;margin-left: auto;margin-right: auto;flex-grow:2;margin-top:15px;margin-bottom:5px;width:100%;\"><div class=\"fusion-separator-border sep-single sep-solid\" style=\"--awb-height:20px;--awb-amount:20px;--awb-sep-color:var(--awb-color8);border-color:var(--awb-color8);border-top-width:1px;\"><\/div><\/div><div class=\"fusion-title title fusion-title-2 fusion-sep-none fusion-title-text fusion-title-size-five\" style=\"--awb-text-color:var(--awb-color8);--awb-margin-bottom:10px;--awb-margin-top-small:10px;--awb-margin-right-small:0px;--awb-margin-bottom-small:10px;--awb-margin-left-small:0px;--awb-link-color:var(--awb-color8);\"><h5 class=\"fusion-title-heading title-heading-left\" style=\"font-family:&quot;Inter&quot;;font-style:normal;font-weight:600;margin:0;\"><a href=\"https:\/\/xnet-x.net\/ca\/ejes\/recomendaciones-de-politicas\/\" class=\"awb-custom-text-color awb-custom-text-hover-color\" target=\"_self\">Recomendaciones de pol\u00edticas<\/a><\/h5><\/div><\/div><\/li>\n<li class=\"fusion-layout-column fusion_builder_column fusion-builder-column-3 fusion-flex-column post-card fusion-grid-column fusion-post-cards-grid-column\" style=\"--awb-bg-blend:overlay;--awb-bg-size:cover;--awb-flex-grow:0;--awb-flex-shrink:0;--awb-flex-grow-medium:0;--awb-flex-shrink-medium:0;--awb-flex-grow-small:0;--awb-flex-shrink-small:0;\" data-scroll-devices=\"small-visibility,medium-visibility,large-visibility\"><div class=\"fusion-column-wrapper fusion-column-has-shadow fusion-flex-justify-content-flex-start fusion-content-layout-column\"><div class=\"fusion-image-element \" style=\"--awb-aspect-ratio:2 \/ 1;--awb-object-position:49% 53%;--awb-caption-title-color:var(--awb-color1);--awb-caption-text-color:var(--awb-color1);--awb-caption-overlay-color:var(--awb-color8);--awb-caption-background-color:var(--awb-color5);--awb-caption-title-font-family:var(--h2_typography-font-family);--awb-caption-title-font-weight:var(--h2_typography-font-weight);--awb-caption-title-font-style:var(--h2_typography-font-style);--awb-caption-title-size:var(--h2_typography-font-size);--awb-caption-title-transform:var(--h2_typography-text-transform);--awb-caption-title-line-height:var(--h2_typography-line-height);--awb-caption-title-letter-spacing:var(--h2_typography-letter-spacing);\"><span class=\" fusion-imageframe imageframe-none imageframe-3 hover-type-none has-aspect-ratio\"><a class=\"fusion-no-lightbox\" href=\"https:\/\/xnet-x.net\/ca\/ejes\/lluites-per-les-llibertats-civils\/\" target=\"_self\" aria-label=\"Internet-Freedom-Becomes-A-Mere-Illusion\"><img decoding=\"async\" width=\"700\" height=\"400\" src=\"https:\/\/xnet-x.net\/wp-content\/uploads\/2025\/11\/Internet-Freedom-Becomes-A-Mere-Illusion.jpg\" class=\"img-responsive wp-image-1402 img-with-aspect-ratio\" data-parent-fit=\"cover\" data-parent-container=\".fusion-image-element\" alt srcset=\"https:\/\/xnet-x.net\/wp-content\/uploads\/2025\/11\/Internet-Freedom-Becomes-A-Mere-Illusion-200x114.jpg 200w, https:\/\/xnet-x.net\/wp-content\/uploads\/2025\/11\/Internet-Freedom-Becomes-A-Mere-Illusion-400x229.jpg 400w, https:\/\/xnet-x.net\/wp-content\/uploads\/2025\/11\/Internet-Freedom-Becomes-A-Mere-Illusion-600x343.jpg 600w, https:\/\/xnet-x.net\/wp-content\/uploads\/2025\/11\/Internet-Freedom-Becomes-A-Mere-Illusion.jpg 700w\" sizes=\"(max-width: 640px) 100vw, 700px\" \/><\/a><\/span><\/div><div class=\"fusion-separator fusion-full-width-sep\" style=\"align-self: center;margin-left: auto;margin-right: auto;flex-grow:2;margin-top:15px;margin-bottom:5px;width:100%;\"><div class=\"fusion-separator-border sep-single sep-solid\" style=\"--awb-height:20px;--awb-amount:20px;--awb-sep-color:var(--awb-color8);border-color:var(--awb-color8);border-top-width:1px;\"><\/div><\/div><div class=\"fusion-title title fusion-title-3 fusion-sep-none fusion-title-text fusion-title-size-five\" style=\"--awb-text-color:var(--awb-color8);--awb-margin-bottom:10px;--awb-margin-top-small:10px;--awb-margin-right-small:0px;--awb-margin-bottom-small:10px;--awb-margin-left-small:0px;--awb-link-color:var(--awb-color8);\"><h5 class=\"fusion-title-heading title-heading-left\" style=\"font-family:&quot;Inter&quot;;font-style:normal;font-weight:600;margin:0;\"><a href=\"https:\/\/xnet-x.net\/ca\/ejes\/lluites-per-les-llibertats-civils\/\" class=\"awb-custom-text-color awb-custom-text-hover-color\" target=\"_self\">Lluites per les llibertats civils. Xarxes nacionals i internacionals<\/a><\/h5><\/div><\/div><\/li>\n<li class=\"fusion-layout-column fusion_builder_column fusion-builder-column-4 fusion-flex-column post-card fusion-grid-column fusion-post-cards-grid-column\" style=\"--awb-bg-blend:overlay;--awb-bg-size:cover;--awb-flex-grow:0;--awb-flex-shrink:0;--awb-flex-grow-medium:0;--awb-flex-shrink-medium:0;--awb-flex-grow-small:0;--awb-flex-shrink-small:0;\" data-scroll-devices=\"small-visibility,medium-visibility,large-visibility\"><div class=\"fusion-column-wrapper fusion-column-has-shadow fusion-flex-justify-content-flex-start fusion-content-layout-column\"><div class=\"fusion-image-element \" style=\"--awb-aspect-ratio:2 \/ 1;--awb-object-position:49% 53%;--awb-caption-title-color:var(--awb-color1);--awb-caption-text-color:var(--awb-color1);--awb-caption-overlay-color:var(--awb-color8);--awb-caption-background-color:var(--awb-color5);--awb-caption-title-font-family:var(--h2_typography-font-family);--awb-caption-title-font-weight:var(--h2_typography-font-weight);--awb-caption-title-font-style:var(--h2_typography-font-style);--awb-caption-title-size:var(--h2_typography-font-size);--awb-caption-title-transform:var(--h2_typography-text-transform);--awb-caption-title-line-height:var(--h2_typography-line-height);--awb-caption-title-letter-spacing:var(--h2_typography-letter-spacing);\"><span class=\" fusion-imageframe imageframe-none imageframe-4 hover-type-none has-aspect-ratio\"><a class=\"fusion-no-lightbox\" href=\"https:\/\/xnet-x.net\/ca\/ejes\/llibertat-expressio-informacio\/\" target=\"_self\" aria-label=\"Internet-Freedom-Becomes-A-Mere-Illusion\"><img decoding=\"async\" width=\"700\" height=\"400\" src=\"https:\/\/xnet-x.net\/wp-content\/uploads\/2025\/11\/Internet-Freedom-Becomes-A-Mere-Illusion.jpg\" class=\"img-responsive wp-image-1402 img-with-aspect-ratio\" data-parent-fit=\"cover\" data-parent-container=\".fusion-image-element\" alt srcset=\"https:\/\/xnet-x.net\/wp-content\/uploads\/2025\/11\/Internet-Freedom-Becomes-A-Mere-Illusion-200x114.jpg 200w, https:\/\/xnet-x.net\/wp-content\/uploads\/2025\/11\/Internet-Freedom-Becomes-A-Mere-Illusion-400x229.jpg 400w, https:\/\/xnet-x.net\/wp-content\/uploads\/2025\/11\/Internet-Freedom-Becomes-A-Mere-Illusion-600x343.jpg 600w, https:\/\/xnet-x.net\/wp-content\/uploads\/2025\/11\/Internet-Freedom-Becomes-A-Mere-Illusion.jpg 700w\" sizes=\"(max-width: 640px) 100vw, 700px\" \/><\/a><\/span><\/div><div class=\"fusion-separator fusion-full-width-sep\" style=\"align-self: center;margin-left: auto;margin-right: auto;flex-grow:2;margin-top:15px;margin-bottom:5px;width:100%;\"><div class=\"fusion-separator-border sep-single sep-solid\" style=\"--awb-height:20px;--awb-amount:20px;--awb-sep-color:var(--awb-color8);border-color:var(--awb-color8);border-top-width:1px;\"><\/div><\/div><div class=\"fusion-title title fusion-title-4 fusion-sep-none fusion-title-text fusion-title-size-five\" style=\"--awb-text-color:var(--awb-color8);--awb-margin-bottom:10px;--awb-margin-top-small:10px;--awb-margin-right-small:0px;--awb-margin-bottom-small:10px;--awb-margin-left-small:0px;--awb-link-color:var(--awb-color8);\"><h5 class=\"fusion-title-heading title-heading-left\" style=\"font-family:&quot;Inter&quot;;font-style:normal;font-weight:600;margin:0;\"><a href=\"https:\/\/xnet-x.net\/ca\/ejes\/llibertat-expressio-informacio\/\" class=\"awb-custom-text-color awb-custom-text-hover-color\" target=\"_self\">Llibertat d\u2019expressi\u00f3 i informaci\u00f3 vs fake news, propaganda i desinformaci\u00f3<\/a><\/h5><\/div><\/div><\/li>\n<li class=\"fusion-layout-column fusion_builder_column fusion-builder-column-5 fusion-flex-column post-card fusion-grid-column fusion-post-cards-grid-column\" style=\"--awb-bg-blend:overlay;--awb-bg-size:cover;--awb-flex-grow:0;--awb-flex-shrink:0;--awb-flex-grow-medium:0;--awb-flex-shrink-medium:0;--awb-flex-grow-small:0;--awb-flex-shrink-small:0;\" data-scroll-devices=\"small-visibility,medium-visibility,large-visibility\"><div class=\"fusion-column-wrapper fusion-column-has-shadow fusion-flex-justify-content-flex-start fusion-content-layout-column\"><div class=\"fusion-image-element \" style=\"--awb-aspect-ratio:2 \/ 1;--awb-object-position:49% 53%;--awb-caption-title-color:var(--awb-color1);--awb-caption-text-color:var(--awb-color1);--awb-caption-overlay-color:var(--awb-color8);--awb-caption-background-color:var(--awb-color5);--awb-caption-title-font-family:var(--h2_typography-font-family);--awb-caption-title-font-weight:var(--h2_typography-font-weight);--awb-caption-title-font-style:var(--h2_typography-font-style);--awb-caption-title-size:var(--h2_typography-font-size);--awb-caption-title-transform:var(--h2_typography-text-transform);--awb-caption-title-line-height:var(--h2_typography-line-height);--awb-caption-title-letter-spacing:var(--h2_typography-letter-spacing);\"><span class=\" fusion-imageframe imageframe-none imageframe-5 hover-type-none has-aspect-ratio\"><a class=\"fusion-no-lightbox\" href=\"https:\/\/xnet-x.net\/ca\/ejes\/anticorrupcio\/\" target=\"_self\" aria-label=\"Internet-Freedom-Becomes-A-Mere-Illusion\"><img decoding=\"async\" width=\"700\" height=\"400\" src=\"https:\/\/xnet-x.net\/wp-content\/uploads\/2025\/11\/Internet-Freedom-Becomes-A-Mere-Illusion.jpg\" class=\"img-responsive wp-image-1402 img-with-aspect-ratio\" data-parent-fit=\"cover\" data-parent-container=\".fusion-image-element\" alt srcset=\"https:\/\/xnet-x.net\/wp-content\/uploads\/2025\/11\/Internet-Freedom-Becomes-A-Mere-Illusion-200x114.jpg 200w, https:\/\/xnet-x.net\/wp-content\/uploads\/2025\/11\/Internet-Freedom-Becomes-A-Mere-Illusion-400x229.jpg 400w, https:\/\/xnet-x.net\/wp-content\/uploads\/2025\/11\/Internet-Freedom-Becomes-A-Mere-Illusion-600x343.jpg 600w, https:\/\/xnet-x.net\/wp-content\/uploads\/2025\/11\/Internet-Freedom-Becomes-A-Mere-Illusion.jpg 700w\" sizes=\"(max-width: 640px) 100vw, 700px\" \/><\/a><\/span><\/div><div class=\"fusion-separator fusion-full-width-sep\" style=\"align-self: center;margin-left: auto;margin-right: auto;flex-grow:2;margin-top:15px;margin-bottom:5px;width:100%;\"><div class=\"fusion-separator-border sep-single sep-solid\" style=\"--awb-height:20px;--awb-amount:20px;--awb-sep-color:var(--awb-color8);border-color:var(--awb-color8);border-top-width:1px;\"><\/div><\/div><div class=\"fusion-title title fusion-title-5 fusion-sep-none fusion-title-text fusion-title-size-five\" style=\"--awb-text-color:var(--awb-color8);--awb-margin-bottom:10px;--awb-margin-top-small:10px;--awb-margin-right-small:0px;--awb-margin-bottom-small:10px;--awb-margin-left-small:0px;--awb-link-color:var(--awb-color8);\"><h5 class=\"fusion-title-heading title-heading-left\" style=\"font-family:&quot;Inter&quot;;font-style:normal;font-weight:600;margin:0;\"><a href=\"https:\/\/xnet-x.net\/ca\/ejes\/anticorrupcio\/\" class=\"awb-custom-text-color awb-custom-text-hover-color\" target=\"_self\">Informants\/Alertadors\/Whistleblowers | Filtracions i lluita anticorrupci\u00f3<\/a><\/h5><\/div><\/div><\/li>\n<li class=\"fusion-layout-column fusion_builder_column fusion-builder-column-6 fusion-flex-column post-card fusion-grid-column fusion-post-cards-grid-column\" style=\"--awb-bg-blend:overlay;--awb-bg-size:cover;--awb-flex-grow:0;--awb-flex-shrink:0;--awb-flex-grow-medium:0;--awb-flex-shrink-medium:0;--awb-flex-grow-small:0;--awb-flex-shrink-small:0;\" data-scroll-devices=\"small-visibility,medium-visibility,large-visibility\"><div class=\"fusion-column-wrapper fusion-column-has-shadow fusion-flex-justify-content-flex-start fusion-content-layout-column\"><div class=\"fusion-image-element \" style=\"--awb-aspect-ratio:2 \/ 1;--awb-object-position:49% 53%;--awb-caption-title-color:var(--awb-color1);--awb-caption-text-color:var(--awb-color1);--awb-caption-overlay-color:var(--awb-color8);--awb-caption-background-color:var(--awb-color5);--awb-caption-title-font-family:var(--h2_typography-font-family);--awb-caption-title-font-weight:var(--h2_typography-font-weight);--awb-caption-title-font-style:var(--h2_typography-font-style);--awb-caption-title-size:var(--h2_typography-font-size);--awb-caption-title-transform:var(--h2_typography-text-transform);--awb-caption-title-line-height:var(--h2_typography-line-height);--awb-caption-title-letter-spacing:var(--h2_typography-letter-spacing);\"><span class=\" fusion-imageframe imageframe-none imageframe-6 hover-type-none has-aspect-ratio\"><a class=\"fusion-no-lightbox\" href=\"https:\/\/xnet-x.net\/ca\/ejes\/neutralitat-de-la-xarxa\/\" target=\"_self\" aria-label=\"net-neutrality-or-barbarism-neutralidad-de-la-red-o-barbarie\"><img decoding=\"async\" width=\"700\" height=\"400\" src=\"https:\/\/xnet-x.net\/wp-content\/uploads\/2025\/11\/net-neutrality-or-barbarism-neutralidad-de-la-red-o-barbarie.jpg\" class=\"img-responsive wp-image-1400 img-with-aspect-ratio\" data-parent-fit=\"cover\" data-parent-container=\".fusion-image-element\" alt srcset=\"https:\/\/xnet-x.net\/wp-content\/uploads\/2025\/11\/net-neutrality-or-barbarism-neutralidad-de-la-red-o-barbarie-200x114.jpg 200w, https:\/\/xnet-x.net\/wp-content\/uploads\/2025\/11\/net-neutrality-or-barbarism-neutralidad-de-la-red-o-barbarie-400x229.jpg 400w, https:\/\/xnet-x.net\/wp-content\/uploads\/2025\/11\/net-neutrality-or-barbarism-neutralidad-de-la-red-o-barbarie-600x343.jpg 600w, https:\/\/xnet-x.net\/wp-content\/uploads\/2025\/11\/net-neutrality-or-barbarism-neutralidad-de-la-red-o-barbarie.jpg 700w\" sizes=\"(max-width: 640px) 100vw, 700px\" \/><\/a><\/span><\/div><div class=\"fusion-separator fusion-full-width-sep\" style=\"align-self: center;margin-left: auto;margin-right: auto;flex-grow:2;margin-top:15px;margin-bottom:5px;width:100%;\"><div class=\"fusion-separator-border sep-single sep-solid\" style=\"--awb-height:20px;--awb-amount:20px;--awb-sep-color:var(--awb-color8);border-color:var(--awb-color8);border-top-width:1px;\"><\/div><\/div><div class=\"fusion-title title fusion-title-6 fusion-sep-none fusion-title-text fusion-title-size-five\" style=\"--awb-text-color:var(--awb-color8);--awb-margin-bottom:10px;--awb-margin-top-small:10px;--awb-margin-right-small:0px;--awb-margin-bottom-small:10px;--awb-margin-left-small:0px;--awb-link-color:var(--awb-color8);\"><h5 class=\"fusion-title-heading title-heading-left\" style=\"font-family:&quot;Inter&quot;;font-style:normal;font-weight:600;margin:0;\"><a href=\"https:\/\/xnet-x.net\/ca\/ejes\/neutralitat-de-la-xarxa\/\" class=\"awb-custom-text-color awb-custom-text-hover-color\" target=\"_self\">Drets digitals| Privacitat | Dades | IA i Neutralitat de la Xarxa<\/a><\/h5><\/div><\/div><\/li>\n<li class=\"fusion-layout-column fusion_builder_column fusion-builder-column-7 fusion-flex-column post-card fusion-grid-column fusion-post-cards-grid-column\" style=\"--awb-bg-blend:overlay;--awb-bg-size:cover;--awb-flex-grow:0;--awb-flex-shrink:0;--awb-flex-grow-medium:0;--awb-flex-shrink-medium:0;--awb-flex-grow-small:0;--awb-flex-shrink-small:0;\" data-scroll-devices=\"small-visibility,medium-visibility,large-visibility\"><div class=\"fusion-column-wrapper fusion-column-has-shadow fusion-flex-justify-content-flex-start fusion-content-layout-column\"><div class=\"fusion-image-element \" style=\"--awb-aspect-ratio:2 \/ 1;--awb-object-position:49% 53%;--awb-caption-title-color:var(--awb-color1);--awb-caption-text-color:var(--awb-color1);--awb-caption-overlay-color:var(--awb-color8);--awb-caption-background-color:var(--awb-color5);--awb-caption-title-font-family:var(--h2_typography-font-family);--awb-caption-title-font-weight:var(--h2_typography-font-weight);--awb-caption-title-font-style:var(--h2_typography-font-style);--awb-caption-title-size:var(--h2_typography-font-size);--awb-caption-title-transform:var(--h2_typography-text-transform);--awb-caption-title-line-height:var(--h2_typography-line-height);--awb-caption-title-letter-spacing:var(--h2_typography-letter-spacing);\"><span class=\" fusion-imageframe imageframe-none imageframe-7 hover-type-none has-aspect-ratio\"><a class=\"fusion-no-lightbox\" href=\"https:\/\/xnet-x.net\/ca\/ejes\/cultura-lliure\/\" target=\"_self\" aria-label=\"Internet-Freedom-Becomes-A-Mere-Illusion\"><img decoding=\"async\" width=\"700\" height=\"400\" src=\"https:\/\/xnet-x.net\/wp-content\/uploads\/2025\/11\/Internet-Freedom-Becomes-A-Mere-Illusion.jpg\" class=\"img-responsive wp-image-1402 img-with-aspect-ratio\" data-parent-fit=\"cover\" data-parent-container=\".fusion-image-element\" alt srcset=\"https:\/\/xnet-x.net\/wp-content\/uploads\/2025\/11\/Internet-Freedom-Becomes-A-Mere-Illusion-200x114.jpg 200w, https:\/\/xnet-x.net\/wp-content\/uploads\/2025\/11\/Internet-Freedom-Becomes-A-Mere-Illusion-400x229.jpg 400w, https:\/\/xnet-x.net\/wp-content\/uploads\/2025\/11\/Internet-Freedom-Becomes-A-Mere-Illusion-600x343.jpg 600w, https:\/\/xnet-x.net\/wp-content\/uploads\/2025\/11\/Internet-Freedom-Becomes-A-Mere-Illusion.jpg 700w\" sizes=\"(max-width: 640px) 100vw, 700px\" \/><\/a><\/span><\/div><div class=\"fusion-separator fusion-full-width-sep\" style=\"align-self: center;margin-left: auto;margin-right: auto;flex-grow:2;margin-top:15px;margin-bottom:5px;width:100%;\"><div class=\"fusion-separator-border sep-single sep-solid\" style=\"--awb-height:20px;--awb-amount:20px;--awb-sep-color:var(--awb-color8);border-color:var(--awb-color8);border-top-width:1px;\"><\/div><\/div><div class=\"fusion-title title fusion-title-7 fusion-sep-none fusion-title-text fusion-title-size-five\" style=\"--awb-text-color:var(--awb-color8);--awb-margin-bottom:10px;--awb-margin-top-small:10px;--awb-margin-right-small:0px;--awb-margin-bottom-small:10px;--awb-margin-left-small:0px;--awb-link-color:var(--awb-color8);\"><h5 class=\"fusion-title-heading title-heading-left\" style=\"font-family:&quot;Inter&quot;;font-style:normal;font-weight:600;margin:0;\"><a href=\"https:\/\/xnet-x.net\/ca\/ejes\/cultura-lliure\/\" class=\"awb-custom-text-color awb-custom-text-hover-color\" target=\"_self\">Cultura Lliure [v\u00eddeos i +]<\/a><\/h5><\/div><\/div><\/li>\n<\/ul><\/div><\/div><\/div><\/div><\/div>\n","protected":false},"excerpt":{"rendered":"","protected":false},"author":1,"featured_media":0,"parent":0,"menu_order":0,"comment_status":"closed","ping_status":"closed","template":"100-width.php","meta":{"_acf_changed":false,"footnotes":""},"class_list":["post-1656","page","type-page","status-publish","hentry"],"acf":[],"_links":{"self":[{"href":"https:\/\/xnet-x.net\/ca\/wp-json\/wp\/v2\/pages\/1656","targetHints":{"allow":["GET"]}}],"collection":[{"href":"https:\/\/xnet-x.net\/ca\/wp-json\/wp\/v2\/pages"}],"about":[{"href":"https:\/\/xnet-x.net\/ca\/wp-json\/wp\/v2\/types\/page"}],"author":[{"embeddable":true,"href":"https:\/\/xnet-x.net\/ca\/wp-json\/wp\/v2\/users\/1"}],"replies":[{"embeddable":true,"href":"https:\/\/xnet-x.net\/ca\/wp-json\/wp\/v2\/comments?post=1656"}],"version-history":[{"count":1,"href":"https:\/\/xnet-x.net\/ca\/wp-json\/wp\/v2\/pages\/1656\/revisions"}],"predecessor-version":[{"id":1658,"href":"https:\/\/xnet-x.net\/ca\/wp-json\/wp\/v2\/pages\/1656\/revisions\/1658"}],"wp:attachment":[{"href":"https:\/\/xnet-x.net\/ca\/wp-json\/wp\/v2\/media?parent=1656"}],"curies":[{"name":"wp","href":"https:\/\/api.w.org\/{rel}","templated":true}]}}