{"id":1647,"date":"2025-12-18T11:59:44","date_gmt":"2025-12-18T09:59:44","guid":{"rendered":"https:\/\/xnet.cromamedia.com\/aviso-legal\/"},"modified":"2026-02-02T10:04:37","modified_gmt":"2026-02-02T08:04:37","slug":"avis-legal","status":"publish","type":"page","link":"https:\/\/xnet-x.net\/ca\/avis-legal\/","title":{"rendered":"Av\u00eds legal"},"content":{"rendered":"<div class=\"fusion-fullwidth fullwidth-box fusion-builder-row-1 fusion-flex-container has-pattern-background has-mask-background nonhundred-percent-fullwidth non-hundred-percent-height-scrolling\" style=\"--awb-border-radius-top-left:0px;--awb-border-radius-top-right:0px;--awb-border-radius-bottom-right:0px;--awb-border-radius-bottom-left:0px;--awb-flex-wrap:wrap;\" ><div class=\"fusion-builder-row fusion-row fusion-flex-align-items-flex-start fusion-flex-content-wrap\" style=\"max-width:1248px;margin-left: calc(-4% \/ 2 );margin-right: calc(-4% \/ 2 );\"><div class=\"fusion-layout-column fusion_builder_column fusion-builder-column-0 fusion_builder_column_1_1 1_1 fusion-flex-column\" style=\"--awb-bg-size:cover;--awb-width-large:100%;--awb-margin-top-large:0px;--awb-spacing-right-large:1.92%;--awb-margin-bottom-large:20px;--awb-spacing-left-large:1.92%;--awb-width-medium:100%;--awb-order-medium:0;--awb-spacing-right-medium:1.92%;--awb-spacing-left-medium:1.92%;--awb-width-small:100%;--awb-order-small:0;--awb-spacing-right-small:1.92%;--awb-spacing-left-small:1.92%;\"><div class=\"fusion-column-wrapper fusion-column-has-shadow fusion-flex-justify-content-flex-start fusion-content-layout-column\"><div class=\"fusion-text fusion-text-1\"><p>De conformitat amb el Reglament Europeu i la Llei de Protecci\u00f3 de Dades de Car\u00e0cter Personal vigent, les dades subministrades per l\u2019Usuari quedaran incorporades en un fitxer automatitzat amb la finalitat d\u2019enviar-li informaci\u00f3 sobre les nostres activitats i opinions (i, en alguna ocasi\u00f3 puntual, sobre altres q\u00fcestions que considerem rellevants). Nom\u00e9s es conserven els correus electr\u00f2nics, no els noms ni altres dades personals.<\/p>\n<p>Conservarem les dades \u00fanicament mentre la finalitat per la qual han estat recollides continu\u00ef vigent.<\/p>\n<p>Podeu exercir els vostres drets d\u2019acc\u00e9s, rectificaci\u00f3, cancel\u00b7laci\u00f3, oposici\u00f3, limitaci\u00f3 del tractament i portabilitat de les dades, en els casos i amb l\u2019abast que estableixi la normativa aplicable en cada moment. Tamb\u00e9 teniu dret a retirar el consentiment si l\u2019hav\u00edeu prestat.<br \/>\nEn cas que aquests drets no siguin respectats, teniu dret a presentar una reclamaci\u00f3 davant l\u2019autoritat de control.<\/p>\n<p>Si voleu exercir algun d\u2019aquests drets o rebre m\u00e9s informaci\u00f3 sobre ells, poseu-vos en contacte amb nosaltres a l\u2019adre\u00e7a electr\u00f2nica contact[arroba]xnet-x.net.<\/p>\n<p>Les sol\u00b7licituds enviades per correu electr\u00f2nic s\u2019han de fer des de l\u2019adre\u00e7a de correu registrada per vosaltres (en alguns casos, l\u2019usuari, per exercir els drets esmentats i amb l\u2019objectiu d\u2019oferir garanties d\u2019identificaci\u00f3 del sol\u00b7licitant corresponent, haur\u00e0 d\u2019adjuntar a la seva sol\u00b7licitud una c\u00f2pia del seu Document Nacional d\u2019Identitat o, si escau, del N\u00famero d\u2019Identificaci\u00f3 d\u2019Estrangers, vigent).<\/p>\n<p>Si no esteu satisfets amb la manera com tractem la vostra informaci\u00f3 personal, podeu comunicar-vos amb nosaltres en qualsevol moment per resoldre la q\u00fcesti\u00f3.<\/p>\n<p><strong>Termini de conservaci\u00f3 de les dades personals:<\/strong> Les dades personals dels clients es conservaran mentre siguin necess\u00e0ries per a la finalitat establerta en aquesta pol\u00edtica. Quan deixin de ser necess\u00e0ries per a aquesta finalitat, les dades quedaran bloquejades durant el per\u00edode en qu\u00e8 puguin ser necess\u00e0ries per a l\u2019exercici o la defensa davant accions administratives o judicials, i nom\u00e9s podran ser desbloquejades i tractades de nou per aquest motiu. Un cop superat aquest per\u00edode, les dades seran definitivament cancel\u00b7lades.<\/p>\n<p>Ens comprometem a complir amb el deure de secret i confidencialitat respecte de les dades personals proporcionades per l\u2019usuari d\u2019acord amb la legislaci\u00f3 aplicable.<\/p>\n<p>No tractem dades sensibles ni a gran escala; no realitzem elaboraci\u00f3 de perfils; no utilitzem tecnologies invasives per a la privacitat, com les relatives a la geolocalitzaci\u00f3.<\/p>\n<p>Les dades de car\u00e0cter personal seran tractades amb el grau de protecci\u00f3 adequat, segons la normativa vigent, adoptant-se les mesures de seguretat necess\u00e0ries per evitar-ne l\u2019alteraci\u00f3, p\u00e8rdua, tractament o acc\u00e9s no autoritzat per part de tercers.<\/p>\n<p>Les nostres bases de dades es generen i es conserven mitjan\u00e7ant la tecnologia del programa <a href=\"https:\/\/gitlab.com\/mailman\/postorius\" target=\"_blank\" rel=\"noopener noreferrer\">Postorius<\/a>. El programa \u00e9s programari lliure i pot ser auditat obertament. Les bases de dades de les nostres newsletters estan en format PostgreSQL, amb les dades en txt, i estan allotjades a la Uni\u00f3 Europea i administrades per nosaltres.<\/p>\n<p>L\u2019empresa Maadix.net funciona sobre m\u00e0quines virtuals que ens permeten fer snapshots de tot el sistema per realitzar c\u00f2pies de seguretat i accedir a les unitats fora de l\u00ednia en cas de fallada o intrusi\u00f3. El datastore de les VM funciona sobre discs RAID.<br \/>\nDi\u00e0riament es fan c\u00f2pies dels arxius i de les bases de dades, se\u2019n guarda una c\u00f2pia creuada entre elles i se\u2019n fa transfer\u00e8ncia a un altre servidor.<br \/>\nUtilitzem sistemes GNU\/Linux amb aplicaci\u00f3 autom\u00e0tica de pegats de seguretat i centralitzaci\u00f3 dels registres d\u2019esdeveniments del sistema i de seguretat.<br \/>\nAddicionalment, utilitzem un dimoni antiintrusi\u00f3 que protegeix els diferents serveis http\/ssh\/sftp\/smtp bloquejant IP amb peticions sospitoses.<br \/>\nTots els serveis funcionen amb SSL mitjan\u00e7ant certificats Let\u2019s Encrypt. Els administradors i usuaris del sistema, a m\u00e9s, disposen d\u2019un servei VPN a cada VM per a l\u2019acc\u00e9s i la navegaci\u00f3 encriptada des de xarxes p\u00fabliques.<br \/>\nA banda dels sistemes de detecci\u00f3 de virus i programari malici\u00f3s instal\u00b7lats permanentment, s\u2019actualitza i es revisa la seguretat del sistema, del n\u00favol i dels ordinadors com a m\u00ednim un cop l\u2019any.<\/p>\n<p><strong>Estad\u00edstiques de tr\u00e0nsit<\/strong><br \/>\nRecollim informaci\u00f3 no personal als webs <em>*xnet-x.net<\/em> i <em>*fcforum.net<\/em> mitjan\u00e7ant el programari respectu\u00f3s amb la privacitat <a href=\"https:\/\/piwik.org\/\" target=\"_blank\" rel=\"noopener noreferrer\">Matomo<\/a>.<\/p>\n<p><strong>Crowdfunding i donacions<\/strong><br \/>\nLes dades subministrades pels usuaris durant campanyes de micromecenatge no es compartiran en cap cas amb tercers. Estan allotjades en un servidor a la Uni\u00f3 Europea i s\u00f3n administrades per nosaltres.<br \/>\nIntentem fomentar sempre l\u2019economia distribu\u00efda i l\u2019\u00fas de monedes alternatives, com el Bitcoin. De moment, per\u00f2, la realitat del m\u00f3n en qu\u00e8 vivim ens obliga a continuar utilitzant tamb\u00e9 m\u00e8todes de pagament tradicionals com PayPal. Vegeu la pol\u00edtica de privacitat de <a href=\"https:\/\/www.paypal.com\/gi\/webapps\/mpp\/ua\/privacy-full\" target=\"_blank\" rel=\"noopener noreferrer\">PayPal<\/a>.<\/p>\n<h4><strong>Administraci\u00f3 del lloc<\/strong><\/h4>\n<p><a href=\"https:\/\/xnet-x.net\/\">Xnet<\/a> \u00e9s una plataforma d\u2019afinitat, basada en la confian\u00e7a m\u00fatua, sense jerarquia i sense processos formals de presa de decisions.<br \/>\nXnet compta amb un ampli grup de persones actives en funci\u00f3 de les tasques a realitzar i una extensa xarxa de simpatitzants i seguidors a les xarxes socials. Xnet acostuma a consultar les seves decisions amb la Xarxa de Xarxes, incorporant constantment modificacions i suggeriments.<br \/>\nLes diferents persones actives segons les tasques assumeixen, de manera rotat\u00f2ria, l\u2019administraci\u00f3 d\u2019aquest web.<\/p>\n<p>Xnet ha impulsat i organitzat peri\u00f2dicament l\u2019esdeveniment <a href=\"https:\/\/fcforum.net\/\">Free Culture Forum<\/a> (FCForum) i els <a href=\"https:\/\/xnet-x.net\/contactanos-para\/the-oxcars\/\" target=\"_blank\" rel=\"noopener noreferrer\">oXcars<\/a>.<br \/>\nXnet \u00e9s impulsora del projecte col\u00b7lectiu independent que va promoure el <a href=\"https:\/\/15mparato.wordpress.com\/\" target=\"_blank\" rel=\"noopener noreferrer\">cas Bankia<\/a> i va treure a la llum les <a href=\"https:\/\/15mparato.wordpress.com\/\" target=\"_blank\" rel=\"noopener noreferrer\">Targetes Black<\/a>.<\/p>\n<p>Per a qualsevol notificaci\u00f3 que vulgueu fer arribar a la plataforma sobre els continguts dels nostres webs <em>*xnet-x.net<\/em> \/ <em>*fcforum.net<\/em> o altres q\u00fcestions, podeu utilitzar la seg\u00fcent adre\u00e7a de correu electr\u00f2nic: <strong>contact[at]xnet-x.net<\/strong><\/p>\n<p><strong>Xnet<\/strong> \u00e9s un projecte emparat per l\u2019<a href=\"https:\/\/conservas.tk\/acerca-de\/aviso-legal-politica-de-privacidad-protocolo-de-funcionamiento-estatutos-administracion\/\" target=\"_blank\" rel=\"noopener noreferrer\">IDCDE<\/a>.<\/p>\n<\/div><\/div><\/div><\/div><\/div>\n","protected":false},"excerpt":{"rendered":"","protected":false},"author":2,"featured_media":0,"parent":0,"menu_order":0,"comment_status":"closed","ping_status":"closed","template":"100-width.php","meta":{"_acf_changed":false,"footnotes":""},"class_list":["post-1647","page","type-page","status-publish","hentry"],"acf":[],"_links":{"self":[{"href":"https:\/\/xnet-x.net\/ca\/wp-json\/wp\/v2\/pages\/1647","targetHints":{"allow":["GET"]}}],"collection":[{"href":"https:\/\/xnet-x.net\/ca\/wp-json\/wp\/v2\/pages"}],"about":[{"href":"https:\/\/xnet-x.net\/ca\/wp-json\/wp\/v2\/types\/page"}],"author":[{"embeddable":true,"href":"https:\/\/xnet-x.net\/ca\/wp-json\/wp\/v2\/users\/2"}],"replies":[{"embeddable":true,"href":"https:\/\/xnet-x.net\/ca\/wp-json\/wp\/v2\/comments?post=1647"}],"version-history":[{"count":1,"href":"https:\/\/xnet-x.net\/ca\/wp-json\/wp\/v2\/pages\/1647\/revisions"}],"predecessor-version":[{"id":1649,"href":"https:\/\/xnet-x.net\/ca\/wp-json\/wp\/v2\/pages\/1647\/revisions\/1649"}],"wp:attachment":[{"href":"https:\/\/xnet-x.net\/ca\/wp-json\/wp\/v2\/media?parent=1647"}],"curies":[{"name":"wp","href":"https:\/\/api.w.org\/{rel}","templated":true}]}}