{"id":160,"date":"2008-09-03T18:33:26","date_gmt":"2008-09-03T16:33:26","guid":{"rendered":"http:\/\/la-ex.net\/?page_id=160"},"modified":"2011-03-24T17:00:26","modified_gmt":"2011-03-24T16:00:26","slug":"telekommunisten","status":"publish","type":"page","link":"https:\/\/xnet-x.net\/ca\/los-oxcars\/programa\/telekommunisten\/","title":{"rendered":"Telekommunisten"},"content":{"rendered":"<p>[Per falta de temps i recursos, la traducci\u00f3 al catal\u00e0 d&#8217;aquesta web no est\u00e0 acabada. Si trobes interessants alguns dels nostres documents i tens temps de traduir-los, ens ho pot enviar (si us plau, reproduint la maquetaci\u00f3). Moltes gr\u00e0cies!]<\/p>\n<p><img loading=\"lazy\" decoding=\"async\" style=\"vertical-align: top;\" src=\"http:\/\/farm4.static.flickr.com\/3068\/2830028003_162ddc4a94.jpg\" alt=\"\" width=\"500\" height=\"153\" \/><\/p>\n<p>Telekommunisten es un colectivo germano-canadiense de trabajadores con base en Berl\u00edn. El colectivo est\u00e1 implicado en el arte, el hacker\/free-software y las comunidades activistas, su objetivo es promover el ideal de un trabajador productor y aut\u00f3nomo como forma de lucha de clase.<br \/>\nTelekommunisten est\u00e1 controlado por los trabajadores y conf\u00eda en seguir as\u00ed. Creen que pueden servir a sus clientes lo mejor posible y de la forma m\u00e1s econ\u00f3mica, centr\u00e1ndose en resolver las necesidades de sus trabajadores y clientes, no en los beneficios de accionistas exteriores. Creen que el capitalismo y la dominaci\u00f3n global que resulta de corporaciones no democr\u00e1ticas son la fuente de la pobreza, la desigualdad, la guerra y la cat\u00e1strofe ambiental. Tambi\u00e9n creen que una soluci\u00f3n se puede encontrar en los trabajadores aut\u00f3nomos,\u00a0 que organizan su propia producci\u00f3n. Sin el hurto del producto del trabajo, las oligarqu\u00edas no tendr\u00edan la posibilidad de controlar a pol\u00edticos corruptos y financiar guerras inmorales<br \/>\n<a href=\"http:\/\/www.telekommunisten.net\/\" target=\"_blank\">http:\/\/www.telekommunisten.net\/<\/a><\/p>","protected":false},"excerpt":{"rendered":"<p>[Per falta de temps i recursos, la traducci\u00f3 al catal\u00e0 d&#8217;aquesta web no est\u00e0 acabada. Si trobes interessants alguns dels nostres documents i tens temps de traduir-los, ens ho pot enviar (si us plau, reproduint la maquetaci\u00f3). Moltes gr\u00e0cies!] Telekommunisten es un colectivo germano-canadiense de trabajadores con base en Berl\u00edn. El colectivo est\u00e1 implicado en [&hellip;]<\/p>\n","protected":false},"author":5,"featured_media":0,"parent":136,"menu_order":0,"comment_status":"open","ping_status":"closed","template":"","meta":{"footnotes":""},"class_list":["post-160","page","type-page","status-publish","hentry"],"yoast_head":"<!-- This site is optimized with the Yoast SEO plugin v26.7 - https:\/\/yoast.com\/wordpress\/plugins\/seo\/ -->\n<title>Telekommunisten -<\/title>\n<meta name=\"robots\" content=\"index, follow, max-snippet:-1, max-image-preview:large, max-video-preview:-1\" \/>\n<link rel=\"canonical\" href=\"https:\/\/xnet-x.net\/ca\/los-oxcars\/programa\/telekommunisten\/\" \/>\n<meta name=\"twitter:label1\" content=\"Est. reading time\" \/>\n\t<meta name=\"twitter:data1\" content=\"2 minutes\" \/>\n<script type=\"application\/ld+json\" class=\"yoast-schema-graph\">{\"@context\":\"https:\/\/schema.org\",\"@graph\":[{\"@type\":\"WebPage\",\"@id\":\"https:\/\/xnet-x.net\/ca\/los-oxcars\/programa\/telekommunisten\/\",\"url\":\"https:\/\/xnet-x.net\/ca\/los-oxcars\/programa\/telekommunisten\/\",\"name\":\"Telekommunisten -\",\"isPartOf\":{\"@id\":\"https:\/\/xnet-x.net\/ca\/#website\"},\"primaryImageOfPage\":{\"@id\":\"https:\/\/xnet-x.net\/ca\/los-oxcars\/programa\/telekommunisten\/#primaryimage\"},\"image\":{\"@id\":\"https:\/\/xnet-x.net\/es\/los-oxcars\/programa\/telekommunisten\/#primaryimage\"},\"thumbnailUrl\":\"http:\/\/farm4.static.flickr.com\/3068\/2830028003_162ddc4a94.jpg\",\"datePublished\":\"2008-09-03T16:33:26+00:00\",\"dateModified\":\"2011-03-24T16:00:26+00:00\",\"breadcrumb\":{\"@id\":\"https:\/\/xnet-x.net\/ca\/los-oxcars\/programa\/telekommunisten\/#breadcrumb\"},\"inLanguage\":\"ca-ES\",\"potentialAction\":[{\"@type\":\"ReadAction\",\"target\":[[\"https:\/\/xnet-x.net\/ca\/los-oxcars\/programa\/telekommunisten\/\"]]}]},{\"@type\":\"ImageObject\",\"inLanguage\":\"ca-ES\",\"@id\":\"https:\/\/xnet-x.net\/ca\/los-oxcars\/programa\/telekommunisten\/#primaryimage\",\"url\":\"http:\/\/farm4.static.flickr.com\/3068\/2830028003_162ddc4a94.jpg\",\"contentUrl\":\"http:\/\/farm4.static.flickr.com\/3068\/2830028003_162ddc4a94.jpg\"},{\"@type\":\"BreadcrumbList\",\"@id\":\"https:\/\/xnet-x.net\/ca\/los-oxcars\/programa\/telekommunisten\/#breadcrumb\",\"itemListElement\":[{\"@type\":\"ListItem\",\"position\":1,\"name\":\"Portada\",\"item\":\"https:\/\/xnet-x.net\/ca\/\"},{\"@type\":\"ListItem\",\"position\":2,\"name\":\"Los OXcars\",\"item\":\"https:\/\/xnet-x.net\/ca\/los-oxcars\/\"},{\"@type\":\"ListItem\",\"position\":3,\"name\":\"Programa\",\"item\":\"https:\/\/xnet-x.net\/ca\/los-oxcars\/programa\/\"},{\"@type\":\"ListItem\",\"position\":4,\"name\":\"Telekommunisten\"}]},{\"@type\":\"WebSite\",\"@id\":\"https:\/\/xnet-x.net\/ca\/#website\",\"url\":\"https:\/\/xnet-x.net\/ca\/\",\"name\":\"[:es]Xnet - Internet, derechos y democracia en la era digital[:ca]Xnet - Internet, drets i democr\u00e0cia en l'era digital[:en]Xnet - Internet freedoms & digital rights[:]\",\"description\":\"Xnet: Internet, informaci\u00f3 i cultura lliures. Tecnopol\u00edtica. Dades, algoritmes i drets digitals. Llibertat d&#039;expressi\u00f3. Democr\u00e0cia i anticorrupci\u00f3\",\"publisher\":{\"@id\":\"https:\/\/xnet-x.net\/ca\/#organization\"},\"potentialAction\":[{\"@type\":\"SearchAction\",\"target\":{\"@type\":\"EntryPoint\",\"urlTemplate\":\"https:\/\/xnet-x.net\/ca\/?s={search_term_string}\"},\"query-input\":{\"@type\":\"PropertyValueSpecification\",\"valueRequired\":true,\"valueName\":\"search_term_string\"}}],\"inLanguage\":\"ca-ES\"},{\"@type\":\"Organization\",\"@id\":\"https:\/\/xnet-x.net\/ca\/#organization\",\"name\":\"Xnet - Internet, drets i democr\u00e0cia en l'era digital\",\"url\":\"https:\/\/xnet-x.net\/ca\/\",\"logo\":{\"@type\":\"ImageObject\",\"inLanguage\":\"ca-ES\",\"@id\":\"https:\/\/xnet-x.net\/ca\/#\/schema\/logo\/image\/\",\"url\":\"https:\/\/xnet-x.net\/img\/xnet-logo.png\",\"contentUrl\":\"https:\/\/xnet-x.net\/img\/xnet-logo.png\",\"width\":512,\"height\":512,\"caption\":\"Xnet - Internet, drets i democr\u00e0cia en l'era digital\"},\"image\":{\"@id\":\"https:\/\/xnet-x.net\/ca\/#\/schema\/logo\/image\/\"},\"sameAs\":[\"http:\/\/facebook.com\/RedX.Net\/\",\"https:\/\/x.com\/x_net_\",\"https:\/\/es.wikipedia.org\/wiki\/Xnet\"]}]}<\/script>\n<!-- \/ Yoast SEO plugin. -->","yoast_head_json":{"title":"Telekommunisten -","robots":{"index":"index","follow":"follow","max-snippet":"max-snippet:-1","max-image-preview":"max-image-preview:large","max-video-preview":"max-video-preview:-1"},"canonical":"https:\/\/xnet-x.net\/ca\/los-oxcars\/programa\/telekommunisten\/","twitter_misc":{"Est. reading time":"2 minutes"},"schema":{"@context":"https:\/\/schema.org","@graph":[{"@type":"WebPage","@id":"https:\/\/xnet-x.net\/ca\/los-oxcars\/programa\/telekommunisten\/","url":"https:\/\/xnet-x.net\/ca\/los-oxcars\/programa\/telekommunisten\/","name":"Telekommunisten -","isPartOf":{"@id":"https:\/\/xnet-x.net\/ca\/#website"},"primaryImageOfPage":{"@id":"https:\/\/xnet-x.net\/ca\/los-oxcars\/programa\/telekommunisten\/#primaryimage"},"image":{"@id":"https:\/\/xnet-x.net\/es\/los-oxcars\/programa\/telekommunisten\/#primaryimage"},"thumbnailUrl":"http:\/\/farm4.static.flickr.com\/3068\/2830028003_162ddc4a94.jpg","datePublished":"2008-09-03T16:33:26+00:00","dateModified":"2011-03-24T16:00:26+00:00","breadcrumb":{"@id":"https:\/\/xnet-x.net\/ca\/los-oxcars\/programa\/telekommunisten\/#breadcrumb"},"inLanguage":"ca-ES","potentialAction":[{"@type":"ReadAction","target":[["https:\/\/xnet-x.net\/ca\/los-oxcars\/programa\/telekommunisten\/"]]}]},{"@type":"ImageObject","inLanguage":"ca-ES","@id":"https:\/\/xnet-x.net\/ca\/los-oxcars\/programa\/telekommunisten\/#primaryimage","url":"http:\/\/farm4.static.flickr.com\/3068\/2830028003_162ddc4a94.jpg","contentUrl":"http:\/\/farm4.static.flickr.com\/3068\/2830028003_162ddc4a94.jpg"},{"@type":"BreadcrumbList","@id":"https:\/\/xnet-x.net\/ca\/los-oxcars\/programa\/telekommunisten\/#breadcrumb","itemListElement":[{"@type":"ListItem","position":1,"name":"Portada","item":"https:\/\/xnet-x.net\/ca\/"},{"@type":"ListItem","position":2,"name":"Los OXcars","item":"https:\/\/xnet-x.net\/ca\/los-oxcars\/"},{"@type":"ListItem","position":3,"name":"Programa","item":"https:\/\/xnet-x.net\/ca\/los-oxcars\/programa\/"},{"@type":"ListItem","position":4,"name":"Telekommunisten"}]},{"@type":"WebSite","@id":"https:\/\/xnet-x.net\/ca\/#website","url":"https:\/\/xnet-x.net\/ca\/","name":"[:es]Xnet - Internet, derechos y democracia en la era digital[:ca]Xnet - Internet, drets i democr\u00e0cia en l'era digital[:en]Xnet - Internet freedoms & digital rights[:]","description":"Xnet: Internet, informaci\u00f3 i cultura lliures. Tecnopol\u00edtica. Dades, algoritmes i drets digitals. Llibertat d&#039;expressi\u00f3. Democr\u00e0cia i anticorrupci\u00f3","publisher":{"@id":"https:\/\/xnet-x.net\/ca\/#organization"},"potentialAction":[{"@type":"SearchAction","target":{"@type":"EntryPoint","urlTemplate":"https:\/\/xnet-x.net\/ca\/?s={search_term_string}"},"query-input":{"@type":"PropertyValueSpecification","valueRequired":true,"valueName":"search_term_string"}}],"inLanguage":"ca-ES"},{"@type":"Organization","@id":"https:\/\/xnet-x.net\/ca\/#organization","name":"Xnet - Internet, drets i democr\u00e0cia en l'era digital","url":"https:\/\/xnet-x.net\/ca\/","logo":{"@type":"ImageObject","inLanguage":"ca-ES","@id":"https:\/\/xnet-x.net\/ca\/#\/schema\/logo\/image\/","url":"https:\/\/xnet-x.net\/img\/xnet-logo.png","contentUrl":"https:\/\/xnet-x.net\/img\/xnet-logo.png","width":512,"height":512,"caption":"Xnet - Internet, drets i democr\u00e0cia en l'era digital"},"image":{"@id":"https:\/\/xnet-x.net\/ca\/#\/schema\/logo\/image\/"},"sameAs":["http:\/\/facebook.com\/RedX.Net\/","https:\/\/x.com\/x_net_","https:\/\/es.wikipedia.org\/wiki\/Xnet"]}]}},"_links":{"self":[{"href":"https:\/\/xnet-x.net\/ca\/wp-json\/wp\/v2\/pages\/160","targetHints":{"allow":["GET"]}}],"collection":[{"href":"https:\/\/xnet-x.net\/ca\/wp-json\/wp\/v2\/pages"}],"about":[{"href":"https:\/\/xnet-x.net\/ca\/wp-json\/wp\/v2\/types\/page"}],"author":[{"embeddable":true,"href":"https:\/\/xnet-x.net\/ca\/wp-json\/wp\/v2\/users\/5"}],"replies":[{"embeddable":true,"href":"https:\/\/xnet-x.net\/ca\/wp-json\/wp\/v2\/comments?post=160"}],"version-history":[{"count":1,"href":"https:\/\/xnet-x.net\/ca\/wp-json\/wp\/v2\/pages\/160\/revisions"}],"predecessor-version":[{"id":3580,"href":"https:\/\/xnet-x.net\/ca\/wp-json\/wp\/v2\/pages\/160\/revisions\/3580"}],"up":[{"embeddable":true,"href":"https:\/\/xnet-x.net\/ca\/wp-json\/wp\/v2\/pages\/136"}],"wp:attachment":[{"href":"https:\/\/xnet-x.net\/ca\/wp-json\/wp\/v2\/media?parent=160"}],"curies":[{"name":"wp","href":"https:\/\/api.w.org\/{rel}","templated":true}]}}