{"id":159,"date":"2008-09-03T18:35:13","date_gmt":"2008-09-03T16:35:13","guid":{"rendered":"http:\/\/la-ex.net\/?page_id=159"},"modified":"2011-03-24T17:37:03","modified_gmt":"2011-03-24T16:37:03","slug":"informacion-practica","status":"publish","type":"page","link":"https:\/\/xnet-x.net\/ca\/proyectos\/informacion-practica\/","title":{"rendered":"Informaci\u00f3n Pr\u00e1ctica"},"content":{"rendered":"<p>[Per falta de temps i recursos, la traducci\u00f3 al catal\u00e0 d&#8217;aquesta web no est\u00e0 acabada. Si trobes interessants alguns dels nostres documents i tens temps de traduir-los, ens ho pot enviar (si us plau, reproduint la maquetaci\u00f3). Moltes gr\u00e0cies!]<\/p>\n<p><a href=\"\/posible\" target=\"_blank\">Lo hacen posible&#8230;<\/a><\/p>\n<p><em><strong>Precio de la entrada: <\/strong><\/em><br \/>\nEspect\u00e1culo entero con asiento, anticipada: 8 \u20ac con una copa Vodkamiel opensource drink<br \/>\nEspect\u00e1culo entero con asiento, taquilla: 11 \u20ac con una copa Vodkamiel opensource drink<br \/>\nEspect\u00e1culo entero sin derecho a asiento, anticipada: 6 \u20ac con una copa Vodkamiel opensource drink<br \/>\nEspect\u00e1culo entero sin derecho a asiento, taquilla: 9 \u20ac con una copa Vodkamiel opensource drink<br \/>\nGrupos de 10, espect\u00e1culo entero con asiento: 50 \u20ac con una copa Vodkamiel opensource drink<br \/>\nS\u00f3lo conciertos (entrada permitida a partir de las 23,30h), anticipada: 7 \u20ac<br \/>\nS\u00f3lo conciertos (entrada permitida a partir de las 23,30h), taquilla: 10 \u20ac<\/p>\n<p><em><strong>Entradas ya a la venta:<\/strong><\/em><\/p>\n<p><strong>No PROFIT-<\/strong> las entradas son para financiar el evento y la asesor\u00eda jur\u00eddica EXGAE<br \/>\n<strong> Nota: cultura libre no quiere decir gratuita: los creadores, si quieren, han de poder cobrar por lo que crean. Para lo contrario ya est\u00e1 la industria cultural.<\/strong><\/p>\n<p>Compra\u00a0 de entradas:<\/p>\n<p><a href=\"http:\/\/\"><br \/>\n<\/a> <a href=\"http:\/\/www.codetickets.com\/sala-apolo\/es\/sala-apolo.com\/14\/\" target=\"_blank\">http:\/\/www.codetickets.com\/sala-apolo\/es\/sala-apolo.com\/14\/<\/a><\/p>\n<p>o<\/p>\n<p>en <a href=\"http:\/\/conservas.tk\" target=\"_blank\">Conservas<\/a>&#8211; de lunes a viernes de 16h a 19h<br \/>\nCalle Sant Pau 58 \u2013 Metro: Liceu o Paral.lel<br \/>\nTel: (+34) 933020630<\/p>\n<p><em><strong>Punto de informaci\u00f3n, difusi\u00f3n y consulta:<\/strong><\/em><br \/>\n<a href=\"http:\/\/conservas.tk\" target=\"_blank\">Conservas<\/a>&#8211; de lunes a viernes de 16h a 19h<br \/>\nCalle Sant Pau 58 \u2013 Metro: Liceu o Paral.lel<br \/>\nTel: (+34) 933020630<\/p>\n<p><em><strong>Localizaciones:<\/strong><\/em><br \/>\n<a href=\"http:\/\/sala-apolo.com\/\" target=\"_blank\"><strong>Sala Apolo<\/strong><\/a><br \/>\nNou de la Rambla 113 \u2013 Metro: Paral.lel<\/p>\n<p><a href=\"http:\/\/conservas.tk\"><strong>Conservas<\/strong><\/a><br \/>\nCalle Sant Pau 58 \u2013 Metro: Liceu o Paral.lel<\/p>\n<p><a href=\"http:\/\/ateneucandela.org\" target=\"_blank\"><strong>Ateneu Candela<\/strong><\/a><br \/>\nCalle Sant Gaiet\u00e0 73, Terrassa, \u00c1rea Metropolitana BCN<\/p>\n<p><em><strong>Streaming de los eventos:<\/strong><\/em><br \/>\n<audio class=\"wp-audio-shortcode\" id=\"audio-159-2\" preload=\"none\" style=\"width: 100%;\" controls=\"controls\"><source type=\"audio\/ogg\" src=\"http:\/\/giss.tv\/oxcars.ogg?_=2\" \/><a href=\"http:\/\/giss.tv\/oxcars.ogg\">http:\/\/giss.tv\/oxcars.ogg<\/a><\/audio><\/p>\n<p><a href=\"\/posible\" target=\"_blank\"><br \/>\n<\/a><\/p>","protected":false},"excerpt":{"rendered":"<p>[Per falta de temps i recursos, la traducci\u00f3 al catal\u00e0 d&#8217;aquesta web no est\u00e0 acabada. Si trobes interessants alguns dels nostres documents i tens temps de traduir-los, ens ho pot enviar (si us plau, reproduint la maquetaci\u00f3). Moltes gr\u00e0cies!] Lo hacen posible&#8230; Precio de la entrada: Espect\u00e1culo entero con asiento, anticipada: 8 \u20ac con una [&hellip;]<\/p>\n","protected":false},"author":5,"featured_media":0,"parent":2992,"menu_order":0,"comment_status":"open","ping_status":"closed","template":"","meta":{"footnotes":""},"class_list":["post-159","page","type-page","status-publish","hentry"],"yoast_head":"<!-- This site is optimized with the Yoast SEO plugin v26.7 - https:\/\/yoast.com\/wordpress\/plugins\/seo\/ -->\n<title>Informaci\u00f3n Pr\u00e1ctica -<\/title>\n<meta name=\"robots\" content=\"index, follow, max-snippet:-1, max-image-preview:large, max-video-preview:-1\" \/>\n<link rel=\"canonical\" href=\"https:\/\/xnet-x.net\/ca\/proyectos\/informacion-practica\/\" \/>\n<meta name=\"twitter:label1\" content=\"Est. reading time\" \/>\n\t<meta name=\"twitter:data1\" content=\"3 minutes\" \/>\n<script type=\"application\/ld+json\" class=\"yoast-schema-graph\">{\"@context\":\"https:\/\/schema.org\",\"@graph\":[{\"@type\":\"WebPage\",\"@id\":\"https:\/\/xnet-x.net\/ca\/proyectos\/informacion-practica\/\",\"url\":\"https:\/\/xnet-x.net\/ca\/proyectos\/informacion-practica\/\",\"name\":\"Informaci\u00f3n Pr\u00e1ctica -\",\"isPartOf\":{\"@id\":\"https:\/\/xnet-x.net\/ca\/#website\"},\"datePublished\":\"2008-09-03T16:35:13+00:00\",\"dateModified\":\"2011-03-24T16:37:03+00:00\",\"breadcrumb\":{\"@id\":\"https:\/\/xnet-x.net\/ca\/proyectos\/informacion-practica\/#breadcrumb\"},\"inLanguage\":\"ca-ES\",\"potentialAction\":[{\"@type\":\"ReadAction\",\"target\":[[\"https:\/\/xnet-x.net\/ca\/proyectos\/informacion-practica\/\"]]}]},{\"@type\":\"BreadcrumbList\",\"@id\":\"https:\/\/xnet-x.net\/ca\/proyectos\/informacion-practica\/#breadcrumb\",\"itemListElement\":[{\"@type\":\"ListItem\",\"position\":1,\"name\":\"Portada\",\"item\":\"https:\/\/xnet-x.net\/ca\/\"},{\"@type\":\"ListItem\",\"position\":2,\"name\":\"(Es) Proyectos\",\"item\":\"https:\/\/xnet-x.net\/ca\/proyectos\/\"},{\"@type\":\"ListItem\",\"position\":3,\"name\":\"Informaci\u00f3n Pr\u00e1ctica\"}]},{\"@type\":\"WebSite\",\"@id\":\"https:\/\/xnet-x.net\/ca\/#website\",\"url\":\"https:\/\/xnet-x.net\/ca\/\",\"name\":\"[:es]Xnet - Internet, derechos y democracia en la era digital[:ca]Xnet - Internet, drets i democr\u00e0cia en l'era digital[:en]Xnet - Internet freedoms & digital rights[:]\",\"description\":\"Xnet: Internet, informaci\u00f3 i cultura lliures. Tecnopol\u00edtica. Dades, algoritmes i drets digitals. Llibertat d&#039;expressi\u00f3. Democr\u00e0cia i anticorrupci\u00f3\",\"publisher\":{\"@id\":\"https:\/\/xnet-x.net\/ca\/#organization\"},\"potentialAction\":[{\"@type\":\"SearchAction\",\"target\":{\"@type\":\"EntryPoint\",\"urlTemplate\":\"https:\/\/xnet-x.net\/ca\/?s={search_term_string}\"},\"query-input\":{\"@type\":\"PropertyValueSpecification\",\"valueRequired\":true,\"valueName\":\"search_term_string\"}}],\"inLanguage\":\"ca-ES\"},{\"@type\":\"Organization\",\"@id\":\"https:\/\/xnet-x.net\/ca\/#organization\",\"name\":\"Xnet - Internet, drets i democr\u00e0cia en l'era digital\",\"url\":\"https:\/\/xnet-x.net\/ca\/\",\"logo\":{\"@type\":\"ImageObject\",\"inLanguage\":\"ca-ES\",\"@id\":\"https:\/\/xnet-x.net\/ca\/#\/schema\/logo\/image\/\",\"url\":\"https:\/\/xnet-x.net\/img\/xnet-logo.png\",\"contentUrl\":\"https:\/\/xnet-x.net\/img\/xnet-logo.png\",\"width\":512,\"height\":512,\"caption\":\"Xnet - Internet, drets i democr\u00e0cia en l'era digital\"},\"image\":{\"@id\":\"https:\/\/xnet-x.net\/ca\/#\/schema\/logo\/image\/\"},\"sameAs\":[\"http:\/\/facebook.com\/RedX.Net\/\",\"https:\/\/x.com\/x_net_\",\"https:\/\/es.wikipedia.org\/wiki\/Xnet\"]}]}<\/script>\n<!-- \/ Yoast SEO plugin. -->","yoast_head_json":{"title":"Informaci\u00f3n Pr\u00e1ctica -","robots":{"index":"index","follow":"follow","max-snippet":"max-snippet:-1","max-image-preview":"max-image-preview:large","max-video-preview":"max-video-preview:-1"},"canonical":"https:\/\/xnet-x.net\/ca\/proyectos\/informacion-practica\/","twitter_misc":{"Est. reading time":"3 minutes"},"schema":{"@context":"https:\/\/schema.org","@graph":[{"@type":"WebPage","@id":"https:\/\/xnet-x.net\/ca\/proyectos\/informacion-practica\/","url":"https:\/\/xnet-x.net\/ca\/proyectos\/informacion-practica\/","name":"Informaci\u00f3n Pr\u00e1ctica -","isPartOf":{"@id":"https:\/\/xnet-x.net\/ca\/#website"},"datePublished":"2008-09-03T16:35:13+00:00","dateModified":"2011-03-24T16:37:03+00:00","breadcrumb":{"@id":"https:\/\/xnet-x.net\/ca\/proyectos\/informacion-practica\/#breadcrumb"},"inLanguage":"ca-ES","potentialAction":[{"@type":"ReadAction","target":[["https:\/\/xnet-x.net\/ca\/proyectos\/informacion-practica\/"]]}]},{"@type":"BreadcrumbList","@id":"https:\/\/xnet-x.net\/ca\/proyectos\/informacion-practica\/#breadcrumb","itemListElement":[{"@type":"ListItem","position":1,"name":"Portada","item":"https:\/\/xnet-x.net\/ca\/"},{"@type":"ListItem","position":2,"name":"(Es) Proyectos","item":"https:\/\/xnet-x.net\/ca\/proyectos\/"},{"@type":"ListItem","position":3,"name":"Informaci\u00f3n Pr\u00e1ctica"}]},{"@type":"WebSite","@id":"https:\/\/xnet-x.net\/ca\/#website","url":"https:\/\/xnet-x.net\/ca\/","name":"[:es]Xnet - Internet, derechos y democracia en la era digital[:ca]Xnet - Internet, drets i democr\u00e0cia en l'era digital[:en]Xnet - Internet freedoms & digital rights[:]","description":"Xnet: Internet, informaci\u00f3 i cultura lliures. Tecnopol\u00edtica. Dades, algoritmes i drets digitals. Llibertat d&#039;expressi\u00f3. Democr\u00e0cia i anticorrupci\u00f3","publisher":{"@id":"https:\/\/xnet-x.net\/ca\/#organization"},"potentialAction":[{"@type":"SearchAction","target":{"@type":"EntryPoint","urlTemplate":"https:\/\/xnet-x.net\/ca\/?s={search_term_string}"},"query-input":{"@type":"PropertyValueSpecification","valueRequired":true,"valueName":"search_term_string"}}],"inLanguage":"ca-ES"},{"@type":"Organization","@id":"https:\/\/xnet-x.net\/ca\/#organization","name":"Xnet - Internet, drets i democr\u00e0cia en l'era digital","url":"https:\/\/xnet-x.net\/ca\/","logo":{"@type":"ImageObject","inLanguage":"ca-ES","@id":"https:\/\/xnet-x.net\/ca\/#\/schema\/logo\/image\/","url":"https:\/\/xnet-x.net\/img\/xnet-logo.png","contentUrl":"https:\/\/xnet-x.net\/img\/xnet-logo.png","width":512,"height":512,"caption":"Xnet - Internet, drets i democr\u00e0cia en l'era digital"},"image":{"@id":"https:\/\/xnet-x.net\/ca\/#\/schema\/logo\/image\/"},"sameAs":["http:\/\/facebook.com\/RedX.Net\/","https:\/\/x.com\/x_net_","https:\/\/es.wikipedia.org\/wiki\/Xnet"]}]}},"_links":{"self":[{"href":"https:\/\/xnet-x.net\/ca\/wp-json\/wp\/v2\/pages\/159","targetHints":{"allow":["GET"]}}],"collection":[{"href":"https:\/\/xnet-x.net\/ca\/wp-json\/wp\/v2\/pages"}],"about":[{"href":"https:\/\/xnet-x.net\/ca\/wp-json\/wp\/v2\/types\/page"}],"author":[{"embeddable":true,"href":"https:\/\/xnet-x.net\/ca\/wp-json\/wp\/v2\/users\/5"}],"replies":[{"embeddable":true,"href":"https:\/\/xnet-x.net\/ca\/wp-json\/wp\/v2\/comments?post=159"}],"version-history":[{"count":1,"href":"https:\/\/xnet-x.net\/ca\/wp-json\/wp\/v2\/pages\/159\/revisions"}],"predecessor-version":[{"id":3621,"href":"https:\/\/xnet-x.net\/ca\/wp-json\/wp\/v2\/pages\/159\/revisions\/3621"}],"up":[{"embeddable":true,"href":"https:\/\/xnet-x.net\/ca\/wp-json\/wp\/v2\/pages\/2992"}],"wp:attachment":[{"href":"https:\/\/xnet-x.net\/ca\/wp-json\/wp\/v2\/media?parent=159"}],"curies":[{"name":"wp","href":"https:\/\/api.w.org\/{rel}","templated":true}]}}