{"id":156,"date":"2008-09-03T18:22:36","date_gmt":"2008-09-03T16:22:36","guid":{"rendered":"http:\/\/la-ex.net\/?page_id=156"},"modified":"2011-03-24T17:30:55","modified_gmt":"2011-03-24T16:30:55","slug":"maquinaturing","status":"publish","type":"page","link":"https:\/\/xnet-x.net\/ca\/los-oxcars\/programa\/maquinaturing\/","title":{"rendered":"La M\u00e0quina de Turing (Live Session)"},"content":{"rendered":"<p>[Per falta de temps i recursos, la traducci\u00f3 al catal\u00e0 d&#8217;aquesta web no est\u00e0 acabada. Si trobes interessants alguns dels nostres documents i tens temps de traduir-los, ens ho pot enviar (si us plau, reproduint la maquetaci\u00f3). Moltes gr\u00e0cies!]<\/p>\n<p><img loading=\"lazy\" decoding=\"async\" class=\"alignleft\" style=\"border: 1px solid black; margin: 6px; float: left;\" src=\"http:\/\/farm4.static.flickr.com\/3273\/2824926561_ee7c068550_m.jpg\" alt=\"\" width=\"240\" height=\"240\" \/>El directo audiovisual de <strong>La M\u00e0quina de Turing<\/strong> es la recreaci\u00f3n del mundo particular de un grupo de musicos, cantantes y videocreadores.<\/p>\n<p>La musica electr\u00f3nica en directo sirve de hilo conductor para un peque\u00f1o universo personal construido a base de metaforas visuales, atmosferas sonoras y emotividad en las voces. Con un trasfondo cr\u00edtico y comprometido sirviendose de simbolismo y poesia , la curiosidad y la voluntad de experimentaci\u00f3n convierten el live de La Maquina de Turing en un laboratorio de improvisaci\u00f3n e investigacion audiovisual.<\/p>\n<p>Precisas sincron\u00edas\/sinton\u00edas AV, juegos narrativos y escenograf\u00eda experimental conducidas por beats rotos ,densos subgraves y oscuras texturas se entrelazan y confunden en sonoridades cercanas al breakbeat, los ritmos dubstep y el mas furioso drum&#8217;n&#8217;bass, combinados en un set eclectico y de personalidad.<\/p>\n<p><a rel=\"nofollow\" href=\"http:\/\/www.maquinadeturing.tk\/\" target=\"_blank\">www.maquinadeturing.tk<\/a><br \/>\n<a rel=\"nofollow\" href=\"http:\/\/www.telenoika.net\/\" target=\"_blank\">www.telenoika.net<\/a><\/p>","protected":false},"excerpt":{"rendered":"<p>[Per falta de temps i recursos, la traducci\u00f3 al catal\u00e0 d&#8217;aquesta web no est\u00e0 acabada. Si trobes interessants alguns dels nostres documents i tens temps de traduir-los, ens ho pot enviar (si us plau, reproduint la maquetaci\u00f3). Moltes gr\u00e0cies!] El directo audiovisual de La M\u00e0quina de Turing es la recreaci\u00f3n del mundo particular de un [&hellip;]<\/p>\n","protected":false},"author":5,"featured_media":0,"parent":136,"menu_order":0,"comment_status":"open","ping_status":"closed","template":"","meta":{"footnotes":""},"class_list":["post-156","page","type-page","status-publish","hentry"],"yoast_head":"<!-- This site is optimized with the Yoast SEO plugin v26.7 - https:\/\/yoast.com\/wordpress\/plugins\/seo\/ -->\n<title>La M\u00e0quina de Turing (Live Session) -<\/title>\n<meta name=\"robots\" content=\"index, follow, max-snippet:-1, max-image-preview:large, max-video-preview:-1\" \/>\n<link rel=\"canonical\" href=\"https:\/\/xnet-x.net\/ca\/los-oxcars\/programa\/maquinaturing\/\" \/>\n<meta name=\"twitter:label1\" content=\"Est. reading time\" \/>\n\t<meta name=\"twitter:data1\" content=\"2 minutes\" \/>\n<script type=\"application\/ld+json\" class=\"yoast-schema-graph\">{\"@context\":\"https:\/\/schema.org\",\"@graph\":[{\"@type\":\"WebPage\",\"@id\":\"https:\/\/xnet-x.net\/ca\/los-oxcars\/programa\/maquinaturing\/\",\"url\":\"https:\/\/xnet-x.net\/ca\/los-oxcars\/programa\/maquinaturing\/\",\"name\":\"La M\u00e0quina de Turing (Live Session) -\",\"isPartOf\":{\"@id\":\"https:\/\/xnet-x.net\/ca\/#website\"},\"primaryImageOfPage\":{\"@id\":\"https:\/\/xnet-x.net\/ca\/los-oxcars\/programa\/maquinaturing\/#primaryimage\"},\"image\":{\"@id\":\"https:\/\/xnet-x.net\/es\/los-oxcars\/programa\/maquinaturing\/#primaryimage\"},\"thumbnailUrl\":\"http:\/\/farm4.static.flickr.com\/3273\/2824926561_ee7c068550_m.jpg\",\"datePublished\":\"2008-09-03T16:22:36+00:00\",\"dateModified\":\"2011-03-24T16:30:55+00:00\",\"breadcrumb\":{\"@id\":\"https:\/\/xnet-x.net\/ca\/los-oxcars\/programa\/maquinaturing\/#breadcrumb\"},\"inLanguage\":\"ca-ES\",\"potentialAction\":[{\"@type\":\"ReadAction\",\"target\":[[\"https:\/\/xnet-x.net\/ca\/los-oxcars\/programa\/maquinaturing\/\"]]}]},{\"@type\":\"ImageObject\",\"inLanguage\":\"ca-ES\",\"@id\":\"https:\/\/xnet-x.net\/ca\/los-oxcars\/programa\/maquinaturing\/#primaryimage\",\"url\":\"http:\/\/farm4.static.flickr.com\/3273\/2824926561_ee7c068550_m.jpg\",\"contentUrl\":\"http:\/\/farm4.static.flickr.com\/3273\/2824926561_ee7c068550_m.jpg\"},{\"@type\":\"BreadcrumbList\",\"@id\":\"https:\/\/xnet-x.net\/ca\/los-oxcars\/programa\/maquinaturing\/#breadcrumb\",\"itemListElement\":[{\"@type\":\"ListItem\",\"position\":1,\"name\":\"Portada\",\"item\":\"https:\/\/xnet-x.net\/ca\/\"},{\"@type\":\"ListItem\",\"position\":2,\"name\":\"Los OXcars\",\"item\":\"https:\/\/xnet-x.net\/ca\/los-oxcars\/\"},{\"@type\":\"ListItem\",\"position\":3,\"name\":\"Programa\",\"item\":\"https:\/\/xnet-x.net\/ca\/los-oxcars\/programa\/\"},{\"@type\":\"ListItem\",\"position\":4,\"name\":\"La M\u00e0quina de Turing (Live Session)\"}]},{\"@type\":\"WebSite\",\"@id\":\"https:\/\/xnet-x.net\/ca\/#website\",\"url\":\"https:\/\/xnet-x.net\/ca\/\",\"name\":\"[:es]Xnet - Internet, derechos y democracia en la era digital[:ca]Xnet - Internet, drets i democr\u00e0cia en l'era digital[:en]Xnet - Internet freedoms & digital rights[:]\",\"description\":\"Xnet: Internet, informaci\u00f3 i cultura lliures. Tecnopol\u00edtica. Dades, algoritmes i drets digitals. Llibertat d&#039;expressi\u00f3. Democr\u00e0cia i anticorrupci\u00f3\",\"publisher\":{\"@id\":\"https:\/\/xnet-x.net\/ca\/#organization\"},\"potentialAction\":[{\"@type\":\"SearchAction\",\"target\":{\"@type\":\"EntryPoint\",\"urlTemplate\":\"https:\/\/xnet-x.net\/ca\/?s={search_term_string}\"},\"query-input\":{\"@type\":\"PropertyValueSpecification\",\"valueRequired\":true,\"valueName\":\"search_term_string\"}}],\"inLanguage\":\"ca-ES\"},{\"@type\":\"Organization\",\"@id\":\"https:\/\/xnet-x.net\/ca\/#organization\",\"name\":\"Xnet - Internet, drets i democr\u00e0cia en l'era digital\",\"url\":\"https:\/\/xnet-x.net\/ca\/\",\"logo\":{\"@type\":\"ImageObject\",\"inLanguage\":\"ca-ES\",\"@id\":\"https:\/\/xnet-x.net\/ca\/#\/schema\/logo\/image\/\",\"url\":\"https:\/\/xnet-x.net\/img\/xnet-logo.png\",\"contentUrl\":\"https:\/\/xnet-x.net\/img\/xnet-logo.png\",\"width\":512,\"height\":512,\"caption\":\"Xnet - Internet, drets i democr\u00e0cia en l'era digital\"},\"image\":{\"@id\":\"https:\/\/xnet-x.net\/ca\/#\/schema\/logo\/image\/\"},\"sameAs\":[\"http:\/\/facebook.com\/RedX.Net\/\",\"https:\/\/x.com\/x_net_\",\"https:\/\/es.wikipedia.org\/wiki\/Xnet\"]}]}<\/script>\n<!-- \/ Yoast SEO plugin. -->","yoast_head_json":{"title":"La M\u00e0quina de Turing (Live Session) -","robots":{"index":"index","follow":"follow","max-snippet":"max-snippet:-1","max-image-preview":"max-image-preview:large","max-video-preview":"max-video-preview:-1"},"canonical":"https:\/\/xnet-x.net\/ca\/los-oxcars\/programa\/maquinaturing\/","twitter_misc":{"Est. reading time":"2 minutes"},"schema":{"@context":"https:\/\/schema.org","@graph":[{"@type":"WebPage","@id":"https:\/\/xnet-x.net\/ca\/los-oxcars\/programa\/maquinaturing\/","url":"https:\/\/xnet-x.net\/ca\/los-oxcars\/programa\/maquinaturing\/","name":"La M\u00e0quina de Turing (Live Session) -","isPartOf":{"@id":"https:\/\/xnet-x.net\/ca\/#website"},"primaryImageOfPage":{"@id":"https:\/\/xnet-x.net\/ca\/los-oxcars\/programa\/maquinaturing\/#primaryimage"},"image":{"@id":"https:\/\/xnet-x.net\/es\/los-oxcars\/programa\/maquinaturing\/#primaryimage"},"thumbnailUrl":"http:\/\/farm4.static.flickr.com\/3273\/2824926561_ee7c068550_m.jpg","datePublished":"2008-09-03T16:22:36+00:00","dateModified":"2011-03-24T16:30:55+00:00","breadcrumb":{"@id":"https:\/\/xnet-x.net\/ca\/los-oxcars\/programa\/maquinaturing\/#breadcrumb"},"inLanguage":"ca-ES","potentialAction":[{"@type":"ReadAction","target":[["https:\/\/xnet-x.net\/ca\/los-oxcars\/programa\/maquinaturing\/"]]}]},{"@type":"ImageObject","inLanguage":"ca-ES","@id":"https:\/\/xnet-x.net\/ca\/los-oxcars\/programa\/maquinaturing\/#primaryimage","url":"http:\/\/farm4.static.flickr.com\/3273\/2824926561_ee7c068550_m.jpg","contentUrl":"http:\/\/farm4.static.flickr.com\/3273\/2824926561_ee7c068550_m.jpg"},{"@type":"BreadcrumbList","@id":"https:\/\/xnet-x.net\/ca\/los-oxcars\/programa\/maquinaturing\/#breadcrumb","itemListElement":[{"@type":"ListItem","position":1,"name":"Portada","item":"https:\/\/xnet-x.net\/ca\/"},{"@type":"ListItem","position":2,"name":"Los OXcars","item":"https:\/\/xnet-x.net\/ca\/los-oxcars\/"},{"@type":"ListItem","position":3,"name":"Programa","item":"https:\/\/xnet-x.net\/ca\/los-oxcars\/programa\/"},{"@type":"ListItem","position":4,"name":"La M\u00e0quina de Turing (Live Session)"}]},{"@type":"WebSite","@id":"https:\/\/xnet-x.net\/ca\/#website","url":"https:\/\/xnet-x.net\/ca\/","name":"[:es]Xnet - Internet, derechos y democracia en la era digital[:ca]Xnet - Internet, drets i democr\u00e0cia en l'era digital[:en]Xnet - Internet freedoms & digital rights[:]","description":"Xnet: Internet, informaci\u00f3 i cultura lliures. Tecnopol\u00edtica. Dades, algoritmes i drets digitals. Llibertat d&#039;expressi\u00f3. Democr\u00e0cia i anticorrupci\u00f3","publisher":{"@id":"https:\/\/xnet-x.net\/ca\/#organization"},"potentialAction":[{"@type":"SearchAction","target":{"@type":"EntryPoint","urlTemplate":"https:\/\/xnet-x.net\/ca\/?s={search_term_string}"},"query-input":{"@type":"PropertyValueSpecification","valueRequired":true,"valueName":"search_term_string"}}],"inLanguage":"ca-ES"},{"@type":"Organization","@id":"https:\/\/xnet-x.net\/ca\/#organization","name":"Xnet - Internet, drets i democr\u00e0cia en l'era digital","url":"https:\/\/xnet-x.net\/ca\/","logo":{"@type":"ImageObject","inLanguage":"ca-ES","@id":"https:\/\/xnet-x.net\/ca\/#\/schema\/logo\/image\/","url":"https:\/\/xnet-x.net\/img\/xnet-logo.png","contentUrl":"https:\/\/xnet-x.net\/img\/xnet-logo.png","width":512,"height":512,"caption":"Xnet - Internet, drets i democr\u00e0cia en l'era digital"},"image":{"@id":"https:\/\/xnet-x.net\/ca\/#\/schema\/logo\/image\/"},"sameAs":["http:\/\/facebook.com\/RedX.Net\/","https:\/\/x.com\/x_net_","https:\/\/es.wikipedia.org\/wiki\/Xnet"]}]}},"_links":{"self":[{"href":"https:\/\/xnet-x.net\/ca\/wp-json\/wp\/v2\/pages\/156","targetHints":{"allow":["GET"]}}],"collection":[{"href":"https:\/\/xnet-x.net\/ca\/wp-json\/wp\/v2\/pages"}],"about":[{"href":"https:\/\/xnet-x.net\/ca\/wp-json\/wp\/v2\/types\/page"}],"author":[{"embeddable":true,"href":"https:\/\/xnet-x.net\/ca\/wp-json\/wp\/v2\/users\/5"}],"replies":[{"embeddable":true,"href":"https:\/\/xnet-x.net\/ca\/wp-json\/wp\/v2\/comments?post=156"}],"version-history":[{"count":1,"href":"https:\/\/xnet-x.net\/ca\/wp-json\/wp\/v2\/pages\/156\/revisions"}],"predecessor-version":[{"id":3608,"href":"https:\/\/xnet-x.net\/ca\/wp-json\/wp\/v2\/pages\/156\/revisions\/3608"}],"up":[{"embeddable":true,"href":"https:\/\/xnet-x.net\/ca\/wp-json\/wp\/v2\/pages\/136"}],"wp:attachment":[{"href":"https:\/\/xnet-x.net\/ca\/wp-json\/wp\/v2\/media?parent=156"}],"curies":[{"name":"wp","href":"https:\/\/api.w.org\/{rel}","templated":true}]}}