{"id":150,"date":"2008-09-03T18:04:01","date_gmt":"2008-09-03T16:04:01","guid":{"rendered":"http:\/\/la-ex.net\/?page_id=150"},"modified":"2011-03-24T17:26:19","modified_gmt":"2011-03-24T16:26:19","slug":"toner","status":"publish","type":"page","link":"https:\/\/xnet-x.net\/ca\/los-oxcars\/programa\/toner\/","title":{"rendered":"Alan Toner: A day in life\u2026 (video-literatura)"},"content":{"rendered":"<p>[Per falta de temps i recursos, la traducci\u00f3 al catal\u00e0 d&#8217;aquesta web no est\u00e0 acabada. Si trobes interessants alguns dels nostres documents i tens temps de traduir-los, ens ho pot enviar (si us plau, reproduint la maquetaci\u00f3). Moltes gr\u00e0cies!]<\/p>\n<p>Alan Toner es un investigador de la propiedad intelectual y de las comunicaciones. Reparte su vida entre Nueva York, Buenos Aires, Roma, Berl\u00edn y Dubl\u00edn. Desde 1973 mezcla tem\u00e1ticas sobre el derecho, el alcohol,  la pol\u00edtica y los medios en varios idiomas. Ha colaborado con el Information Law Institute y el Engelberg Center on Law and Innovation de la Universidad de Nueva York y ha escrito para Mute o  Diagonal. Actualmente est\u00e1 involucrado en la oposici\u00f3n a la nueva Directiva de Aplicaci\u00f3n de los Derechos de Propiedad Intelectual y sigue de cerca toda la pol\u00e9mica que generan temas como el p2p y la pirater\u00eda. Alan Toner presentar\u00e1 \u201cA day in life&#8230;&#8221;: Se ha armado mucho foll\u00f3n por la indiferencia de los usuarios de Internet hacia la santidad de la ley de copyright. &#8220;A day in life&#8230;&#8221; se centra en el cambio antropol\u00f3gico, en c\u00f3mo descubrimos la cultura y c\u00f3mo la utilizamos para relacionarnos con los dem\u00e1s. Los individuos forman comunidades que se aproximan m\u00e1s a sus intereses que la oferta comercial. Sus opciones cambian, la econom\u00eda de su d\u00eda a d\u00eda, tambi\u00e9n y surgen nuevas problem\u00e1ticas. El texto, que sigue a un individuo de una de estas comunidades durante 24 horas, explora estos procesos y sus espacios sociales, haciendo una foto de las subculturas del siglo XXI con un saludo ocasional al pasado.<br \/>\n<a href=\"http:\/\/knowfuture.wordpress.com\/\" target=\"_blank\">http:\/\/knowfuture.wordpress.com\/<\/a><\/p>","protected":false},"excerpt":{"rendered":"<p>[Per falta de temps i recursos, la traducci\u00f3 al catal\u00e0 d&#8217;aquesta web no est\u00e0 acabada. Si trobes interessants alguns dels nostres documents i tens temps de traduir-los, ens ho pot enviar (si us plau, reproduint la maquetaci\u00f3). Moltes gr\u00e0cies!] Alan Toner es un investigador de la propiedad intelectual y de las comunicaciones. Reparte su vida [&hellip;]<\/p>\n","protected":false},"author":5,"featured_media":0,"parent":136,"menu_order":0,"comment_status":"open","ping_status":"closed","template":"","meta":{"footnotes":""},"class_list":["post-150","page","type-page","status-publish","hentry"],"yoast_head":"<!-- This site is optimized with the Yoast SEO plugin v26.7 - https:\/\/yoast.com\/wordpress\/plugins\/seo\/ -->\n<title>Alan Toner: A day in life\u2026 (video-literatura)  -<\/title>\n<meta name=\"robots\" content=\"index, follow, max-snippet:-1, max-image-preview:large, max-video-preview:-1\" \/>\n<link rel=\"canonical\" href=\"https:\/\/xnet-x.net\/ca\/los-oxcars\/programa\/toner\/\" \/>\n<meta name=\"twitter:label1\" content=\"Est. reading time\" \/>\n\t<meta name=\"twitter:data1\" content=\"3 minutes\" \/>\n<script type=\"application\/ld+json\" class=\"yoast-schema-graph\">{\"@context\":\"https:\/\/schema.org\",\"@graph\":[{\"@type\":\"WebPage\",\"@id\":\"https:\/\/xnet-x.net\/ca\/los-oxcars\/programa\/toner\/\",\"url\":\"https:\/\/xnet-x.net\/ca\/los-oxcars\/programa\/toner\/\",\"name\":\"Alan Toner: A day in life\u2026 (video-literatura) -\",\"isPartOf\":{\"@id\":\"https:\/\/xnet-x.net\/ca\/#website\"},\"datePublished\":\"2008-09-03T16:04:01+00:00\",\"dateModified\":\"2011-03-24T16:26:19+00:00\",\"breadcrumb\":{\"@id\":\"https:\/\/xnet-x.net\/ca\/los-oxcars\/programa\/toner\/#breadcrumb\"},\"inLanguage\":\"ca-ES\",\"potentialAction\":[{\"@type\":\"ReadAction\",\"target\":[[\"https:\/\/xnet-x.net\/ca\/los-oxcars\/programa\/toner\/\"]]}]},{\"@type\":\"BreadcrumbList\",\"@id\":\"https:\/\/xnet-x.net\/ca\/los-oxcars\/programa\/toner\/#breadcrumb\",\"itemListElement\":[{\"@type\":\"ListItem\",\"position\":1,\"name\":\"Portada\",\"item\":\"https:\/\/xnet-x.net\/ca\/\"},{\"@type\":\"ListItem\",\"position\":2,\"name\":\"Los OXcars\",\"item\":\"https:\/\/xnet-x.net\/ca\/los-oxcars\/\"},{\"@type\":\"ListItem\",\"position\":3,\"name\":\"Programa\",\"item\":\"https:\/\/xnet-x.net\/ca\/los-oxcars\/programa\/\"},{\"@type\":\"ListItem\",\"position\":4,\"name\":\"Alan Toner: A day in life\u2026 (video-literatura)\"}]},{\"@type\":\"WebSite\",\"@id\":\"https:\/\/xnet-x.net\/ca\/#website\",\"url\":\"https:\/\/xnet-x.net\/ca\/\",\"name\":\"[:es]Xnet - Internet, derechos y democracia en la era digital[:ca]Xnet - Internet, drets i democr\u00e0cia en l'era digital[:en]Xnet - Internet freedoms & digital rights[:]\",\"description\":\"Xnet: Internet, informaci\u00f3 i cultura lliures. Tecnopol\u00edtica. Dades, algoritmes i drets digitals. Llibertat d&#039;expressi\u00f3. Democr\u00e0cia i anticorrupci\u00f3\",\"publisher\":{\"@id\":\"https:\/\/xnet-x.net\/ca\/#organization\"},\"potentialAction\":[{\"@type\":\"SearchAction\",\"target\":{\"@type\":\"EntryPoint\",\"urlTemplate\":\"https:\/\/xnet-x.net\/ca\/?s={search_term_string}\"},\"query-input\":{\"@type\":\"PropertyValueSpecification\",\"valueRequired\":true,\"valueName\":\"search_term_string\"}}],\"inLanguage\":\"ca-ES\"},{\"@type\":\"Organization\",\"@id\":\"https:\/\/xnet-x.net\/ca\/#organization\",\"name\":\"Xnet - Internet, drets i democr\u00e0cia en l'era digital\",\"url\":\"https:\/\/xnet-x.net\/ca\/\",\"logo\":{\"@type\":\"ImageObject\",\"inLanguage\":\"ca-ES\",\"@id\":\"https:\/\/xnet-x.net\/ca\/#\/schema\/logo\/image\/\",\"url\":\"https:\/\/xnet-x.net\/img\/xnet-logo.png\",\"contentUrl\":\"https:\/\/xnet-x.net\/img\/xnet-logo.png\",\"width\":512,\"height\":512,\"caption\":\"Xnet - Internet, drets i democr\u00e0cia en l'era digital\"},\"image\":{\"@id\":\"https:\/\/xnet-x.net\/ca\/#\/schema\/logo\/image\/\"},\"sameAs\":[\"http:\/\/facebook.com\/RedX.Net\/\",\"https:\/\/x.com\/x_net_\",\"https:\/\/es.wikipedia.org\/wiki\/Xnet\"]}]}<\/script>\n<!-- \/ Yoast SEO plugin. -->","yoast_head_json":{"title":"Alan Toner: A day in life\u2026 (video-literatura)  -","robots":{"index":"index","follow":"follow","max-snippet":"max-snippet:-1","max-image-preview":"max-image-preview:large","max-video-preview":"max-video-preview:-1"},"canonical":"https:\/\/xnet-x.net\/ca\/los-oxcars\/programa\/toner\/","twitter_misc":{"Est. reading time":"3 minutes"},"schema":{"@context":"https:\/\/schema.org","@graph":[{"@type":"WebPage","@id":"https:\/\/xnet-x.net\/ca\/los-oxcars\/programa\/toner\/","url":"https:\/\/xnet-x.net\/ca\/los-oxcars\/programa\/toner\/","name":"Alan Toner: A day in life\u2026 (video-literatura) -","isPartOf":{"@id":"https:\/\/xnet-x.net\/ca\/#website"},"datePublished":"2008-09-03T16:04:01+00:00","dateModified":"2011-03-24T16:26:19+00:00","breadcrumb":{"@id":"https:\/\/xnet-x.net\/ca\/los-oxcars\/programa\/toner\/#breadcrumb"},"inLanguage":"ca-ES","potentialAction":[{"@type":"ReadAction","target":[["https:\/\/xnet-x.net\/ca\/los-oxcars\/programa\/toner\/"]]}]},{"@type":"BreadcrumbList","@id":"https:\/\/xnet-x.net\/ca\/los-oxcars\/programa\/toner\/#breadcrumb","itemListElement":[{"@type":"ListItem","position":1,"name":"Portada","item":"https:\/\/xnet-x.net\/ca\/"},{"@type":"ListItem","position":2,"name":"Los OXcars","item":"https:\/\/xnet-x.net\/ca\/los-oxcars\/"},{"@type":"ListItem","position":3,"name":"Programa","item":"https:\/\/xnet-x.net\/ca\/los-oxcars\/programa\/"},{"@type":"ListItem","position":4,"name":"Alan Toner: A day in life\u2026 (video-literatura)"}]},{"@type":"WebSite","@id":"https:\/\/xnet-x.net\/ca\/#website","url":"https:\/\/xnet-x.net\/ca\/","name":"[:es]Xnet - Internet, derechos y democracia en la era digital[:ca]Xnet - Internet, drets i democr\u00e0cia en l'era digital[:en]Xnet - Internet freedoms & digital rights[:]","description":"Xnet: Internet, informaci\u00f3 i cultura lliures. Tecnopol\u00edtica. Dades, algoritmes i drets digitals. Llibertat d&#039;expressi\u00f3. Democr\u00e0cia i anticorrupci\u00f3","publisher":{"@id":"https:\/\/xnet-x.net\/ca\/#organization"},"potentialAction":[{"@type":"SearchAction","target":{"@type":"EntryPoint","urlTemplate":"https:\/\/xnet-x.net\/ca\/?s={search_term_string}"},"query-input":{"@type":"PropertyValueSpecification","valueRequired":true,"valueName":"search_term_string"}}],"inLanguage":"ca-ES"},{"@type":"Organization","@id":"https:\/\/xnet-x.net\/ca\/#organization","name":"Xnet - Internet, drets i democr\u00e0cia en l'era digital","url":"https:\/\/xnet-x.net\/ca\/","logo":{"@type":"ImageObject","inLanguage":"ca-ES","@id":"https:\/\/xnet-x.net\/ca\/#\/schema\/logo\/image\/","url":"https:\/\/xnet-x.net\/img\/xnet-logo.png","contentUrl":"https:\/\/xnet-x.net\/img\/xnet-logo.png","width":512,"height":512,"caption":"Xnet - Internet, drets i democr\u00e0cia en l'era digital"},"image":{"@id":"https:\/\/xnet-x.net\/ca\/#\/schema\/logo\/image\/"},"sameAs":["http:\/\/facebook.com\/RedX.Net\/","https:\/\/x.com\/x_net_","https:\/\/es.wikipedia.org\/wiki\/Xnet"]}]}},"_links":{"self":[{"href":"https:\/\/xnet-x.net\/ca\/wp-json\/wp\/v2\/pages\/150","targetHints":{"allow":["GET"]}}],"collection":[{"href":"https:\/\/xnet-x.net\/ca\/wp-json\/wp\/v2\/pages"}],"about":[{"href":"https:\/\/xnet-x.net\/ca\/wp-json\/wp\/v2\/types\/page"}],"author":[{"embeddable":true,"href":"https:\/\/xnet-x.net\/ca\/wp-json\/wp\/v2\/users\/5"}],"replies":[{"embeddable":true,"href":"https:\/\/xnet-x.net\/ca\/wp-json\/wp\/v2\/comments?post=150"}],"version-history":[{"count":1,"href":"https:\/\/xnet-x.net\/ca\/wp-json\/wp\/v2\/pages\/150\/revisions"}],"predecessor-version":[{"id":3594,"href":"https:\/\/xnet-x.net\/ca\/wp-json\/wp\/v2\/pages\/150\/revisions\/3594"}],"up":[{"embeddable":true,"href":"https:\/\/xnet-x.net\/ca\/wp-json\/wp\/v2\/pages\/136"}],"wp:attachment":[{"href":"https:\/\/xnet-x.net\/ca\/wp-json\/wp\/v2\/media?parent=150"}],"curies":[{"name":"wp","href":"https:\/\/api.w.org\/{rel}","templated":true}]}}