{"id":143,"date":"2008-09-03T17:48:38","date_gmt":"2008-09-03T15:48:38","guid":{"rendered":"http:\/\/la-ex.net\/?page_id=143"},"modified":"2011-03-24T16:59:07","modified_gmt":"2011-03-24T15:59:07","slug":"piratebay","status":"publish","type":"page","link":"https:\/\/xnet-x.net\/ca\/los-oxcars\/programa\/piratebay\/","title":{"rendered":"Pirate Bay: Amenazas legales (perfo-lectura)"},"content":{"rendered":"<p>[Per falta de temps i recursos, la traducci\u00f3 al catal\u00e0 d&#8217;aquesta web no est\u00e0 acabada. Si trobes interessants alguns dels nostres documents i tens temps de traduir-los, ens ho pot enviar (si us plau, reproduint la maquetaci\u00f3). Moltes gr\u00e0cies!]<\/p>\n<p><img loading=\"lazy\" decoding=\"async\" class=\"alignleft\" style=\"margin: 2px 6px; float: left;\" src=\"http:\/\/farm4.static.flickr.com\/3095\/2825742036_1873ba97dd_m.jpg\" alt=\"\" width=\"210\" height=\"240\" \/><\/p>\n<p>The Pirate Bay es el tracker de bittorrent m\u00e1s grande del mundo (m\u00e1s de 2 millones de usuarios). Bittorrent es un protocolo para compartir archivos, que\u00a0 permite transferencias de archivos grandes de una manera confiable y r\u00e1pida. Este es un tracker abierto, donde cualquiera puede bajar archivos torrent. Para poder subir archivos torrent, escribir comentarios y mensajes personales debes registrarte en el sitio. Esto es, por supuesto, gratis.<\/p>\n<p>The Pirate Bay solo remueve torrents si el nombre no coincide con el contenido. Uno debe saber lo que est\u00e1 bajando. El 31 de mayo de 2006, aproximadamente 50 miembros de la Polic\u00eda Nacional Criminal Sueca hicieron una redada en un centro de datos que hospedaba los servidores de &#8220;The Pirate Bay&#8221;. All\u00ed, confiscaron todos sus servidores alegando que almacenaban contenidos ilegales. Tres personas de 22, 24 y 28 a\u00f1os fueron arrestadas en la redada. No est\u00e1 claro el porqu\u00e9 de esta redada. Sin embargo la televisi\u00f3n sueca ha comentado que podr\u00eda haberse debido a presiones del gobierno estadounidense. En todo caso, uno de los efectos de esta operaci\u00f3n fue aumentar la afiliaci\u00f3n del Partido Pirata, que se posicion\u00f3 firmemente contra la misma. El 2 de junio la web volvi\u00f3 a ser accesible.<br \/>\nSolo los archivos torrent son guardados en el servidor. Esto significa que no guardan material con copyright y\/o sea ilegal. Por lo tanto no es posible responsabilizar a las personas detr\u00e1s de The P\u00efrate Bay por el material que est\u00e1 siendo distribuido usando el tracker. Cualquier queja acerca de copyright y\/o por organizaciones lobbistas va a ser ridiculizado y publicado en el sitio.<br \/>\nAlgunas de estas amenazas ser\u00e1n presentadas p\u00fablicamente en los oXcars.<br \/>\n<a onclick=\"javascript:pageTracker._trackPageview('\/outbound\/article\/http:\/\/thepiratebay.org\/');\" href=\"http:\/\/thepiratebay.org\/\" target=\"_blank\">http:\/\/thepiratebay.org\/<\/a><\/p>","protected":false},"excerpt":{"rendered":"<p>[Per falta de temps i recursos, la traducci\u00f3 al catal\u00e0 d&#8217;aquesta web no est\u00e0 acabada. Si trobes interessants alguns dels nostres documents i tens temps de traduir-los, ens ho pot enviar (si us plau, reproduint la maquetaci\u00f3). Moltes gr\u00e0cies!] The Pirate Bay es el tracker de bittorrent m\u00e1s grande del mundo (m\u00e1s de 2 millones [&hellip;]<\/p>\n","protected":false},"author":5,"featured_media":0,"parent":136,"menu_order":0,"comment_status":"open","ping_status":"closed","template":"","meta":{"footnotes":""},"class_list":["post-143","page","type-page","status-publish","hentry"],"yoast_head":"<!-- This site is optimized with the Yoast SEO plugin v26.7 - https:\/\/yoast.com\/wordpress\/plugins\/seo\/ -->\n<title>Pirate Bay: Amenazas legales (perfo-lectura)  -<\/title>\n<meta name=\"robots\" content=\"index, follow, max-snippet:-1, max-image-preview:large, max-video-preview:-1\" \/>\n<link rel=\"canonical\" href=\"https:\/\/xnet-x.net\/ca\/los-oxcars\/programa\/piratebay\/\" \/>\n<meta name=\"twitter:label1\" content=\"Est. reading time\" \/>\n\t<meta name=\"twitter:data1\" content=\"3 minutes\" \/>\n<script type=\"application\/ld+json\" class=\"yoast-schema-graph\">{\"@context\":\"https:\/\/schema.org\",\"@graph\":[{\"@type\":\"WebPage\",\"@id\":\"https:\/\/xnet-x.net\/ca\/los-oxcars\/programa\/piratebay\/\",\"url\":\"https:\/\/xnet-x.net\/ca\/los-oxcars\/programa\/piratebay\/\",\"name\":\"Pirate Bay: Amenazas legales (perfo-lectura) -\",\"isPartOf\":{\"@id\":\"https:\/\/xnet-x.net\/ca\/#website\"},\"primaryImageOfPage\":{\"@id\":\"https:\/\/xnet-x.net\/ca\/los-oxcars\/programa\/piratebay\/#primaryimage\"},\"image\":{\"@id\":\"https:\/\/xnet-x.net\/es\/los-oxcars\/programa\/piratebay\/#primaryimage\"},\"thumbnailUrl\":\"http:\/\/farm4.static.flickr.com\/3095\/2825742036_1873ba97dd_m.jpg\",\"datePublished\":\"2008-09-03T15:48:38+00:00\",\"dateModified\":\"2011-03-24T15:59:07+00:00\",\"breadcrumb\":{\"@id\":\"https:\/\/xnet-x.net\/ca\/los-oxcars\/programa\/piratebay\/#breadcrumb\"},\"inLanguage\":\"ca-ES\",\"potentialAction\":[{\"@type\":\"ReadAction\",\"target\":[[\"https:\/\/xnet-x.net\/ca\/los-oxcars\/programa\/piratebay\/\"]]}]},{\"@type\":\"ImageObject\",\"inLanguage\":\"ca-ES\",\"@id\":\"https:\/\/xnet-x.net\/ca\/los-oxcars\/programa\/piratebay\/#primaryimage\",\"url\":\"http:\/\/farm4.static.flickr.com\/3095\/2825742036_1873ba97dd_m.jpg\",\"contentUrl\":\"http:\/\/farm4.static.flickr.com\/3095\/2825742036_1873ba97dd_m.jpg\"},{\"@type\":\"BreadcrumbList\",\"@id\":\"https:\/\/xnet-x.net\/ca\/los-oxcars\/programa\/piratebay\/#breadcrumb\",\"itemListElement\":[{\"@type\":\"ListItem\",\"position\":1,\"name\":\"Portada\",\"item\":\"https:\/\/xnet-x.net\/ca\/\"},{\"@type\":\"ListItem\",\"position\":2,\"name\":\"Los OXcars\",\"item\":\"https:\/\/xnet-x.net\/ca\/los-oxcars\/\"},{\"@type\":\"ListItem\",\"position\":3,\"name\":\"Programa\",\"item\":\"https:\/\/xnet-x.net\/ca\/los-oxcars\/programa\/\"},{\"@type\":\"ListItem\",\"position\":4,\"name\":\"Pirate Bay: Amenazas legales (perfo-lectura)\"}]},{\"@type\":\"WebSite\",\"@id\":\"https:\/\/xnet-x.net\/ca\/#website\",\"url\":\"https:\/\/xnet-x.net\/ca\/\",\"name\":\"[:es]Xnet - Internet, derechos y democracia en la era digital[:ca]Xnet - Internet, drets i democr\u00e0cia en l'era digital[:en]Xnet - Internet freedoms & digital rights[:]\",\"description\":\"Xnet: Internet, informaci\u00f3 i cultura lliures. Tecnopol\u00edtica. Dades, algoritmes i drets digitals. Llibertat d&#039;expressi\u00f3. Democr\u00e0cia i anticorrupci\u00f3\",\"publisher\":{\"@id\":\"https:\/\/xnet-x.net\/ca\/#organization\"},\"potentialAction\":[{\"@type\":\"SearchAction\",\"target\":{\"@type\":\"EntryPoint\",\"urlTemplate\":\"https:\/\/xnet-x.net\/ca\/?s={search_term_string}\"},\"query-input\":{\"@type\":\"PropertyValueSpecification\",\"valueRequired\":true,\"valueName\":\"search_term_string\"}}],\"inLanguage\":\"ca-ES\"},{\"@type\":\"Organization\",\"@id\":\"https:\/\/xnet-x.net\/ca\/#organization\",\"name\":\"Xnet - Internet, drets i democr\u00e0cia en l'era digital\",\"url\":\"https:\/\/xnet-x.net\/ca\/\",\"logo\":{\"@type\":\"ImageObject\",\"inLanguage\":\"ca-ES\",\"@id\":\"https:\/\/xnet-x.net\/ca\/#\/schema\/logo\/image\/\",\"url\":\"https:\/\/xnet-x.net\/img\/xnet-logo.png\",\"contentUrl\":\"https:\/\/xnet-x.net\/img\/xnet-logo.png\",\"width\":512,\"height\":512,\"caption\":\"Xnet - Internet, drets i democr\u00e0cia en l'era digital\"},\"image\":{\"@id\":\"https:\/\/xnet-x.net\/ca\/#\/schema\/logo\/image\/\"},\"sameAs\":[\"http:\/\/facebook.com\/RedX.Net\/\",\"https:\/\/x.com\/x_net_\",\"https:\/\/es.wikipedia.org\/wiki\/Xnet\"]}]}<\/script>\n<!-- \/ Yoast SEO plugin. -->","yoast_head_json":{"title":"Pirate Bay: Amenazas legales (perfo-lectura)  -","robots":{"index":"index","follow":"follow","max-snippet":"max-snippet:-1","max-image-preview":"max-image-preview:large","max-video-preview":"max-video-preview:-1"},"canonical":"https:\/\/xnet-x.net\/ca\/los-oxcars\/programa\/piratebay\/","twitter_misc":{"Est. reading time":"3 minutes"},"schema":{"@context":"https:\/\/schema.org","@graph":[{"@type":"WebPage","@id":"https:\/\/xnet-x.net\/ca\/los-oxcars\/programa\/piratebay\/","url":"https:\/\/xnet-x.net\/ca\/los-oxcars\/programa\/piratebay\/","name":"Pirate Bay: Amenazas legales (perfo-lectura) -","isPartOf":{"@id":"https:\/\/xnet-x.net\/ca\/#website"},"primaryImageOfPage":{"@id":"https:\/\/xnet-x.net\/ca\/los-oxcars\/programa\/piratebay\/#primaryimage"},"image":{"@id":"https:\/\/xnet-x.net\/es\/los-oxcars\/programa\/piratebay\/#primaryimage"},"thumbnailUrl":"http:\/\/farm4.static.flickr.com\/3095\/2825742036_1873ba97dd_m.jpg","datePublished":"2008-09-03T15:48:38+00:00","dateModified":"2011-03-24T15:59:07+00:00","breadcrumb":{"@id":"https:\/\/xnet-x.net\/ca\/los-oxcars\/programa\/piratebay\/#breadcrumb"},"inLanguage":"ca-ES","potentialAction":[{"@type":"ReadAction","target":[["https:\/\/xnet-x.net\/ca\/los-oxcars\/programa\/piratebay\/"]]}]},{"@type":"ImageObject","inLanguage":"ca-ES","@id":"https:\/\/xnet-x.net\/ca\/los-oxcars\/programa\/piratebay\/#primaryimage","url":"http:\/\/farm4.static.flickr.com\/3095\/2825742036_1873ba97dd_m.jpg","contentUrl":"http:\/\/farm4.static.flickr.com\/3095\/2825742036_1873ba97dd_m.jpg"},{"@type":"BreadcrumbList","@id":"https:\/\/xnet-x.net\/ca\/los-oxcars\/programa\/piratebay\/#breadcrumb","itemListElement":[{"@type":"ListItem","position":1,"name":"Portada","item":"https:\/\/xnet-x.net\/ca\/"},{"@type":"ListItem","position":2,"name":"Los OXcars","item":"https:\/\/xnet-x.net\/ca\/los-oxcars\/"},{"@type":"ListItem","position":3,"name":"Programa","item":"https:\/\/xnet-x.net\/ca\/los-oxcars\/programa\/"},{"@type":"ListItem","position":4,"name":"Pirate Bay: Amenazas legales (perfo-lectura)"}]},{"@type":"WebSite","@id":"https:\/\/xnet-x.net\/ca\/#website","url":"https:\/\/xnet-x.net\/ca\/","name":"[:es]Xnet - Internet, derechos y democracia en la era digital[:ca]Xnet - Internet, drets i democr\u00e0cia en l'era digital[:en]Xnet - Internet freedoms & digital rights[:]","description":"Xnet: Internet, informaci\u00f3 i cultura lliures. Tecnopol\u00edtica. Dades, algoritmes i drets digitals. Llibertat d&#039;expressi\u00f3. Democr\u00e0cia i anticorrupci\u00f3","publisher":{"@id":"https:\/\/xnet-x.net\/ca\/#organization"},"potentialAction":[{"@type":"SearchAction","target":{"@type":"EntryPoint","urlTemplate":"https:\/\/xnet-x.net\/ca\/?s={search_term_string}"},"query-input":{"@type":"PropertyValueSpecification","valueRequired":true,"valueName":"search_term_string"}}],"inLanguage":"ca-ES"},{"@type":"Organization","@id":"https:\/\/xnet-x.net\/ca\/#organization","name":"Xnet - Internet, drets i democr\u00e0cia en l'era digital","url":"https:\/\/xnet-x.net\/ca\/","logo":{"@type":"ImageObject","inLanguage":"ca-ES","@id":"https:\/\/xnet-x.net\/ca\/#\/schema\/logo\/image\/","url":"https:\/\/xnet-x.net\/img\/xnet-logo.png","contentUrl":"https:\/\/xnet-x.net\/img\/xnet-logo.png","width":512,"height":512,"caption":"Xnet - Internet, drets i democr\u00e0cia en l'era digital"},"image":{"@id":"https:\/\/xnet-x.net\/ca\/#\/schema\/logo\/image\/"},"sameAs":["http:\/\/facebook.com\/RedX.Net\/","https:\/\/x.com\/x_net_","https:\/\/es.wikipedia.org\/wiki\/Xnet"]}]}},"_links":{"self":[{"href":"https:\/\/xnet-x.net\/ca\/wp-json\/wp\/v2\/pages\/143","targetHints":{"allow":["GET"]}}],"collection":[{"href":"https:\/\/xnet-x.net\/ca\/wp-json\/wp\/v2\/pages"}],"about":[{"href":"https:\/\/xnet-x.net\/ca\/wp-json\/wp\/v2\/types\/page"}],"author":[{"embeddable":true,"href":"https:\/\/xnet-x.net\/ca\/wp-json\/wp\/v2\/users\/5"}],"replies":[{"embeddable":true,"href":"https:\/\/xnet-x.net\/ca\/wp-json\/wp\/v2\/comments?post=143"}],"version-history":[{"count":1,"href":"https:\/\/xnet-x.net\/ca\/wp-json\/wp\/v2\/pages\/143\/revisions"}],"predecessor-version":[{"id":3575,"href":"https:\/\/xnet-x.net\/ca\/wp-json\/wp\/v2\/pages\/143\/revisions\/3575"}],"up":[{"embeddable":true,"href":"https:\/\/xnet-x.net\/ca\/wp-json\/wp\/v2\/pages\/136"}],"wp:attachment":[{"href":"https:\/\/xnet-x.net\/ca\/wp-json\/wp\/v2\/media?parent=143"}],"curies":[{"name":"wp","href":"https:\/\/api.w.org\/{rel}","templated":true}]}}