{"id":136,"date":"2008-08-26T11:30:17","date_gmt":"2008-08-26T09:30:17","guid":{"rendered":"http:\/\/la-ex.net\/?page_id=136"},"modified":"2017-09-03T21:08:16","modified_gmt":"2017-09-03T20:08:16","slug":"programa","status":"publish","type":"page","link":"https:\/\/xnet-x.net\/ca\/los-oxcars\/programa\/","title":{"rendered":"Programa"},"content":{"rendered":"<p>[Per falta de temps i recursos, la traducci\u00f3 al catal\u00e0 d&#8217;aquesta web no est\u00e0 acabada. Si trobes interessants alguns dels nostres documents i tens temps de traduir-los, ens ho pot enviar (si us plau, reproduint la maquetaci\u00f3). Moltes gr\u00e0cies!]<\/p>\n<p>En esta p\u00e1gina puedes consultarlo clikando en cada uno de los participantes o baj\u00e1rtelo en castellano <a href=\"http:\/\/conservas.tk\/archivos\/oXcars\/oXcars_dossierfotos.pdf\">aqu\u00ed<\/a> y en catal\u00e1 <a href=\"http:\/\/conservas.tk\/archivos\/oXcars\/dossieroxcarscatala.pdf\">aqu\u00ed<\/a>.<\/p>\n<p><a href=\"\/los-oxcars\/programa\/mattblack\" target=\"_blank\">MattBlack (ColdCut)<\/a> + Tantric Billy (UK): LiveLoom (show AV) <strong>\/<\/strong> <a href=\"\/los-oxcars\/programa\/blenderfoundation\" target=\"_blank\">Blender Foundation <\/a>(Paises Bajos): Big Buck Bunny (Animaci\u00f3n 3D) \/ <a href=\"\/los-oxcars\/programa\/127es\" target=\"_blank\">127.es <\/a>(Enrique Sierra): Aerenev (actuaci\u00f3n multimedia) <strong>\/<\/strong> <a href=\"\/los-oxcars\/programa\/wuming\" target=\"_blank\">Wu Ming Foundation <\/a>(Italia): The new  thing (lectura musical) <strong>\/<\/strong> <a href=\"\/los-oxcars\/programa\/piratebay\" target=\"_blank\">Pirate Bay <\/a>(Suecia): Amenazas legales (perfo-lectura) \/ <a href=\"\/los-oxcars\/programa\/griffi\" target=\"_blank\">Griffi<\/a> &#8211; S\u00f3lo Los Solo (actuaci\u00f3n hip-hop) \/ <a href=\"\/los-oxcars\/guillermozapata\" target=\"_blank\">Guillermo Zapata<\/a>: Y todo va bien (cine) \/ <a href=\"\/los-oxcars\/programa\/pablosoto\" target=\"_blank\">Pablo Soto<\/a> (desarrollador) \/ <a href=\"\/los-oxcars\/programa\/bigtorrent\" target=\"_blank\">Brent Simon<\/a> (USA), nerd songs: World Wild West \/ <a href=\"\/los-oxcars\/programa\/leobassi\" target=\"_blank\">Leo Bassi<\/a> (acci\u00f3n) \/ <a href=\"\/los-oxcars\/programa\/freecinema\" target=\"_blank\">FreeCinema<\/a> (USA), cine \/ <a href=\"\/los-oxcars\/programa\/toner\" target=\"_blank\">Alan Toner <\/a>(UK): A day in life\u2026 (video-literatura) \/ <a href=\"\/los-oxcars\/programa\/molleindustria\" target=\"_blank\">Molle Industria <\/a>(Italia): Free Culture Game (juego) \/ <a href=\"\/los-oxcars\/programa\/platoniq\" target=\"_blank\">Platoniq<\/a> (red) S.O.S &amp; Burn Station<a href=\"\/los-oxcars\/programa\/platoniq\"> \/<\/a> <a href=\"\/los-oxcars\/programa\/realidadesavanzadas\" target=\"_blank\">Realidades Avanzadas<\/a> by Conservas (performance) \/ K-Sero + Off:\/\/TV [ <a href=\"\/los-oxcars\/programa\/telenoikanet\" target=\"_blank\">Telenoika.NET<\/a>]: The 23 Copyleft Session (sessi\u00f3n AV) \/ <a href=\"\/los-oxcars\/programa\/filastine\" target=\"_blank\">Filastine<\/a> (Live Session)(USA) \/ <a href=\"\/los-oxcars\/programa\/maquinaturing\" target=\"_blank\">La M\u00e0quina de Turing<\/a> (Live set)<\/p>\n<p><strong>Xponsors<\/strong>: <a href=\"\/los-oxcars\/programa\/giss\" target=\"_blank\">GISS<\/a> (Global Independent Streaming Support)  \/ <a href=\"\/los-oxcars\/programa\/mirotv\" target=\"_blank\">Mir\u00f3 Tv<\/a> (tv online \u2013 Democracy Now) (USA) \/ <a href=\"\/los-oxcars\/programa\/telekommunisten\" target=\"_blank\">Telekommunisten<\/a> (Berl\u00edn)\/ <a href=\"\/los-oxcars\/programa\/jamendoorxata\" target=\"_blank\">Jamendo <\/a>(Luxemburgo) &amp; <a href=\"\/los-oxcars\/programa\/jamendoorxata\" target=\"_blank\">Orxata Sound System<\/a> \/ <a href=\"\/los-oxcars\/programa\/ladinamo\" target=\"_blank\">Ladinamo<\/a> (Argentina), revista \/ <a href=\"\/los-oxcars\/programa\/vodkamiel\" target=\"_blank\">VodkaMiel<\/a> (Argentina), Open source drink \/ <a href=\"\/los-oxcars\/programa\/traficantesuenos\" target=\"_blank\">Traficantes de sue\u00f1os<\/a> \/ <a href=\"\/los-oxcars\/programa\/nerdfiles\" target=\"_blank\">Nerdfiles<\/a> \/ <a href=\"\/mobuzz\" target=\"_blank\">Mobuzz TV<\/a> \/ <a href=\"\/publico\" target=\"_blank\">P\u00fablico<\/a> \/<a href=\"\/mobuzz\" target=\"_blank\"><br \/>\n<\/a><\/p>\n<p><strong>Presentaci\u00f3n del libro: <a href=\"\/los-oxcars\/programa\/pirataslospadres\" target=\"_blank\">LOS PIRATAS SON LOS PADRES<br \/>\n<\/a><\/strong><\/p>\n<p><img decoding=\"async\" src=\"http:\/\/farm4.static.flickr.com\/3178\/2824925955_954eda87af_o.jpg\" alt=\"\" \/><br \/>\n<a href=\"\/los-oxcars\/programa\/miercoles\" target=\"_blank\"><strong>mi\u00e9rcoles 29<\/strong><\/a><br \/>\n17h: <strong>reuni\u00f3n ciudadana<\/strong><br \/>\n19,30h: <strong>literatura: WuMing 1<\/strong> presenta el libro &#8220;The new thing&#8221;<\/p>\n<p><a href=\"\/los-oxcars\/programa\/jueves\" target=\"_blank\"><strong>jueves 30<\/strong><\/a><br \/>\n19h: <strong>documental: Steal this film II<\/strong><br \/>\n20h: <strong>Charla-taller con los autores<\/strong> de herramientas para el cine: del consumidor al producto<\/p>\n<p><a href=\"\/los-oxcars\/programa\/viernes\" target=\"_blank\"><strong>viernes 31<\/strong><\/a><br \/>\n18h: <strong>paneles de debate<\/strong> (barcelona marca copyleft) + mesa (derechos de autor como derecho a la renta garantizada)<br \/>\n22h a 1,30h: <strong>Fiesta de m\u00fasica libre<\/strong>: Centre d&#8217;art produeix musica pop en Centre Social MAgdalenes<\/p>\n<p><strong>s\u00e1bado 1<\/strong><br \/>\n10h \u2013 15h: <a href=\"\/los-oxcars\/programa\/sabadopaneles\" target=\"_blank\"><strong>paneles de debate<\/strong><\/a> (barcelona marca copyleft) + mesa (instituciones del com\u00fan versus clase creativa) + mesa (del capitalismo cognitivo al commonfare)<br \/>\n17h &#8211; 22h: 5<strong> <a href=\"\/sabadotaller\" target=\"_blank\">talleres pr\u00e1cticos<\/a>:<\/strong> todo lo que quieras aprender para ser due\u00f1o de tu vida<br \/>\n24h: <a href=\"\/sabadofiesta\" target=\"_blank\"><strong>fiesta de cierre<\/strong><\/a><span style=\"font-family: Helvetica,Arial,sans-serif;\"><\/span><\/p>\n<p>El programa de las actividades paralelas tambi\u00e9n puedes descargarlos <a href=\"http:\/\/conservas.tk\/archivos\/oXcars\/programasemana.pdf\">aqu\u00ed<\/a><\/p>","protected":false},"excerpt":{"rendered":"<p>[Per falta de temps i recursos, la traducci\u00f3 al catal\u00e0 d&#8217;aquesta web no est\u00e0 acabada. Si trobes interessants alguns dels nostres documents i tens temps de traduir-los, ens ho pot enviar (si us plau, reproduint la maquetaci\u00f3). Moltes gr\u00e0cies!] En esta p\u00e1gina puedes consultarlo clikando en cada uno de los participantes o baj\u00e1rtelo en castellano [&hellip;]<\/p>\n","protected":false},"author":5,"featured_media":12410,"parent":12769,"menu_order":0,"comment_status":"open","ping_status":"closed","template":"","meta":{"footnotes":""},"class_list":["post-136","page","type-page","status-publish","has-post-thumbnail","hentry"],"yoast_head":"<!-- This site is optimized with the Yoast SEO plugin v26.7 - https:\/\/yoast.com\/wordpress\/plugins\/seo\/ -->\n<title>Programa -<\/title>\n<meta name=\"robots\" content=\"index, follow, max-snippet:-1, max-image-preview:large, max-video-preview:-1\" \/>\n<link rel=\"canonical\" href=\"https:\/\/xnet-x.net\/ca\/los-oxcars\/programa\/\" \/>\n<meta name=\"twitter:label1\" content=\"Est. reading time\" \/>\n\t<meta name=\"twitter:data1\" content=\"5 minutes\" \/>\n<script type=\"application\/ld+json\" class=\"yoast-schema-graph\">{\"@context\":\"https:\/\/schema.org\",\"@graph\":[{\"@type\":\"WebPage\",\"@id\":\"https:\/\/xnet-x.net\/ca\/los-oxcars\/programa\/\",\"url\":\"https:\/\/xnet-x.net\/ca\/los-oxcars\/programa\/\",\"name\":\"Programa -\",\"isPartOf\":{\"@id\":\"https:\/\/xnet-x.net\/ca\/#website\"},\"primaryImageOfPage\":{\"@id\":\"https:\/\/xnet-x.net\/ca\/los-oxcars\/programa\/#primaryimage\"},\"image\":{\"@id\":\"https:\/\/xnet-x.net\/es\/los-oxcars\/programa\/#primaryimage\"},\"thumbnailUrl\":\"https:\/\/xnet-x.net\/img\/la-semana-de-los-oxcars-2008.png\",\"datePublished\":\"2008-08-26T09:30:17+00:00\",\"dateModified\":\"2017-09-03T20:08:16+00:00\",\"breadcrumb\":{\"@id\":\"https:\/\/xnet-x.net\/ca\/los-oxcars\/programa\/#breadcrumb\"},\"inLanguage\":\"ca-ES\",\"potentialAction\":[{\"@type\":\"ReadAction\",\"target\":[[\"https:\/\/xnet-x.net\/ca\/los-oxcars\/programa\/\"]]}]},{\"@type\":\"ImageObject\",\"inLanguage\":\"ca-ES\",\"@id\":\"https:\/\/xnet-x.net\/ca\/los-oxcars\/programa\/#primaryimage\",\"url\":\"https:\/\/xnet-x.net\/img\/la-semana-de-los-oxcars-2008.png\",\"contentUrl\":\"https:\/\/xnet-x.net\/img\/la-semana-de-los-oxcars-2008.png\",\"width\":498,\"height\":400,\"caption\":\"la-semana-de-los-oxcars-2008\"},{\"@type\":\"BreadcrumbList\",\"@id\":\"https:\/\/xnet-x.net\/ca\/los-oxcars\/programa\/#breadcrumb\",\"itemListElement\":[{\"@type\":\"ListItem\",\"position\":1,\"name\":\"Portada\",\"item\":\"https:\/\/xnet-x.net\/ca\/\"},{\"@type\":\"ListItem\",\"position\":2,\"name\":\"Los OXcars\",\"item\":\"https:\/\/xnet-x.net\/ca\/los-oxcars\/\"},{\"@type\":\"ListItem\",\"position\":3,\"name\":\"Programa\"}]},{\"@type\":\"WebSite\",\"@id\":\"https:\/\/xnet-x.net\/ca\/#website\",\"url\":\"https:\/\/xnet-x.net\/ca\/\",\"name\":\"[:es]Xnet - Internet, derechos y democracia en la era digital[:ca]Xnet - Internet, drets i democr\u00e0cia en l'era digital[:en]Xnet - Internet freedoms & digital rights[:]\",\"description\":\"Xnet: Internet, informaci\u00f3 i cultura lliures. Tecnopol\u00edtica. Dades, algoritmes i drets digitals. Llibertat d&#039;expressi\u00f3. Democr\u00e0cia i anticorrupci\u00f3\",\"publisher\":{\"@id\":\"https:\/\/xnet-x.net\/ca\/#organization\"},\"potentialAction\":[{\"@type\":\"SearchAction\",\"target\":{\"@type\":\"EntryPoint\",\"urlTemplate\":\"https:\/\/xnet-x.net\/ca\/?s={search_term_string}\"},\"query-input\":{\"@type\":\"PropertyValueSpecification\",\"valueRequired\":true,\"valueName\":\"search_term_string\"}}],\"inLanguage\":\"ca-ES\"},{\"@type\":\"Organization\",\"@id\":\"https:\/\/xnet-x.net\/ca\/#organization\",\"name\":\"Xnet - Internet, drets i democr\u00e0cia en l'era digital\",\"url\":\"https:\/\/xnet-x.net\/ca\/\",\"logo\":{\"@type\":\"ImageObject\",\"inLanguage\":\"ca-ES\",\"@id\":\"https:\/\/xnet-x.net\/ca\/#\/schema\/logo\/image\/\",\"url\":\"https:\/\/xnet-x.net\/img\/xnet-logo.png\",\"contentUrl\":\"https:\/\/xnet-x.net\/img\/xnet-logo.png\",\"width\":512,\"height\":512,\"caption\":\"Xnet - Internet, drets i democr\u00e0cia en l'era digital\"},\"image\":{\"@id\":\"https:\/\/xnet-x.net\/ca\/#\/schema\/logo\/image\/\"},\"sameAs\":[\"http:\/\/facebook.com\/RedX.Net\/\",\"https:\/\/x.com\/x_net_\",\"https:\/\/es.wikipedia.org\/wiki\/Xnet\"]}]}<\/script>\n<!-- \/ Yoast SEO plugin. -->","yoast_head_json":{"title":"Programa -","robots":{"index":"index","follow":"follow","max-snippet":"max-snippet:-1","max-image-preview":"max-image-preview:large","max-video-preview":"max-video-preview:-1"},"canonical":"https:\/\/xnet-x.net\/ca\/los-oxcars\/programa\/","twitter_misc":{"Est. reading time":"5 minutes"},"schema":{"@context":"https:\/\/schema.org","@graph":[{"@type":"WebPage","@id":"https:\/\/xnet-x.net\/ca\/los-oxcars\/programa\/","url":"https:\/\/xnet-x.net\/ca\/los-oxcars\/programa\/","name":"Programa -","isPartOf":{"@id":"https:\/\/xnet-x.net\/ca\/#website"},"primaryImageOfPage":{"@id":"https:\/\/xnet-x.net\/ca\/los-oxcars\/programa\/#primaryimage"},"image":{"@id":"https:\/\/xnet-x.net\/es\/los-oxcars\/programa\/#primaryimage"},"thumbnailUrl":"https:\/\/xnet-x.net\/img\/la-semana-de-los-oxcars-2008.png","datePublished":"2008-08-26T09:30:17+00:00","dateModified":"2017-09-03T20:08:16+00:00","breadcrumb":{"@id":"https:\/\/xnet-x.net\/ca\/los-oxcars\/programa\/#breadcrumb"},"inLanguage":"ca-ES","potentialAction":[{"@type":"ReadAction","target":[["https:\/\/xnet-x.net\/ca\/los-oxcars\/programa\/"]]}]},{"@type":"ImageObject","inLanguage":"ca-ES","@id":"https:\/\/xnet-x.net\/ca\/los-oxcars\/programa\/#primaryimage","url":"https:\/\/xnet-x.net\/img\/la-semana-de-los-oxcars-2008.png","contentUrl":"https:\/\/xnet-x.net\/img\/la-semana-de-los-oxcars-2008.png","width":498,"height":400,"caption":"la-semana-de-los-oxcars-2008"},{"@type":"BreadcrumbList","@id":"https:\/\/xnet-x.net\/ca\/los-oxcars\/programa\/#breadcrumb","itemListElement":[{"@type":"ListItem","position":1,"name":"Portada","item":"https:\/\/xnet-x.net\/ca\/"},{"@type":"ListItem","position":2,"name":"Los OXcars","item":"https:\/\/xnet-x.net\/ca\/los-oxcars\/"},{"@type":"ListItem","position":3,"name":"Programa"}]},{"@type":"WebSite","@id":"https:\/\/xnet-x.net\/ca\/#website","url":"https:\/\/xnet-x.net\/ca\/","name":"[:es]Xnet - Internet, derechos y democracia en la era digital[:ca]Xnet - Internet, drets i democr\u00e0cia en l'era digital[:en]Xnet - Internet freedoms & digital rights[:]","description":"Xnet: Internet, informaci\u00f3 i cultura lliures. Tecnopol\u00edtica. Dades, algoritmes i drets digitals. Llibertat d&#039;expressi\u00f3. Democr\u00e0cia i anticorrupci\u00f3","publisher":{"@id":"https:\/\/xnet-x.net\/ca\/#organization"},"potentialAction":[{"@type":"SearchAction","target":{"@type":"EntryPoint","urlTemplate":"https:\/\/xnet-x.net\/ca\/?s={search_term_string}"},"query-input":{"@type":"PropertyValueSpecification","valueRequired":true,"valueName":"search_term_string"}}],"inLanguage":"ca-ES"},{"@type":"Organization","@id":"https:\/\/xnet-x.net\/ca\/#organization","name":"Xnet - Internet, drets i democr\u00e0cia en l'era digital","url":"https:\/\/xnet-x.net\/ca\/","logo":{"@type":"ImageObject","inLanguage":"ca-ES","@id":"https:\/\/xnet-x.net\/ca\/#\/schema\/logo\/image\/","url":"https:\/\/xnet-x.net\/img\/xnet-logo.png","contentUrl":"https:\/\/xnet-x.net\/img\/xnet-logo.png","width":512,"height":512,"caption":"Xnet - Internet, drets i democr\u00e0cia en l'era digital"},"image":{"@id":"https:\/\/xnet-x.net\/ca\/#\/schema\/logo\/image\/"},"sameAs":["http:\/\/facebook.com\/RedX.Net\/","https:\/\/x.com\/x_net_","https:\/\/es.wikipedia.org\/wiki\/Xnet"]}]}},"_links":{"self":[{"href":"https:\/\/xnet-x.net\/ca\/wp-json\/wp\/v2\/pages\/136","targetHints":{"allow":["GET"]}}],"collection":[{"href":"https:\/\/xnet-x.net\/ca\/wp-json\/wp\/v2\/pages"}],"about":[{"href":"https:\/\/xnet-x.net\/ca\/wp-json\/wp\/v2\/types\/page"}],"author":[{"embeddable":true,"href":"https:\/\/xnet-x.net\/ca\/wp-json\/wp\/v2\/users\/5"}],"replies":[{"embeddable":true,"href":"https:\/\/xnet-x.net\/ca\/wp-json\/wp\/v2\/comments?post=136"}],"version-history":[{"count":5,"href":"https:\/\/xnet-x.net\/ca\/wp-json\/wp\/v2\/pages\/136\/revisions"}],"predecessor-version":[{"id":12409,"href":"https:\/\/xnet-x.net\/ca\/wp-json\/wp\/v2\/pages\/136\/revisions\/12409"}],"up":[{"embeddable":true,"href":"https:\/\/xnet-x.net\/ca\/wp-json\/wp\/v2\/pages\/12769"}],"wp:featuredmedia":[{"embeddable":true,"href":"https:\/\/xnet-x.net\/ca\/wp-json\/wp\/v2\/media\/12410"}],"wp:attachment":[{"href":"https:\/\/xnet-x.net\/ca\/wp-json\/wp\/v2\/media?parent=136"}],"curies":[{"name":"wp","href":"https:\/\/api.w.org\/{rel}","templated":true}]}}