{"id":113,"date":"2008-05-12T00:16:33","date_gmt":"2008-05-11T22:16:33","guid":{"rendered":"http:\/\/la-ex.net\/?page_id=113"},"modified":"2021-08-17T12:11:26","modified_gmt":"2021-08-17T10:11:26","slug":"certificado-actuaciones","status":"publish","type":"page","link":"https:\/\/xnet-x.net\/ca\/herramientas\/documentos\/certificado-de-actuacion-en-sala-local\/","title":{"rendered":"Certificado de actuaci\u00f3n en sala, local\u2026"},"content":{"rendered":"<p><em>[Atenci\u00f3. Tots aquests recursos, els de la secci\u00f3 <a href=\"https:\/\/xnet-x.net\/ca\/contacta-per\/portal-de-cultura-lliure\/\">Recursos de Cultura Lliure<\/a> estan desactualitzats des de 2010. Encara que molts encara poden servir, abans d&#8217;usar-los s&#8217;han de revisar segons la legislaci\u00f3 vigent.] <\/em><\/p>\n<p>[Per falta de temps i recursos, la traducci\u00f3 al catal\u00e0 d&#8217;aquesta web no est\u00e0 acabada. Si trobes interessants alguns dels nostres documents i tens temps de traduir-los, ens ho pot enviar (si us plau, reproduint la maquetaci\u00f3). Moltes gr\u00e0cies!]<br \/>\n&nbsp;<\/p>\n<p><a href=\"\/docs\/CERTIFICADO ACTUACIONES.pdf\">Descarga PDF<\/a><\/p>\n<p>Mediante la presente, D. \u2026\u2026\u2026\u2026\u2026\u2026\u2026\u2026\u2026\u2026\u2026\u2026\u2026\u2026, con DNI n\u00famero \u2026\u2026\u2026\u2026\u2026\u2026\u2026.<\/p>\n<p>Domiciliado en\u2026\u2026\u2026\u2026\u2026\u2026\u2026\u2026\u2026\u2026\u2026\u2026\u2026\u2026\u2026\u2026\u2026\u2026\u2026\u2026\u2026\u2026\u2026\u2026\u2026\u2026\u2026\u2026\u2026\u2026\u2026\u2026\u2026..<\/p>\n<p>Actuando en representaci\u00f3n propia o de\u2026\u2026\u2026\u2026\u2026\u2026\u2026\u2026\u2026\u2026\u2026\u2026\u2026\u2026\u2026\u2026\u2026\u2026\u2026\u2026\u2026\u2026\u2026<\/p>\n<p>CERTIFICA que:<\/p>\n<p>Referente a la actuaci\u00f3n del dia\u2026\u2026 \/\u2026\u2026.. \/\u2026\u2026 en el local\u2026\u2026\u2026\u2026\u2026\u2026\u2026\u2026\u2026\u2026\u2026\u2026\u2026\u2026&#8230;<\/p>\n<p>1.- No estamos representados por ninguna entidad de gesti\u00f3n. <\/p>\n<p>2.- La m\u00fasica que utilizamos en todo caso para nuestras obras, funciones y representaciones, es m\u00fasica (libre, popular, tradicional de propiedad p\u00fablica, &#8230;).<\/p>\n<p>3.- Que en las actuaciones por las que hemos sido contratados, hemos interpretado m\u00fasica:<\/p>\n<p>Propia<\/p>\n<p>Tradicional<\/p>\n<p>Copyleft<\/p>\n<p>Libre<\/p>\n<p>4.- Que no hemos utilizado en ning\u00fan caso, en la representaci\u00f3n por la que se nos ha contratado, obras protegidas pertenecientes al repertorio (cat\u00e1logo) de la Sociedad General de Autores y Editores ni de ninguna otra entidad de gesti\u00f3n.<\/p>\n<p>5.- Por consiguiente, no somos sujetos obligados a liquidaci\u00f3n alguna en concepto de derechos de autor a ninguna a la Sociedad General de Autores y Editores ni a ninguna otra entidad de gesti\u00f3n que lo pretenda.<\/p>\n<p>En\u2026\u2026\u2026\u2026\u2026\u2026\u2026\u2026\u2026\u2026\u2026\u2026\u2026\u2026.. a \u2026\u2026\u2026\u2026\u2026\u2026\u2026\u2026\u2026\u2026\u2026\u2026\u2026\u2026\u2026. de 2008.<\/p>\n<p>Firmado:<\/p>\n<p><\/p>","protected":false},"excerpt":{"rendered":"<p>[Atenci\u00f3. Tots aquests recursos, els de la secci\u00f3 Recursos de Cultura Lliure estan desactualitzats des de 2010. Encara que molts encara poden servir, abans d&#8217;usar-los s&#8217;han de revisar segons la legislaci\u00f3 vigent.] [Per falta de temps i recursos, la traducci\u00f3 al catal\u00e0 d&#8217;aquesta web no est\u00e0 acabada. Si trobes interessants alguns dels nostres documents i [&hellip;]<\/p>\n","protected":false},"author":5,"featured_media":0,"parent":43,"menu_order":0,"comment_status":"open","ping_status":"closed","template":"","meta":{"footnotes":""},"class_list":["post-113","page","type-page","status-publish","hentry"],"yoast_head":"<!-- This site is optimized with the Yoast SEO plugin v26.7 - https:\/\/yoast.com\/wordpress\/plugins\/seo\/ -->\n<title>Certificado de actuaci\u00f3n en sala, local\u2026 -<\/title>\n<meta name=\"robots\" content=\"index, follow, max-snippet:-1, max-image-preview:large, max-video-preview:-1\" \/>\n<link rel=\"canonical\" href=\"https:\/\/xnet-x.net\/ca\/herramientas\/documentos\/certificado-de-actuacion-en-sala-local\/\" \/>\n<meta name=\"twitter:label1\" content=\"Est. reading time\" \/>\n\t<meta name=\"twitter:data1\" content=\"2 minutes\" \/>\n<script type=\"application\/ld+json\" class=\"yoast-schema-graph\">{\"@context\":\"https:\/\/schema.org\",\"@graph\":[{\"@type\":\"WebPage\",\"@id\":\"https:\/\/xnet-x.net\/ca\/herramientas\/documentos\/certificado-de-actuacion-en-sala-local\/\",\"url\":\"https:\/\/xnet-x.net\/ca\/herramientas\/documentos\/certificado-de-actuacion-en-sala-local\/\",\"name\":\"Certificado de actuaci\u00f3n en sala, local\u2026 -\",\"isPartOf\":{\"@id\":\"https:\/\/xnet-x.net\/ca\/#website\"},\"datePublished\":\"2008-05-11T22:16:33+00:00\",\"dateModified\":\"2021-08-17T10:11:26+00:00\",\"breadcrumb\":{\"@id\":\"https:\/\/xnet-x.net\/ca\/herramientas\/documentos\/certificado-de-actuacion-en-sala-local\/#breadcrumb\"},\"inLanguage\":\"ca-ES\",\"potentialAction\":[{\"@type\":\"ReadAction\",\"target\":[[\"https:\/\/xnet-x.net\/ca\/herramientas\/documentos\/certificado-de-actuacion-en-sala-local\/\"]]}]},{\"@type\":\"BreadcrumbList\",\"@id\":\"https:\/\/xnet-x.net\/ca\/herramientas\/documentos\/certificado-de-actuacion-en-sala-local\/#breadcrumb\",\"itemListElement\":[{\"@type\":\"ListItem\",\"position\":1,\"name\":\"Portada\",\"item\":\"https:\/\/xnet-x.net\/ca\/\"},{\"@type\":\"ListItem\",\"position\":2,\"name\":\"(Es) Herramientas\",\"item\":\"https:\/\/xnet-x.net\/ca\/herramientas\/\"},{\"@type\":\"ListItem\",\"position\":3,\"name\":\"(Es) \u00cdndice documentos\",\"item\":\"https:\/\/xnet-x.net\/ca\/herramientas\/documentos\/\"},{\"@type\":\"ListItem\",\"position\":4,\"name\":\"Certificado de actuaci\u00f3n en sala, local\u2026\"}]},{\"@type\":\"WebSite\",\"@id\":\"https:\/\/xnet-x.net\/ca\/#website\",\"url\":\"https:\/\/xnet-x.net\/ca\/\",\"name\":\"[:es]Xnet - Internet, derechos y democracia en la era digital[:ca]Xnet - Internet, drets i democr\u00e0cia en l'era digital[:en]Xnet - Internet freedoms & digital rights[:]\",\"description\":\"Xnet: Internet, informaci\u00f3 i cultura lliures. Tecnopol\u00edtica. Dades, algoritmes i drets digitals. Llibertat d&#039;expressi\u00f3. Democr\u00e0cia i anticorrupci\u00f3\",\"publisher\":{\"@id\":\"https:\/\/xnet-x.net\/ca\/#organization\"},\"potentialAction\":[{\"@type\":\"SearchAction\",\"target\":{\"@type\":\"EntryPoint\",\"urlTemplate\":\"https:\/\/xnet-x.net\/ca\/?s={search_term_string}\"},\"query-input\":{\"@type\":\"PropertyValueSpecification\",\"valueRequired\":true,\"valueName\":\"search_term_string\"}}],\"inLanguage\":\"ca-ES\"},{\"@type\":\"Organization\",\"@id\":\"https:\/\/xnet-x.net\/ca\/#organization\",\"name\":\"Xnet - Internet, drets i democr\u00e0cia en l'era digital\",\"url\":\"https:\/\/xnet-x.net\/ca\/\",\"logo\":{\"@type\":\"ImageObject\",\"inLanguage\":\"ca-ES\",\"@id\":\"https:\/\/xnet-x.net\/ca\/#\/schema\/logo\/image\/\",\"url\":\"https:\/\/xnet-x.net\/img\/xnet-logo.png\",\"contentUrl\":\"https:\/\/xnet-x.net\/img\/xnet-logo.png\",\"width\":512,\"height\":512,\"caption\":\"Xnet - Internet, drets i democr\u00e0cia en l'era digital\"},\"image\":{\"@id\":\"https:\/\/xnet-x.net\/ca\/#\/schema\/logo\/image\/\"},\"sameAs\":[\"http:\/\/facebook.com\/RedX.Net\/\",\"https:\/\/x.com\/x_net_\",\"https:\/\/es.wikipedia.org\/wiki\/Xnet\"]}]}<\/script>\n<!-- \/ Yoast SEO plugin. -->","yoast_head_json":{"title":"Certificado de actuaci\u00f3n en sala, local\u2026 -","robots":{"index":"index","follow":"follow","max-snippet":"max-snippet:-1","max-image-preview":"max-image-preview:large","max-video-preview":"max-video-preview:-1"},"canonical":"https:\/\/xnet-x.net\/ca\/herramientas\/documentos\/certificado-de-actuacion-en-sala-local\/","twitter_misc":{"Est. reading time":"2 minutes"},"schema":{"@context":"https:\/\/schema.org","@graph":[{"@type":"WebPage","@id":"https:\/\/xnet-x.net\/ca\/herramientas\/documentos\/certificado-de-actuacion-en-sala-local\/","url":"https:\/\/xnet-x.net\/ca\/herramientas\/documentos\/certificado-de-actuacion-en-sala-local\/","name":"Certificado de actuaci\u00f3n en sala, local\u2026 -","isPartOf":{"@id":"https:\/\/xnet-x.net\/ca\/#website"},"datePublished":"2008-05-11T22:16:33+00:00","dateModified":"2021-08-17T10:11:26+00:00","breadcrumb":{"@id":"https:\/\/xnet-x.net\/ca\/herramientas\/documentos\/certificado-de-actuacion-en-sala-local\/#breadcrumb"},"inLanguage":"ca-ES","potentialAction":[{"@type":"ReadAction","target":[["https:\/\/xnet-x.net\/ca\/herramientas\/documentos\/certificado-de-actuacion-en-sala-local\/"]]}]},{"@type":"BreadcrumbList","@id":"https:\/\/xnet-x.net\/ca\/herramientas\/documentos\/certificado-de-actuacion-en-sala-local\/#breadcrumb","itemListElement":[{"@type":"ListItem","position":1,"name":"Portada","item":"https:\/\/xnet-x.net\/ca\/"},{"@type":"ListItem","position":2,"name":"(Es) Herramientas","item":"https:\/\/xnet-x.net\/ca\/herramientas\/"},{"@type":"ListItem","position":3,"name":"(Es) \u00cdndice documentos","item":"https:\/\/xnet-x.net\/ca\/herramientas\/documentos\/"},{"@type":"ListItem","position":4,"name":"Certificado de actuaci\u00f3n en sala, local\u2026"}]},{"@type":"WebSite","@id":"https:\/\/xnet-x.net\/ca\/#website","url":"https:\/\/xnet-x.net\/ca\/","name":"[:es]Xnet - Internet, derechos y democracia en la era digital[:ca]Xnet - Internet, drets i democr\u00e0cia en l'era digital[:en]Xnet - Internet freedoms & digital rights[:]","description":"Xnet: Internet, informaci\u00f3 i cultura lliures. Tecnopol\u00edtica. Dades, algoritmes i drets digitals. Llibertat d&#039;expressi\u00f3. Democr\u00e0cia i anticorrupci\u00f3","publisher":{"@id":"https:\/\/xnet-x.net\/ca\/#organization"},"potentialAction":[{"@type":"SearchAction","target":{"@type":"EntryPoint","urlTemplate":"https:\/\/xnet-x.net\/ca\/?s={search_term_string}"},"query-input":{"@type":"PropertyValueSpecification","valueRequired":true,"valueName":"search_term_string"}}],"inLanguage":"ca-ES"},{"@type":"Organization","@id":"https:\/\/xnet-x.net\/ca\/#organization","name":"Xnet - Internet, drets i democr\u00e0cia en l'era digital","url":"https:\/\/xnet-x.net\/ca\/","logo":{"@type":"ImageObject","inLanguage":"ca-ES","@id":"https:\/\/xnet-x.net\/ca\/#\/schema\/logo\/image\/","url":"https:\/\/xnet-x.net\/img\/xnet-logo.png","contentUrl":"https:\/\/xnet-x.net\/img\/xnet-logo.png","width":512,"height":512,"caption":"Xnet - Internet, drets i democr\u00e0cia en l'era digital"},"image":{"@id":"https:\/\/xnet-x.net\/ca\/#\/schema\/logo\/image\/"},"sameAs":["http:\/\/facebook.com\/RedX.Net\/","https:\/\/x.com\/x_net_","https:\/\/es.wikipedia.org\/wiki\/Xnet"]}]}},"_links":{"self":[{"href":"https:\/\/xnet-x.net\/ca\/wp-json\/wp\/v2\/pages\/113","targetHints":{"allow":["GET"]}}],"collection":[{"href":"https:\/\/xnet-x.net\/ca\/wp-json\/wp\/v2\/pages"}],"about":[{"href":"https:\/\/xnet-x.net\/ca\/wp-json\/wp\/v2\/types\/page"}],"author":[{"embeddable":true,"href":"https:\/\/xnet-x.net\/ca\/wp-json\/wp\/v2\/users\/5"}],"replies":[{"embeddable":true,"href":"https:\/\/xnet-x.net\/ca\/wp-json\/wp\/v2\/comments?post=113"}],"version-history":[{"count":4,"href":"https:\/\/xnet-x.net\/ca\/wp-json\/wp\/v2\/pages\/113\/revisions"}],"predecessor-version":[{"id":22795,"href":"https:\/\/xnet-x.net\/ca\/wp-json\/wp\/v2\/pages\/113\/revisions\/22795"}],"up":[{"embeddable":true,"href":"https:\/\/xnet-x.net\/ca\/wp-json\/wp\/v2\/pages\/43"}],"wp:attachment":[{"href":"https:\/\/xnet-x.net\/ca\/wp-json\/wp\/v2\/media?parent=113"}],"curies":[{"name":"wp","href":"https:\/\/api.w.org\/{rel}","templated":true}]}}