{"id":104,"date":"2008-05-11T22:07:52","date_gmt":"2008-05-11T20:07:52","guid":{"rendered":"http:\/\/la-ex.net\/?page_id=104"},"modified":"2021-08-17T12:08:42","modified_gmt":"2021-08-17T10:08:42","slug":"inspeccion-tienda-informacion","status":"publish","type":"page","link":"https:\/\/xnet-x.net\/ca\/herramientas\/documentos\/no-dejes-que-un-inspector-de-sgae-te-informe-mal-informale-tu\/","title":{"rendered":"No dejes que un inspector de SGAE te informe mal. \u00a1Inf\u00f3rmale t\u00fa!"},"content":{"rendered":"<p>[Per falta de temps i recursos, la traducci\u00f3 al catal\u00e0 d&#8217;aquesta web no est\u00e0 acabada. Si trobes interessants alguns dels nostres documents i tens temps de traduir-los, ens ho pot enviar (si us plau, reproduint la maquetaci\u00f3). Moltes gr\u00e0cies!]<\/p>\n<p><em>[Atenci\u00f3. Tots aquests recursos, els de la secci\u00f3 <a href=\"https:\/\/xnet-x.net\/ca\/contacta-per\/portal-de-cultura-lliure\/\">Recursos de Cultura Lliure<\/a> estan desactualitzats des de 2010. Encara que molts encara poden servir, abans d&#8217;usar-los s&#8217;han de revisar segons la legislaci\u00f3 vigent.] <\/em><br \/>\n&nbsp;<\/p>\n<p>SGAE quiere cobrar por el uso de unos productos X, que forman parte de un repertorio indeterminado. Pasan por nuestros negocios igual que pasan todos los d\u00edas los comerciales de telefon\u00eda m\u00f3vil, papeles de envoltorio, alarmas y extintores pero\u2026igual que ellos, \u00a1Que por lo menos nos ense\u00f1en la mercanc\u00eda!<br \/>\nLos inspectores contratados por SGAE, son trabajadores instruidos bajo el criterio interesado de las entidades de gesti\u00f3n de derechos.<br \/>\nSu sueldo puede aumentar generosamente gracias a las comisiones que pueden recibir a raz\u00f3n de lo que consigan recaudar en la zona asignada. Es comprensible su af\u00e1n por intentar hacernos ver el mundo bajo su prisma, pero inadmisible la intenci\u00f3n de que financiemos sus intereses.<br \/>\nAs\u00ed que, como el saber no ocupa lugar y el conocimiento es libre, os proporcionamos esta breve gu\u00eda informativa para que pod\u00e1is ejercer libremente vuestro propio criterio y voluntad. No os sint\u00e1is invadidos tras la visita de uno de estos inspectores que practican la insana costumbre de no identificarse, esgrimiendo como \u00fanico documento fotocopias del BOE.<\/p>\n<p><strong>\u00bfQu\u00e9 sucede si firmas un contrato con SGAE?<\/strong><br \/>\nAsumes a t\u00edtulo personal la obligaci\u00f3n de pagar mensualmente una cuota por los conceptos especificados en el contrato, hagas o no uso de ellos. Contrato cuya desvinculaci\u00f3n es altamente complicada, hasta el punto de que sirve para documentar reclamaciones en concepto de atrasos sobre negocios que ya no est\u00e1n en activo y la deuda ha seguido creciendo a nombre del firmante, que finalmente es demandado judicialmente por \u201cincumplimiento de contrato\u201d.<br \/>\nFirmar un contrato a SGAE no significa que liquides a todas las entidades que pueden exigirte una cuota. En cambio est\u00e1s reconociendo en ese contrato que haces uso de material protegido por ellas. Pagas a una pero le reconoces el derecho al resto. \u00bfA cu\u00e1ntas entidades estas dispuesto a pagar por lo mismo?<br \/>\n<strong><br \/>\n\u00bfQu\u00e9 sucede si, ni firmas ni pagas?<\/strong><br \/>\nEl inspector, una vez que ha analizado tu negocio, recopilando a \u201cojo de buen cubero\u201d o con tu inocente colaboraci\u00f3n datos tales como superficie en metros cuadrados y aparatos de reproducci\u00f3n de audio o video\u2026 Rellena un formulario o \u201cActa de Visita\u201d por el cual determina que en tu negocio se hace uso, SIN licencia, de material perteneciente a su repertorio. Al firmar ese formulario o \u201cActa\u201d, te das por enterado y aceptas el resultado de la inspecci\u00f3n, el cual te otorga un plazo para \u201cregularizar\u201d tu situaci\u00f3n.<br \/>\nEl inspector, que a estas alturas puede que ni siquiera se haya identificado, ni te haya mostrado acreditaci\u00f3n oficial alguna, te informar\u00e1 \u201camablemente\u201d del riesgo de denuncia que puedes sufrir en caso de no comenzar a pagar los recibos en el plazo estipulado. Si NO firmas:<br \/>\n<strong><br \/>\n<\/strong><\/p>\n<ul><\/ul>\n<ol>\n<li><strong><strong>Ser\u00e1s libre para decidir el repertorio de audio o video que quieras utilizar en tu negocio<\/strong><\/strong><\/li>\n<li><strong>Si decides hacer uso de material perteneciente al repertorio de SGAE, podr\u00e1s asesorarte de cu\u00e1l es la tarifa correcta y exacta que le corresponde a tu negocio. <\/strong><\/li>\n<li><strong>Podr\u00e1s exigir un contrato a tu medida y no el est\u00e1ndar  que alberga multitud de ambig\u00fcedades y omisiones que parecen inocentes y nimias y, pueden significar, en caso de pleito, obst\u00e1culos insalvables para tu defensa.<\/strong><\/li>\n<li><strong>Podr\u00e1s exigir el listado del repertorio en nombre del cual cobran, lo que te dar\u00e1 la oportunidad de decidir si quieres hacer uso de \u00e9l o no.<\/strong><\/li>\n<\/ol>\n<ul><\/ul>\n<p><strong><br \/>\n\u00bfCu\u00e1l es la informaci\u00f3n que SGAE y dem\u00e1s entidades omiten?<\/strong><br \/>\nSGAE no est\u00e1 autorizada para recaudar por todo el material audio visual disponible, suponemos que por ello, no adjuntan a sus inspecciones un listado de cual es el repertorio de genera obligaci\u00f3n a pago.<br \/>\nPor el contrario, S\u00cd dispones de extensa informaci\u00f3n y listas interminables de repertorio libre, creado por Autores, Artistas e Int\u00e9rpretes independientes, que no ceden el derecho de gesti\u00f3n a ninguna entidad privada como SGAE, EGEDA, AISGE, AGEDI, AIE etc.\u2026 Autores, Artistas e Int\u00e9rpretes, muchos de los cuales han decidido cesar su relaci\u00f3n con estas entidades al considerar que no cumpl\u00edan con el cometido supuesto. <strong>\u00a1Son excelentes recaudadoras pero p\u00e9simas repartidoras!<\/strong><\/p>","protected":false},"excerpt":{"rendered":"<p>[Per falta de temps i recursos, la traducci\u00f3 al catal\u00e0 d&#8217;aquesta web no est\u00e0 acabada. Si trobes interessants alguns dels nostres documents i tens temps de traduir-los, ens ho pot enviar (si us plau, reproduint la maquetaci\u00f3). Moltes gr\u00e0cies!] [Atenci\u00f3. Tots aquests recursos, els de la secci\u00f3 Recursos de Cultura Lliure estan desactualitzats des de [&hellip;]<\/p>\n","protected":false},"author":5,"featured_media":0,"parent":43,"menu_order":0,"comment_status":"open","ping_status":"closed","template":"","meta":{"footnotes":""},"class_list":["post-104","page","type-page","status-publish","hentry"],"yoast_head":"<!-- This site is optimized with the Yoast SEO plugin v26.7 - https:\/\/yoast.com\/wordpress\/plugins\/seo\/ -->\n<title>No dejes que un inspector de SGAE te informe mal. \u00a1Inf\u00f3rmale t\u00fa! -<\/title>\n<meta name=\"robots\" content=\"index, follow, max-snippet:-1, max-image-preview:large, max-video-preview:-1\" \/>\n<link rel=\"canonical\" href=\"https:\/\/xnet-x.net\/ca\/herramientas\/documentos\/no-dejes-que-un-inspector-de-sgae-te-informe-mal-informale-tu\/\" \/>\n<meta name=\"twitter:label1\" content=\"Est. reading time\" \/>\n\t<meta name=\"twitter:data1\" content=\"8 minutes\" \/>\n<script type=\"application\/ld+json\" class=\"yoast-schema-graph\">{\"@context\":\"https:\/\/schema.org\",\"@graph\":[{\"@type\":\"WebPage\",\"@id\":\"https:\/\/xnet-x.net\/ca\/herramientas\/documentos\/no-dejes-que-un-inspector-de-sgae-te-informe-mal-informale-tu\/\",\"url\":\"https:\/\/xnet-x.net\/ca\/herramientas\/documentos\/no-dejes-que-un-inspector-de-sgae-te-informe-mal-informale-tu\/\",\"name\":\"No dejes que un inspector de SGAE te informe mal. \u00a1Inf\u00f3rmale t\u00fa! -\",\"isPartOf\":{\"@id\":\"https:\/\/xnet-x.net\/ca\/#website\"},\"datePublished\":\"2008-05-11T20:07:52+00:00\",\"dateModified\":\"2021-08-17T10:08:42+00:00\",\"breadcrumb\":{\"@id\":\"https:\/\/xnet-x.net\/ca\/herramientas\/documentos\/no-dejes-que-un-inspector-de-sgae-te-informe-mal-informale-tu\/#breadcrumb\"},\"inLanguage\":\"ca-ES\",\"potentialAction\":[{\"@type\":\"ReadAction\",\"target\":[[\"https:\/\/xnet-x.net\/ca\/herramientas\/documentos\/no-dejes-que-un-inspector-de-sgae-te-informe-mal-informale-tu\/\"]]}]},{\"@type\":\"BreadcrumbList\",\"@id\":\"https:\/\/xnet-x.net\/ca\/herramientas\/documentos\/no-dejes-que-un-inspector-de-sgae-te-informe-mal-informale-tu\/#breadcrumb\",\"itemListElement\":[{\"@type\":\"ListItem\",\"position\":1,\"name\":\"Portada\",\"item\":\"https:\/\/xnet-x.net\/ca\/\"},{\"@type\":\"ListItem\",\"position\":2,\"name\":\"(Es) Herramientas\",\"item\":\"https:\/\/xnet-x.net\/ca\/herramientas\/\"},{\"@type\":\"ListItem\",\"position\":3,\"name\":\"(Es) \u00cdndice documentos\",\"item\":\"https:\/\/xnet-x.net\/ca\/herramientas\/documentos\/\"},{\"@type\":\"ListItem\",\"position\":4,\"name\":\"No dejes que un inspector de SGAE te informe mal. \u00a1Inf\u00f3rmale t\u00fa!\"}]},{\"@type\":\"WebSite\",\"@id\":\"https:\/\/xnet-x.net\/ca\/#website\",\"url\":\"https:\/\/xnet-x.net\/ca\/\",\"name\":\"[:es]Xnet - Internet, derechos y democracia en la era digital[:ca]Xnet - Internet, drets i democr\u00e0cia en l'era digital[:en]Xnet - Internet freedoms & digital rights[:]\",\"description\":\"Xnet: Internet, informaci\u00f3 i cultura lliures. Tecnopol\u00edtica. Dades, algoritmes i drets digitals. Llibertat d&#039;expressi\u00f3. Democr\u00e0cia i anticorrupci\u00f3\",\"publisher\":{\"@id\":\"https:\/\/xnet-x.net\/ca\/#organization\"},\"potentialAction\":[{\"@type\":\"SearchAction\",\"target\":{\"@type\":\"EntryPoint\",\"urlTemplate\":\"https:\/\/xnet-x.net\/ca\/?s={search_term_string}\"},\"query-input\":{\"@type\":\"PropertyValueSpecification\",\"valueRequired\":true,\"valueName\":\"search_term_string\"}}],\"inLanguage\":\"ca-ES\"},{\"@type\":\"Organization\",\"@id\":\"https:\/\/xnet-x.net\/ca\/#organization\",\"name\":\"Xnet - Internet, drets i democr\u00e0cia en l'era digital\",\"url\":\"https:\/\/xnet-x.net\/ca\/\",\"logo\":{\"@type\":\"ImageObject\",\"inLanguage\":\"ca-ES\",\"@id\":\"https:\/\/xnet-x.net\/ca\/#\/schema\/logo\/image\/\",\"url\":\"https:\/\/xnet-x.net\/img\/xnet-logo.png\",\"contentUrl\":\"https:\/\/xnet-x.net\/img\/xnet-logo.png\",\"width\":512,\"height\":512,\"caption\":\"Xnet - Internet, drets i democr\u00e0cia en l'era digital\"},\"image\":{\"@id\":\"https:\/\/xnet-x.net\/ca\/#\/schema\/logo\/image\/\"},\"sameAs\":[\"http:\/\/facebook.com\/RedX.Net\/\",\"https:\/\/x.com\/x_net_\",\"https:\/\/es.wikipedia.org\/wiki\/Xnet\"]}]}<\/script>\n<!-- \/ Yoast SEO plugin. -->","yoast_head_json":{"title":"No dejes que un inspector de SGAE te informe mal. \u00a1Inf\u00f3rmale t\u00fa! -","robots":{"index":"index","follow":"follow","max-snippet":"max-snippet:-1","max-image-preview":"max-image-preview:large","max-video-preview":"max-video-preview:-1"},"canonical":"https:\/\/xnet-x.net\/ca\/herramientas\/documentos\/no-dejes-que-un-inspector-de-sgae-te-informe-mal-informale-tu\/","twitter_misc":{"Est. reading time":"8 minutes"},"schema":{"@context":"https:\/\/schema.org","@graph":[{"@type":"WebPage","@id":"https:\/\/xnet-x.net\/ca\/herramientas\/documentos\/no-dejes-que-un-inspector-de-sgae-te-informe-mal-informale-tu\/","url":"https:\/\/xnet-x.net\/ca\/herramientas\/documentos\/no-dejes-que-un-inspector-de-sgae-te-informe-mal-informale-tu\/","name":"No dejes que un inspector de SGAE te informe mal. \u00a1Inf\u00f3rmale t\u00fa! -","isPartOf":{"@id":"https:\/\/xnet-x.net\/ca\/#website"},"datePublished":"2008-05-11T20:07:52+00:00","dateModified":"2021-08-17T10:08:42+00:00","breadcrumb":{"@id":"https:\/\/xnet-x.net\/ca\/herramientas\/documentos\/no-dejes-que-un-inspector-de-sgae-te-informe-mal-informale-tu\/#breadcrumb"},"inLanguage":"ca-ES","potentialAction":[{"@type":"ReadAction","target":[["https:\/\/xnet-x.net\/ca\/herramientas\/documentos\/no-dejes-que-un-inspector-de-sgae-te-informe-mal-informale-tu\/"]]}]},{"@type":"BreadcrumbList","@id":"https:\/\/xnet-x.net\/ca\/herramientas\/documentos\/no-dejes-que-un-inspector-de-sgae-te-informe-mal-informale-tu\/#breadcrumb","itemListElement":[{"@type":"ListItem","position":1,"name":"Portada","item":"https:\/\/xnet-x.net\/ca\/"},{"@type":"ListItem","position":2,"name":"(Es) Herramientas","item":"https:\/\/xnet-x.net\/ca\/herramientas\/"},{"@type":"ListItem","position":3,"name":"(Es) \u00cdndice documentos","item":"https:\/\/xnet-x.net\/ca\/herramientas\/documentos\/"},{"@type":"ListItem","position":4,"name":"No dejes que un inspector de SGAE te informe mal. \u00a1Inf\u00f3rmale t\u00fa!"}]},{"@type":"WebSite","@id":"https:\/\/xnet-x.net\/ca\/#website","url":"https:\/\/xnet-x.net\/ca\/","name":"[:es]Xnet - Internet, derechos y democracia en la era digital[:ca]Xnet - Internet, drets i democr\u00e0cia en l'era digital[:en]Xnet - Internet freedoms & digital rights[:]","description":"Xnet: Internet, informaci\u00f3 i cultura lliures. Tecnopol\u00edtica. Dades, algoritmes i drets digitals. Llibertat d&#039;expressi\u00f3. Democr\u00e0cia i anticorrupci\u00f3","publisher":{"@id":"https:\/\/xnet-x.net\/ca\/#organization"},"potentialAction":[{"@type":"SearchAction","target":{"@type":"EntryPoint","urlTemplate":"https:\/\/xnet-x.net\/ca\/?s={search_term_string}"},"query-input":{"@type":"PropertyValueSpecification","valueRequired":true,"valueName":"search_term_string"}}],"inLanguage":"ca-ES"},{"@type":"Organization","@id":"https:\/\/xnet-x.net\/ca\/#organization","name":"Xnet - Internet, drets i democr\u00e0cia en l'era digital","url":"https:\/\/xnet-x.net\/ca\/","logo":{"@type":"ImageObject","inLanguage":"ca-ES","@id":"https:\/\/xnet-x.net\/ca\/#\/schema\/logo\/image\/","url":"https:\/\/xnet-x.net\/img\/xnet-logo.png","contentUrl":"https:\/\/xnet-x.net\/img\/xnet-logo.png","width":512,"height":512,"caption":"Xnet - Internet, drets i democr\u00e0cia en l'era digital"},"image":{"@id":"https:\/\/xnet-x.net\/ca\/#\/schema\/logo\/image\/"},"sameAs":["http:\/\/facebook.com\/RedX.Net\/","https:\/\/x.com\/x_net_","https:\/\/es.wikipedia.org\/wiki\/Xnet"]}]}},"_links":{"self":[{"href":"https:\/\/xnet-x.net\/ca\/wp-json\/wp\/v2\/pages\/104","targetHints":{"allow":["GET"]}}],"collection":[{"href":"https:\/\/xnet-x.net\/ca\/wp-json\/wp\/v2\/pages"}],"about":[{"href":"https:\/\/xnet-x.net\/ca\/wp-json\/wp\/v2\/types\/page"}],"author":[{"embeddable":true,"href":"https:\/\/xnet-x.net\/ca\/wp-json\/wp\/v2\/users\/5"}],"replies":[{"embeddable":true,"href":"https:\/\/xnet-x.net\/ca\/wp-json\/wp\/v2\/comments?post=104"}],"version-history":[{"count":4,"href":"https:\/\/xnet-x.net\/ca\/wp-json\/wp\/v2\/pages\/104\/revisions"}],"predecessor-version":[{"id":22792,"href":"https:\/\/xnet-x.net\/ca\/wp-json\/wp\/v2\/pages\/104\/revisions\/22792"}],"up":[{"embeddable":true,"href":"https:\/\/xnet-x.net\/ca\/wp-json\/wp\/v2\/pages\/43"}],"wp:attachment":[{"href":"https:\/\/xnet-x.net\/ca\/wp-json\/wp\/v2\/media?parent=104"}],"curies":[{"name":"wp","href":"https:\/\/api.w.org\/{rel}","templated":true}]}}